{"id":2295,"date":"2016-06-05T14:20:46","date_gmt":"2016-06-05T14:20:46","guid":{"rendered":"https:\/\/www.zapptales.com\/de\/?page_id=2295"},"modified":"2021-12-03T09:31:03","modified_gmt":"2021-12-03T08:31:03","slug":"newsletter","status":"publish","type":"page","link":"https:\/\/www.zapptales.com\/de\/newsletter\/","title":{"rendered":"zapptales Newsletter"},"content":{"rendered":"<div id='full_slider_1'  class='avia-fullwidth-slider main_color avia-shadow   avia-builder-el-0  el_before_av_slideshow_full  avia-builder-el-first  wbq_hide_on_mobile wbq_but_show_on_tablet  container_wrap sidebar_right' style=' '  ><div   data-size='featured'  data-lightbox_size='large'  data-animation='slide'  data-conditional_play=''  data-ids='24328'  data-video_counter='0'  data-autoplay='false'  data-bg_slider='false'  data-slide_height=''  data-handle='av_slideshow_full'  data-interval='5'  data-class=' '  data-el_id=''  data-css_id=''  data-scroll_down=''  data-control_layout='av-control-default'  data-custom_markup=''  data-perma_caption=''  data-autoplay_stopper=''  data-image_attachment=''  data-min_height='0px'  data-src=''  data-position='top left'  data-repeat='no-repeat'  data-attach='scroll'  data-stretch=''  data-default-height='28.666666666667'  class='avia-slideshow avia-slideshow-1  av-control-default av-default-height-applied avia-slideshow-featured av_slideshow_full   avia-slide-slider '  itemprop=\"image\" itemscope=\"itemscope\" itemtype=\"https:\/\/schema.org\/ImageObject\" ><ul class='avia-slideshow-inner ' style='padding-bottom: 28.666666666667%;' ><li  class=' av-single-slide slide-1 ' ><div data-rel='slideshow-1' class='avia-slide-wrap '   ><img src='https:\/\/www.zapptales.com\/wp-content\/uploads\/2016\/06\/Dein-zapptales-Newsletter-Desktop-1500x430.jpg' width='1500' height='430' title='Dein zapptales Newsletter Desktop' alt=''  itemprop=\"thumbnailUrl\"   \/><\/div><\/li><\/ul><\/div><\/div>\n<div id='full_slider_2'  class='avia-fullwidth-slider main_color avia-shadow   avia-builder-el-1  el_after_av_slideshow_full  el_before_av_section  wbq_hide_on_desktop  slider-not-first container_wrap sidebar_right' style=' '  ><div   data-size='featured'  data-lightbox_size='large'  data-animation='slide'  data-conditional_play=''  data-ids='24333'  data-video_counter='0'  data-autoplay='false'  data-bg_slider='false'  data-slide_height=''  data-handle='av_slideshow_full'  data-interval='5'  data-class=' '  data-el_id=''  data-css_id=''  data-scroll_down=''  data-control_layout='av-control-default'  data-custom_markup=''  data-perma_caption=''  data-autoplay_stopper=''  data-image_attachment=''  data-min_height='0px'  data-src=''  data-position='top left'  data-repeat='no-repeat'  data-attach='scroll'  data-stretch=''  data-default-height='28.666666666667'  class='avia-slideshow avia-slideshow-2  av-control-default av-default-height-applied avia-slideshow-featured av_slideshow_full   avia-slide-slider '  itemprop=\"image\" itemscope=\"itemscope\" itemtype=\"https:\/\/schema.org\/ImageObject\" ><ul class='avia-slideshow-inner ' style='padding-bottom: 71.666666666667%;' ><li  class=' av-single-slide slide-1 ' ><div data-rel='slideshow-2' class='avia-slide-wrap '   ><img src='https:\/\/www.zapptales.com\/wp-content\/uploads\/2016\/06\/Dein-zapptales-Newsletter-Mobile-600x430.jpg' width='600' height='430' title='Dein zapptales Newsletter Mobile' alt=''  itemprop=\"thumbnailUrl\"   \/><\/div><\/li><\/ul><\/div><\/div>\n<div id='av_section_1'  class='avia-section main_color avia-section-large avia-no-border-styling avia-bg-style-scroll  avia-builder-el-2  el_after_av_slideshow_full  avia-builder-el-last   container_wrap sidebar_right' style=' '  ><div class='container' ><div class='template-page content  av-content-small alpha units'><div class='post-entry post-entry-type-page post-entry-2295'><div class='entry-content-wrapper clearfix'>\n<div class=\"flex_column av_one_full  flex_column_div av-zero-column-padding first  avia-builder-el-3  el_before_av_one_half  avia-builder-el-first  \" style='border-radius:0px; '><p><div  style='padding-bottom:10px; ' class='av-special-heading av-special-heading-h1  blockquote modern-quote  avia-builder-el-4  el_before_av_textblock  avia-builder-el-first  '><h1 class='av-special-heading-tag '  itemprop=\"headline\"  >Dein zapptales Newsletter: Inspirationen, Neuigkeiten und Gewinnspiele<\/h1><div class='special-heading-border'><div class='special-heading-inner-border' ><\/div><\/div><\/div><br \/>\n<section class=\"av_textblock_section \"  itemscope=\"itemscope\" itemtype=\"https:\/\/schema.org\/CreativeWork\" ><div class='avia_textblock  '   itemprop=\"text\" ><p>Melde dich jetzt zum zapptales Newsletter an und sichere dir viele Vorteile:<\/p>\n<\/div><\/section><\/p><\/div><div class=\"flex_column av_one_half  flex_column_div av-zero-column-padding first  avia-builder-el-6  el_after_av_one_full  el_before_av_one_half  wbq_hide_on_mobile wbq_but_show_on_tablet column-top-margin\" style='border-radius:0px; '><div  class='avia-icon-list-container   avia-builder-el-7  avia-builder-el-no-sibling '><ul class='avia-icon-list avia-icon-list-left av-iconlist-small avia_animate_when_almost_visible avia-iconlist-animate'>\n<li><div  style='border:1px solid #9b9b9b; color:#199600; ' class='iconlist_icon  avia-font-entypo-fontello'><span class='iconlist-char ' aria-hidden='true' data-av_icon='\ue812' data-av_iconfont='entypo-fontello'><\/span><\/div><article class=\"article-icon-entry av-iconlist-empty\"  itemscope=\"itemscope\" itemtype=\"https:\/\/schema.org\/CreativeWork\" ><div class='iconlist_content_wrap'><header class=\"entry-content-header\"><div class='av_iconlist_title iconlist_title_small  av_inherit_color '  itemprop=\"headline\"   style='color:#780091; '>5\u20ac Sofortrabatt auf die erste Bestellung bei zapptales ab einem Bestellwert von 40\u20ac <\/div><\/header><div class='iconlist_content  '  itemprop=\"text\"  ><\/div><\/div><footer class=\"entry-footer\"><\/footer><\/article><div class='iconlist-timeline'><\/div><\/li>\n<li><div  style='border:1px solid #9b9b9b; color:#199600; ' class='iconlist_icon  avia-font-entypo-fontello'><span class='iconlist-char ' aria-hidden='true' data-av_icon='\ue812' data-av_iconfont='entypo-fontello'><\/span><\/div><article class=\"article-icon-entry av-iconlist-empty\"  itemscope=\"itemscope\" itemtype=\"https:\/\/schema.org\/CreativeWork\" ><div class='iconlist_content_wrap'><header class=\"entry-content-header\"><div class='av_iconlist_title iconlist_title_small  av_inherit_color '  itemprop=\"headline\"   style='color:#780091; '>Inspirationen rund um die Gestaltung deines zapptales Buches<\/div><\/header><div class='iconlist_content  '  itemprop=\"text\"  ><\/div><\/div><footer class=\"entry-footer\"><\/footer><\/article><div class='iconlist-timeline'><\/div><\/li>\n<\/ul><\/div><\/div><div class=\"flex_column av_one_half  flex_column_div av-zero-column-padding   avia-builder-el-8  el_after_av_one_half  el_before_av_one_full  wbq_hide_on_mobile wbq_but_show_on_tablet column-top-margin\" style='border-radius:0px; '><div  class='avia-icon-list-container   avia-builder-el-9  avia-builder-el-no-sibling '><ul class='avia-icon-list avia-icon-list-left av-iconlist-small avia_animate_when_almost_visible avia-iconlist-animate'>\n<li><div  style='border:1px solid #9b9b9b; color:#199600; ' class='iconlist_icon  avia-font-entypo-fontello'><span class='iconlist-char ' aria-hidden='true' data-av_icon='\ue812' data-av_iconfont='entypo-fontello'><\/span><\/div><article class=\"article-icon-entry av-iconlist-empty\"  itemscope=\"itemscope\" itemtype=\"https:\/\/schema.org\/CreativeWork\" ><div class='iconlist_content_wrap'><header class=\"entry-content-header\"><div class='av_iconlist_title iconlist_title_small  av_inherit_color '  itemprop=\"headline\"   style='color:#780091; '>Neuigkeiten rund um zapptales und unsere Chat B\u00fccher <\/div><\/header><div class='iconlist_content  '  itemprop=\"text\"  ><\/div><\/div><footer class=\"entry-footer\"><\/footer><\/article><div class='iconlist-timeline'><\/div><\/li>\n<li><div  style='border:1px solid #9b9b9b; color:#199600; ' class='iconlist_icon  avia-font-entypo-fontello'><span class='iconlist-char ' aria-hidden='true' data-av_icon='\ue812' data-av_iconfont='entypo-fontello'><\/span><\/div><article class=\"article-icon-entry av-iconlist-empty\"  itemscope=\"itemscope\" itemtype=\"https:\/\/schema.org\/CreativeWork\" ><div class='iconlist_content_wrap'><header class=\"entry-content-header\"><div class='av_iconlist_title iconlist_title_small  av_inherit_color '  itemprop=\"headline\"   style='color:#780091; '>Gewinnspiele und Verlosungen<\/div><\/header><div class='iconlist_content  '  itemprop=\"text\"  ><\/div><\/div><footer class=\"entry-footer\"><\/footer><\/article><div class='iconlist-timeline'><\/div><\/li>\n<\/ul><\/div><\/div><div class=\"flex_column av_one_full  flex_column_div av-zero-column-padding first  avia-builder-el-10  el_after_av_one_half  el_before_av_hr  wbq_hide_on_desktop column-top-margin\" style='border-radius:0px; '><div  class='avia-icon-list-container   avia-builder-el-11  avia-builder-el-no-sibling '><ul class='avia-icon-list avia-icon-list-left av-iconlist-small avia_animate_when_almost_visible avia-iconlist-animate'>\n<li><div  style='border:1px solid #9b9b9b; color:#199600; ' class='iconlist_icon  avia-font-entypo-fontello'><span class='iconlist-char ' aria-hidden='true' data-av_icon='\ue812' data-av_iconfont='entypo-fontello'><\/span><\/div><article class=\"article-icon-entry av-iconlist-empty\"  itemscope=\"itemscope\" itemtype=\"https:\/\/schema.org\/CreativeWork\" ><div class='iconlist_content_wrap'><header class=\"entry-content-header\"><div class='av_iconlist_title iconlist_title_small  av_inherit_color '  itemprop=\"headline\"   style='color:#780091; '>5\u20ac Sofortrabatt auf die erste Bestellung bei zapptales ab einem Bestellwert von 40\u20ac<\/div><\/header><div class='iconlist_content  '  itemprop=\"text\"  ><\/div><\/div><footer class=\"entry-footer\"><\/footer><\/article><div class='iconlist-timeline'><\/div><\/li>\n<li><div  style='border:1px solid #9b9b9b; color:#199600; ' class='iconlist_icon  avia-font-entypo-fontello'><span class='iconlist-char ' aria-hidden='true' data-av_icon='\ue812' data-av_iconfont='entypo-fontello'><\/span><\/div><article class=\"article-icon-entry av-iconlist-empty\"  itemscope=\"itemscope\" itemtype=\"https:\/\/schema.org\/CreativeWork\" ><div class='iconlist_content_wrap'><header class=\"entry-content-header\"><div class='av_iconlist_title iconlist_title_small  av_inherit_color '  itemprop=\"headline\"   style='color:#780091; '>Inspirationen rund um die Gestaltung deines zapptales Buches<\/div><\/header><div class='iconlist_content  '  itemprop=\"text\"  ><\/div><\/div><footer class=\"entry-footer\"><\/footer><\/article><div class='iconlist-timeline'><\/div><\/li>\n<li><div  style='border:1px solid #9b9b9b; color:#199600; ' class='iconlist_icon  avia-font-entypo-fontello'><span class='iconlist-char ' aria-hidden='true' data-av_icon='\ue812' data-av_iconfont='entypo-fontello'><\/span><\/div><article class=\"article-icon-entry av-iconlist-empty\"  itemscope=\"itemscope\" itemtype=\"https:\/\/schema.org\/CreativeWork\" ><div class='iconlist_content_wrap'><header class=\"entry-content-header\"><div class='av_iconlist_title iconlist_title_small  av_inherit_color '  itemprop=\"headline\"   style='color:#780091; '>Neuigkeiten rund um zapptales und unsere Chat B\u00fccher<\/div><\/header><div class='iconlist_content  '  itemprop=\"text\"  ><\/div><\/div><footer class=\"entry-footer\"><\/footer><\/article><div class='iconlist-timeline'><\/div><\/li>\n<li><div  style='border:1px solid #9b9b9b; color:#199600; ' class='iconlist_icon  avia-font-entypo-fontello'><span class='iconlist-char ' aria-hidden='true' data-av_icon='\ue812' data-av_iconfont='entypo-fontello'><\/span><\/div><article class=\"article-icon-entry av-iconlist-empty\"  itemscope=\"itemscope\" itemtype=\"https:\/\/schema.org\/CreativeWork\" ><div class='iconlist_content_wrap'><header class=\"entry-content-header\"><div class='av_iconlist_title iconlist_title_small  av_inherit_color '  itemprop=\"headline\"   style='color:#780091; '>Gewinnspiele und Verlosungen<\/div><\/header><div class='iconlist_content  '  itemprop=\"text\"  ><\/div><\/div><footer class=\"entry-footer\"><\/footer><\/article><div class='iconlist-timeline'><\/div><\/li>\n<\/ul><\/div><\/div><div  style='height:50px' class='hr hr-invisible   avia-builder-el-12  el_after_av_one_full  el_before_av_mailchimp '><span class='hr-inner ' ><span class='hr-inner-style'><\/span><\/span><\/div>\n<form action=\"https:\/\/www.zapptales.com\/de\/newsletter\/\" method=\"post\"  data-av-custom-send='mailchimp_send' class=\"avia_ajax_form av-form-labels-visible   avia-builder-el-13  el_after_av_hr  el_before_av_hr   avia-mailchimp-form \" data-avia-form-id=\"1\" data-avia-redirect='' ><fieldset><p class=' first_form  form_element form_element_half' id='element_avia_0_1'><label for=\"avia_0_1\">Deine E-Mail Adresse: <abbr class=\"required\" title=\"required\">*<\/abbr><\/label> <input name=\"avia_0_1\" class=\"text_input is_email\" type=\"text\" id=\"avia_0_1\" value=\"\" \/><\/p><p class=' form_element form_element_half' id='element_avia_1_1'><label for=\"avia_1_1\">Dein Vorname: <abbr class=\"required\" title=\"required\">*<\/abbr><\/label> <input name=\"avia_1_1\" class=\"text_input is_empty\" type=\"text\" id=\"avia_1_1\" value=\"\" \/><\/p><p class=\"form_element  first_form  form_element form_element_fourth av-last-visible-form-element modified_width\"><input type=\"hidden\" value=\"1\" name=\"avia_generated_form1\" \/><input type=\"submit\" value=\"Jetzt eintragen\" class=\"button\"  data-sending-label=\"Sending\"\/><\/p><p class=\"hidden\"><input type=\"text\" name=\"avia_avia_username_1\" class=\"hidden \" id=\"avia_avia_username_1\" value=\"\" \/><\/p><\/fieldset><div class=\"avia-disabled-forn\">This contact form is deactivated because you refused to accept Google reCaptcha service which is necessary to validate any messages sent by the form.<\/div><\/form><div id=\"ajaxresponse_1\" class=\"ajaxresponse ajaxresponse_1 hidden\"><\/div>\n<div  style='height:50px' class='hr hr-invisible   avia-builder-el-14  el_after_av_mailchimp  el_before_av_hr '><span class='hr-inner ' ><span class='hr-inner-style'><\/span><\/span><\/div>\n<div   class='hr hr-default   avia-builder-el-15  el_after_av_hr  el_before_av_one_full '><span class='hr-inner ' ><span class='hr-inner-style'><\/span><\/span><\/div>\n<div class=\"flex_column av_one_full  flex_column_div av-zero-column-padding first  avia-builder-el-16  el_after_av_hr  el_before_av_one_half  \" style='border-radius:0px; '><div  style='padding-bottom:10px; ' class='av-special-heading av-special-heading-h4  blockquote modern-quote  avia-builder-el-17  avia-builder-el-no-sibling  '><h4 class='av-special-heading-tag '  itemprop=\"headline\"  >Hinweise zum Inhalt des Newsletters, dem Versandverfahren und Statistiken<\/h4><div class='special-heading-border'><div class='special-heading-inner-border' ><\/div><\/div><\/div><\/div><div class=\"flex_column av_one_half  flex_column_div av-zero-column-padding first  avia-builder-el-18  el_after_av_one_full  el_before_av_one_half  column-top-margin\" style='border-radius:0px; '><section class=\"av_textblock_section \"  itemscope=\"itemscope\" itemtype=\"https:\/\/schema.org\/CreativeWork\" ><div class='avia_textblock  '   itemprop=\"text\" ><p><strong>Mit welchen Inhalten kann ich rechnen?<\/strong><\/p>\n<p>Wir informieren dich \u00fcber Inspirationen rund um die Gestaltung deines zapptales Buches, Neuigkeiten und Informationen rund um zapptales und unsere Chat B\u00fccher sowie \u00fcber Sonderaktionen, Gewinnspiele und Verlosungen.<\/p>\n<p><strong>Wie h\u00e4ufig werden die Newsletter versendet?<\/strong><\/p>\n<p>Der Newsletter wird ca. monatlich versendet. Die Frequenz\u00a0h\u00e4ngt von den Themen und den\u00a0Entwicklungen ab.<\/p>\n<p><strong> Double-Opt-In und Opt-Out<\/strong><\/p>\n<p>Du erh\u00e4ltst eine sog. Double-Opt-In-E-Mail, in der wir dich um die Best\u00e4tigung deiner Anmeldung bitten. Du\u00a0kannst\u00a0dem Empfang unseres Newsletters jederzeit widersprechen (sog. Opt-Out). Einen Abmeldelink findest du in jedem Newsletter oder der Double-Opt-In-E-Mail.<\/p>\n<\/div><\/section><\/div><div class=\"flex_column av_one_half  flex_column_div av-zero-column-padding   avia-builder-el-20  el_after_av_one_half  avia-builder-el-last  column-top-margin\" style='border-radius:0px; '><section class=\"av_textblock_section \"  itemscope=\"itemscope\" itemtype=\"https:\/\/schema.org\/CreativeWork\" ><div class='avia_textblock  '   itemprop=\"text\" ><p><strong>Einsatz von MailChimp<\/strong><\/p>\n<p>Der Versand der Newsletter erfolgt mittels \u201e<a href=\"http:\/\/mailchimp.com\/\">MailChimp<\/a>\u201e bei dem auch die E-Mail-Adressen und weitere Informationen zum Versand und zur Analyse der Newsletter gespeichert werden.<\/p>\n<p><strong>Statistiken und Erfolgsmessung<\/strong><\/p>\n<p>Um den Newsletter f\u00fcr dich zu optimieren, willigst du in unsere Auswertung ein, mit der wir messen, wie h\u00e4ufig der Newsletter ge\u00f6ffnet wird und auf welche Links die Leser klicken.<\/p>\n<p><strong>Datenschutzhinweise<\/strong><\/p>\n<p>Ausf\u00fchrliche Informationen zum Versandverfahren und den Statistiken sowie zu deinen Widerrufsm\u00f6glichkeiten erh\u00e4ltst du in unserer Datenschutzerkl\u00e4rung.<\/p>\n<\/div><\/section><\/div><\/div><\/div><\/div><!-- close content main div --><\/div><\/div><div id='after_section_1'  class='main_color av_default_container_wrap container_wrap sidebar_right' style=' '  ><div class='container' ><div class='template-page content  av-content-small alpha units'><div class='post-entry post-entry-type-page post-entry-2295'><div class='entry-content-wrapper clearfix'>\n","protected":false},"excerpt":{"rendered":"","protected":false},"author":4,"featured_media":0,"parent":0,"menu_order":0,"comment_status":"closed","ping_status":"closed","template":"","meta":[],"_links":{"self":[{"href":"https:\/\/www.zapptales.com\/de\/wp-json\/wp\/v2\/pages\/2295\/"}],"collection":[{"href":"https:\/\/www.zapptales.com\/de\/wp-json\/wp\/v2\/pages\/"}],"about":[{"href":"https:\/\/www.zapptales.com\/de\/wp-json\/wp\/v2\/types\/page\/"}],"author":[{"embeddable":true,"href":"https:\/\/www.zapptales.com\/de\/wp-json\/wp\/v2\/users\/4\/"}],"replies":[{"embeddable":true,"href":"https:\/\/www.zapptales.com\/de\/wp-json\/wp\/v2\/comments\/?post=2295"}],"version-history":[{"count":0,"href":"https:\/\/www.zapptales.com\/de\/wp-json\/wp\/v2\/pages\/2295\/revisions\/"}],"wp:attachment":[{"href":"https:\/\/www.zapptales.com\/de\/wp-json\/wp\/v2\/media\/?parent=2295"}],"curies":[{"name":"wp","href":"https:\/\/api.w.org\/{rel}","templated":true}]}}