{"id":25740,"date":"2018-09-10T16:50:57","date_gmt":"2018-09-10T14:50:57","guid":{"rendered":"https:\/\/www.zapptales.com\/?page_id=25740"},"modified":"2018-11-03T09:05:36","modified_gmt":"2018-11-03T08:05:36","slug":"zu-wenig-speicherplatz","status":"publish","type":"page","link":"https:\/\/www.zapptales.com\/de\/faq-app\/zu-wenig-speicherplatz\/","title":{"rendered":"Zu wenig Speicherplatz"},"content":{"rendered":"<div class=\"flex_column av_one_full  flex_column_div av-zero-column-padding first  avia-builder-el-0  avia-builder-el-no-sibling  \" style='border-radius:0px; '><p><div  style='padding-bottom:10px; ' class='av-special-heading av-special-heading-h3  blockquote modern-quote  avia-builder-el-1  el_before_av_textblock  avia-builder-el-first  '><h3 class='av-special-heading-tag '  itemprop=\"headline\"  >Zu wenig Speicherplatz vorhanden!<\/h3><div class='special-heading-border'><div class='special-heading-inner-border' ><\/div><\/div><\/div><br \/>\n<section class=\"av_textblock_section \"  itemscope=\"itemscope\" itemtype=\"https:\/\/schema.org\/CreativeWork\" ><div class='avia_textblock  '   itemprop=\"text\" ><p>Du hast diese Fehlermeldung erhalten, da du nicht\u00a0ausreichend freien Speicherplatz auf deinem Handy hast um diesen Chat hochzuladen. Das kann leider dazu f\u00fchren, dass die zapptales App abst\u00fcrzt oder der Upload Prozess nicht vorankommt.<\/p>\n<p>In diesen Fall empfehlen wir folgende Ma\u00dfnahmen:<\/p>\n<p>I) <strong>Schlie\u00dfe alle anderen Apps<\/strong> w\u00e4hrend des Uploads (Doppel-Klick auf den Home-Button und alle anderen Apps wegwischen)<\/p>\n<p>II) Gib etwas <strong>Speicherplatz<\/strong> auf deinem Handy frei. Hier sind einige Beispiele daf\u00fcr, wie du Speicherplatz schaffen kannst:<\/p>\n<ol>\n<li><strong>Unn\u00f6tige Apps l\u00f6schen:<\/strong>\u00a0Gehe auf <strong>Einstellungen<\/strong> &gt; <strong>Allgemein <\/strong>&gt;<strong> [Ger\u00e4t] Speicher<\/strong>.<strong>\u00a0<\/strong>Hier\u00a0kannst du pr\u00fcfen, ob es vielleicht Apps gibt, die du l\u00f6schen k\u00f6nntest. Alternativ kannst du diese Apps auch auslagern um sie vor\u00fcbergehend zu l\u00f6schen, ohne die eigene App Daten zu verlieren.<\/li>\n<li><strong>Heruntergeladene Inhalte l\u00f6schen:<\/strong> In der Liste aus dem Punkt 1 siehst du auch, wie viel Speicherplatz jede App braucht. Gibt es eventuell bei Spotify, Netflix, iTunes\u00a0o.\u00e4.\u00a0Inhalte, die heruntergeladen wurden und nicht\u00a0mehr gebraucht werden? Diese Daten k\u00f6nntest du l\u00f6schen und bei Bedarf zu einem sp\u00e4teren Zeitpunkt erneut herunterladen. Im besten Fall kannst du die Inhalte direkt in der jeweiligen App l\u00f6schen.<\/li>\n<li><strong>Mediengalerie:<\/strong> Videos oder Bilder aus der Mediengalerie l\u00f6schen, die nicht mehr ben\u00f6tigt werden.<\/li>\n<\/ol>\n<p>Wichtiger Hinweis: Wenn der Chat-Upload mehrmals versucht wurde, kann es auch passieren, dass Chat-Dateien in der App verblieben sind.\u00a0In diesem Fall empfehlen wir die zapptales App zu l\u00f6schen, wieder zu installieren und es anschlie\u00dfend erneut zu versuchen. So gehst du auch sicher,\u00a0dass alle Chat-Daten in der App komplett gel\u00f6scht werden.<\/p>\n<\/div><\/section><\/p><\/div>\n","protected":false},"excerpt":{"rendered":"","protected":false},"author":5,"featured_media":0,"parent":5265,"menu_order":0,"comment_status":"closed","ping_status":"closed","template":"","meta":[],"_links":{"self":[{"href":"https:\/\/www.zapptales.com\/de\/wp-json\/wp\/v2\/pages\/25740\/"}],"collection":[{"href":"https:\/\/www.zapptales.com\/de\/wp-json\/wp\/v2\/pages\/"}],"about":[{"href":"https:\/\/www.zapptales.com\/de\/wp-json\/wp\/v2\/types\/page\/"}],"author":[{"embeddable":true,"href":"https:\/\/www.zapptales.com\/de\/wp-json\/wp\/v2\/users\/5\/"}],"replies":[{"embeddable":true,"href":"https:\/\/www.zapptales.com\/de\/wp-json\/wp\/v2\/comments\/?post=25740"}],"version-history":[{"count":0,"href":"https:\/\/www.zapptales.com\/de\/wp-json\/wp\/v2\/pages\/25740\/revisions\/"}],"up":[{"embeddable":true,"href":"https:\/\/www.zapptales.com\/de\/wp-json\/wp\/v2\/pages\/5265\/"}],"wp:attachment":[{"href":"https:\/\/www.zapptales.com\/de\/wp-json\/wp\/v2\/media\/?parent=25740"}],"curies":[{"name":"wp","href":"https:\/\/api.w.org\/{rel}","templated":true}]}}