{"id":30914,"date":"2018-11-30T10:45:25","date_gmt":"2018-11-30T09:45:25","guid":{"rendered":"https:\/\/www.zapptales.com\/?page_id=30914"},"modified":"2025-12-12T11:46:22","modified_gmt":"2025-12-12T10:46:22","slug":"bestellfrist-weihnachten-2025","status":"publish","type":"page","link":"https:\/\/www.zapptales.com\/de\/bestellfrist-weihnachten-2025\/","title":{"rendered":"zapptales Bestellfrist f\u00fcr Weihnachten 2025"},"content":{"rendered":"<div  style='padding-bottom:10px; ' class='av-special-heading av-special-heading-h1  blockquote modern-quote  avia-builder-el-0  el_before_av_hr  avia-builder-el-first  '><h1 class='av-special-heading-tag '  itemprop=\"headline\"  >Bestellfrist nicht verpassen: Der Countdown l\u00e4uft<\/h1><div class='special-heading-border'><div class='special-heading-inner-border' ><\/div><\/div><\/div>\n<div  style='height:25px' class='hr hr-invisible   avia-builder-el-1  el_after_av_heading  el_before_av_image '><span class='hr-inner ' ><span class='hr-inner-style'><\/span><\/span><\/div>\n<div  class='avia-image-container  av-styling-    avia-builder-el-2  el_after_av_hr  el_before_av_hr  avia-align-center '  itemprop=\"image\" itemscope=\"itemscope\" itemtype=\"https:\/\/schema.org\/ImageObject\"  ><div class='avia-image-container-inner'><div class='avia-image-overlay-wrap'><img class='avia_image' src='https:\/\/www.zapptales.com\/wp-content\/uploads\/2018\/11\/zapptales-WhatsApp-Chat-Buch.jpg' alt='zapptales Chatbuch Hintergrund Golden Leafs' title='zapptales Chatbuch Hintergrund Golden Leafs' height=\"400\" width=\"600\"  itemprop=\"thumbnailUrl\"  \/><\/div><\/div><\/div>\n<div  style='height:25px' class='hr hr-invisible   avia-builder-el-3  el_after_av_image  el_before_av_textblock '><span class='hr-inner ' ><span class='hr-inner-style'><\/span><\/span><\/div>\n<section class=\"av_textblock_section \"  itemscope=\"itemscope\" itemtype=\"https:\/\/schema.org\/CreativeWork\" ><div class='avia_textblock  '   itemprop=\"text\" ><p>Die letzten Wochen und Monate sind wie im Flug vergangen\u00a0und Weihnachten steht schon wieder vor der T\u00fcr!<\/p>\n<p><strong>Wir erwarten in diesem Jahr eine sehr hohe Auslastung bei unseren Versanddienstleistern! Bitte bestelle m\u00f6glichst fr\u00fchzeitig, um deine Lieferung p\u00fcnktlich zu Weihnachten zu erhalten<\/strong> \ud83d\ude0a. Denn auch dieses Jahr kann es zu Lieferverz\u00f6gerungen durch die ausgelasteten Versanddienstleister kommen.<\/p>\n<p>Bestellungen, die zu diesem Zeitpunkt bei uns eingehen, werden rechtzeitig bei unserem Druckdienstleister in Auftrag gegeben und sollten gem\u00e4\u00df den Erfahrungen aus den letzten Jahren auch rechtzeitig ankommen. Dennoch empfehlen wir grunds\u00e4tzlich, nicht bis auf die letzte Minute zu warten und\u00a0<strong>so fr\u00fch wie m\u00f6glich<\/strong>\u00a0zu bestellen, auch wenn wir zuversichtlich sind, dass alle Bestellungen rechtzeitig geliefert werden.<\/p>\n<\/div><\/section>\n<div  class='avia-table main_color avia-pricing-table-container  avia_pricing_default   avia-builder-el-5  el_after_av_textblock  el_before_av_table  avia-table-1'  itemscope=\"itemscope\" itemtype=\"https:\/\/schema.org\/Table\" ><div class='pricing-table-wrap'><ul class='pricing-table '><li class=''><div class='first-table-item'><b>Deutschland<\/b><\/div><span class='pricing-extra'><\/span><\/li><li class=''><b><span style=\"color: black;\">Standardversand<\/span><\/b><br \/>\n16. Dezember 22:00h<br \/><\/li><\/ul><\/div><\/div>\n<div  class='avia-table main_color avia-pricing-table-container  avia_pricing_default   avia-builder-el-6  el_after_av_table  el_before_av_textblock  avia-table-2'  itemscope=\"itemscope\" itemtype=\"https:\/\/schema.org\/Table\" ><div class='pricing-table-wrap'><ul class='pricing-table '><li class=''><div class='first-table-item'><b>\u00d6sterreich &amp; Schweiz<\/b><\/div><span class='pricing-extra'><\/span><\/li><li class=''><b><span style=\"color: black;\">Standardversand<\/span><\/b><br \/>\n14. Dezember 22:00h<br \/>\n<b><span style=\"color: black;\">Expressversand<\/span><\/b><br \/>\n16. Dezember 22:00h<br \/><\/li><\/ul><\/div><\/div>\n<section class=\"av_textblock_section \"  itemscope=\"itemscope\" itemtype=\"https:\/\/schema.org\/CreativeWork\" ><div class='avia_textblock  '   itemprop=\"text\" ><p>So sollte deine Lieferung noch vor dem Weihnachtsmann ankommen\u00a0\ud83c\udf84<\/p>\n<\/div><\/section>\n<section class=\"av_textblock_section \"  itemscope=\"itemscope\" itemtype=\"https:\/\/schema.org\/CreativeWork\" ><div class='avia_textblock  '   itemprop=\"text\" ><p><strong>Leg\u00b4 jetzt gleich los und gestalte das wohl pers\u00f6nlichste Weihnachtsgeschenk der Welt!<\/strong><\/p>\n<\/div><\/section>\n<section class=\"av_textblock_section \"  itemscope=\"itemscope\" itemtype=\"https:\/\/schema.org\/CreativeWork\" ><div class='avia_textblock  '   itemprop=\"text\" ><p>Viel Spa\u00df beim Verschenken \ud83d\ude0a<br \/>\nDein zapptales Team<\/p>\n<\/div><\/section>\n","protected":false},"excerpt":{"rendered":"","protected":false},"author":19,"featured_media":0,"parent":0,"menu_order":0,"comment_status":"closed","ping_status":"closed","template":"","meta":[],"_links":{"self":[{"href":"https:\/\/www.zapptales.com\/de\/wp-json\/wp\/v2\/pages\/30914\/"}],"collection":[{"href":"https:\/\/www.zapptales.com\/de\/wp-json\/wp\/v2\/pages\/"}],"about":[{"href":"https:\/\/www.zapptales.com\/de\/wp-json\/wp\/v2\/types\/page\/"}],"author":[{"embeddable":true,"href":"https:\/\/www.zapptales.com\/de\/wp-json\/wp\/v2\/users\/19\/"}],"replies":[{"embeddable":true,"href":"https:\/\/www.zapptales.com\/de\/wp-json\/wp\/v2\/comments\/?post=30914"}],"version-history":[{"count":0,"href":"https:\/\/www.zapptales.com\/de\/wp-json\/wp\/v2\/pages\/30914\/revisions\/"}],"wp:attachment":[{"href":"https:\/\/www.zapptales.com\/de\/wp-json\/wp\/v2\/media\/?parent=30914"}],"curies":[{"name":"wp","href":"https:\/\/api.w.org\/{rel}","templated":true}]}}