{"id":31921,"date":"2019-03-08T13:44:53","date_gmt":"2019-03-08T12:44:53","guid":{"rendered":"https:\/\/www.zapptales.com\/?page_id=31921"},"modified":"2022-06-23T10:23:07","modified_gmt":"2022-06-23T08:23:07","slug":"anleitung-bilder-aus-web-whatsapp-in-chat-einfuegen","status":"publish","type":"page","link":"https:\/\/www.zapptales.com\/de\/anleitung-bilder-aus-web-whatsapp-in-chat-einfuegen\/","title":{"rendered":"Anleitung: Wie f\u00fcge ich fehlende Medien aus WebWhatsApp in mein Buch ein"},"content":{"rendered":"<section class=\"av_textblock_section \"  itemscope=\"itemscope\" itemtype=\"https:\/\/schema.org\/CreativeWork\" ><div class='avia_textblock  '   itemprop=\"text\" ><h1>Anleitung: Wie f\u00fcge ich fehlende Medien in mein Buch ein<\/h1>\n<\/div><\/section>\n<div  style='height:25px' class='hr hr-invisible   avia-builder-el-1  el_after_av_textblock  el_before_av_textblock '><span class='hr-inner ' ><span class='hr-inner-style'><\/span><\/span><\/div>\n<section class=\"av_textblock_section \"  itemscope=\"itemscope\" itemtype=\"https:\/\/schema.org\/CreativeWork\" ><div class='avia_textblock  '   itemprop=\"text\" ><p>Manchmal kann es passieren, dass WhatsApp nicht alle Medien aus deinem Chat hochl\u00e4dt. Dies kann folgende Gr\u00fcnde haben:<\/p>\n<ul>\n<li>Du hast ein Android-Handy und einen sehr langen Chat? Leider begrenzt Android die Datenmenge, die exportiert werden kann auf 15Mb (Chat mit Medien) bzw. 40.000 Nachrichten (Chat ohne Medien); dies ist eine Begrenzung von Android, auf die wir keinen Einfluss haben.<\/li>\n<li>Du hast den Chat-Upload mittendrin abgebrochen (in diesem Fall empfehlen wir dir, den Chat erneut hochzuladen)<\/li>\n<li>Du hast nicht mehr alle Medien auf deinem Handy gespeichert (weil du sie vielleicht irgendwann gel\u00f6scht hast)<\/li>\n<\/ul>\n<p>Um deinen Chat zu vervollst\u00e4ndigen, gibt es folgenden L\u00f6sung:<\/p>\n<p><strong>(Bitte beachte, dass du f\u00fcr die n\u00e4chsten Schritte einen Computer ben\u00f6tigst)<\/strong><\/p>\n<\/div><\/section>\n<\/div><\/div><\/div><!-- close content main div --><\/div><\/div><div id='d-option2'  class='avia-section main_color avia-section-default avia-no-border-styling avia-bg-style-scroll  avia-builder-el-3  el_after_av_textblock  el_before_av_textblock   container_wrap sidebar_right' style=' '  ><div class='container' ><div class='template-page content  av-content-small alpha units'><div class='post-entry post-entry-type-page post-entry-31921'><div class='entry-content-wrapper clearfix'>\n<div  style='height:1px; margin-top:-80px'  class='hr hr-invisible   avia-builder-el-4  el_before_av_textblock  avia-builder-el-first  wbq_hide_on_desktop'><span class='hr-inner ' ><span class='hr-inner-style'><\/span><\/span><\/div>\n<section class=\"av_textblock_section \"  itemscope=\"itemscope\" itemtype=\"https:\/\/schema.org\/CreativeWork\" ><div class='avia_textblock  '   itemprop=\"text\" ><h2>Manuelles Herunterladen und Einf\u00fcgen der fehlenden Medien<\/h2>\n<\/div><\/section>\n<div  style='height:25px' class='hr hr-invisible   avia-builder-el-6  el_after_av_textblock  el_before_av_one_half '><span class='hr-inner ' ><span class='hr-inner-style'><\/span><\/span><\/div>\n<div class=\"flex_column av_one_half  flex_column_div av-zero-column-padding first  avia-builder-el-7  el_after_av_hr  el_before_av_one_half  \" style='border-radius:0px; '><section class=\"av_textblock_section \"  itemscope=\"itemscope\" itemtype=\"https:\/\/schema.org\/CreativeWork\" ><div class='avia_textblock  '   itemprop=\"text\" ><h3>1. WebWhatsApp und Chatbearbeitungsseite \u00f6ffnen<\/h3>\n<\/div><\/section><br \/>\n<section class=\"av_textblock_section \"  itemscope=\"itemscope\" itemtype=\"https:\/\/schema.org\/CreativeWork\" ><div class='avia_textblock  '   itemprop=\"text\" ><p>\u00d6ffne zun\u00e4chst in zwei unterschiedlichen Fenstern die Chat-Bearbeitungsseite und\u00a0WebWhatsApp <u><a href=\"https:\/\/web.whatsapp.com\/\" target=\"_blank\" rel=\"noopener\">https:\/\/web.whatsapp.com\/<\/a><\/u><\/p>\n<\/div><\/section><\/p><\/div><div class=\"flex_column av_one_half  flex_column_div av-zero-column-padding   avia-builder-el-10  el_after_av_one_half  el_before_av_hr  \" style='border-radius:0px; '><div  class='avia-image-container  av-styling-    avia-builder-el-11  avia-builder-el-no-sibling  avia-align-center '  itemprop=\"image\" itemscope=\"itemscope\" itemtype=\"https:\/\/schema.org\/ImageObject\"  ><div class='avia-image-container-inner'><div class='avia-image-overlay-wrap'><img class='avia_image' src='https:\/\/www.zapptales.com\/wp-content\/uploads\/2019\/02\/Screenshot-WAWebTutorial-min.jpg' alt='Screenshot von der WebWhatsApp Desktopseite' title='Screenshot von der WebWhatsApp Desktopseite' height=\"536\" width=\"1000\"  itemprop=\"thumbnailUrl\"  \/><\/div><\/div><\/div><\/div><div   class='hr hr-default   avia-builder-el-12  el_after_av_one_half  el_before_av_one_full '><span class='hr-inner ' ><span class='hr-inner-style'><\/span><\/span><\/div>\n<div class=\"flex_column av_one_full  flex_column_div av-zero-column-padding first  avia-builder-el-13  el_after_av_hr  el_before_av_hr  \" style='border-radius:0px; '><section class=\"av_textblock_section \"  itemscope=\"itemscope\" itemtype=\"https:\/\/schema.org\/CreativeWork\" ><div class='avia_textblock  '   itemprop=\"text\" ><h3>2. Logge dich bei WebWhatsApp ein<\/h3>\n<\/div><\/section><br \/>\n<section class=\"av_textblock_section \"  itemscope=\"itemscope\" itemtype=\"https:\/\/schema.org\/CreativeWork\" ><div class='avia_textblock  '   itemprop=\"text\" ><p>Um dich einzuloggen gehe bitte wie folgt vor:<\/p>\n<ol>\n<li>\u00d6ffne WhatsApp auf deinem Smartphone.<\/li>\n<li>Klicke hier auf die 3 Punkte oben rechts.<\/li>\n<li>W\u00e4hle dann WebWhatsapp und scanne den QR-Code auf\u00a0<u><a href=\"https:\/\/web.whatsapp.com\/\" target=\"_blank\" rel=\"noopener\">https:\/\/web.whatsapp.com\/<\/a><\/u>\u00a0um dich bei WebWhatsApp einzuloggen.<\/li>\n<\/ol>\n<\/div><\/section><\/p><\/div><div   class='hr hr-default   avia-builder-el-16  el_after_av_one_full  el_before_av_one_full '><span class='hr-inner ' ><span class='hr-inner-style'><\/span><\/span><\/div>\n<div class=\"flex_column av_one_full  flex_column_div av-zero-column-padding first  avia-builder-el-17  el_after_av_hr  el_before_av_hr  \" style='border-radius:0px; '><section class=\"av_textblock_section \"  itemscope=\"itemscope\" itemtype=\"https:\/\/schema.org\/CreativeWork\" ><div class='avia_textblock  '   itemprop=\"text\" ><h3>3.1 Bilder herunterladen und bei zapptales einf\u00fcgen<\/h3>\n<\/div><\/section><br \/>\n<section class=\"av_textblock_section \"  itemscope=\"itemscope\" itemtype=\"https:\/\/schema.org\/CreativeWork\" ><div class='avia_textblock  '   itemprop=\"text\" ><ol>\n<li>Gehe in WebWhatsApp zu der Stelle, an der das fehlende Bild verschickt wurde<br \/>\n&#8211;&gt; Das geht am besten, indem du mit der Suchfunktion nach einer Nachricht in der N\u00e4he des fehlenden Bilds suchst.<\/li>\n<li>Klicke im jeweiligen Bild auf den Pfeil, der nach unten zeigt und w\u00e4hle \u201eDownload\u201c.<br \/>\n&#8211;&gt; Falls das Bild noch nicht geladen war muss du zuerst auf den gro\u00dfen Pfeil klicken, der auf dem Bild ist.<\/li>\n<li>Das Bild erscheint nun in der unteren Leiste als heruntergeladene Datei.<\/li>\n<li>Gehe zur\u00fcck zu deiner Chat-Bearbeitungsseite.<\/li>\n<li>Ziehe das heruntergeladene Bild nun einfach mit der Maus in den entsprechenden Platzhalter.<\/li>\n<li>Super! Du hast ein Bild bei zapptales hochgeladen. Wiederhole diesen Schritt nun so oft, bis du alle gew\u00fcnschten Bilder hochgeladen hast \ud83d\ude0a<\/li>\n<\/ol>\n<ul>\n<li style=\"list-style-type: none;\"><\/li>\n<\/ul>\n<\/div><\/section><\/p><\/div><div   class='hr hr-default   avia-builder-el-20  el_after_av_one_full  el_before_av_one_full '><span class='hr-inner ' ><span class='hr-inner-style'><\/span><\/span><\/div>\n<div class=\"flex_column av_one_full  flex_column_div av-zero-column-padding first  avia-builder-el-21  el_after_av_hr  avia-builder-el-last  \" style='border-radius:0px; '><section class=\"av_textblock_section \"  itemscope=\"itemscope\" itemtype=\"https:\/\/schema.org\/CreativeWork\" ><div class='avia_textblock  '   itemprop=\"text\" ><h3>3.2\u00a0Sprachnachrichten und Videos herunterladen bei zapptales einf\u00fcgen<\/h3>\n<\/div><\/section><br \/>\n<section class=\"av_textblock_section \"  itemscope=\"itemscope\" itemtype=\"https:\/\/schema.org\/CreativeWork\" ><div class='avia_textblock  '   itemprop=\"text\" ><ol>\n<li>Gehe in WebWhatsApp zu der Stelle, an der das fehlende Video bzw. die fehlende Sprachnachricht verschickt wurde.<br \/>\n&#8211;&gt; Falls das Video bzw. die Sprachnachricht noch nicht geladen ist, musst du zuerst auf den Pfeil klicken, der auf der Datei erscheint.<\/li>\n<li>Klicke danach beim jeweiligen Video bzw. der jeweiligen Sprachnachricht auf das Pfeilsymbol, das nach unten zeigt und w\u00e4hle \u201eDownload\u201c.<\/li>\n<li>Gehe zu deiner Chat-Bearbeitungsseite, klicke im Platzhalter auf \u201eDatei hochladen\u201c und w\u00e4hle das Video bzw. die Sprachnachricht aus. Im Normalfall findest die Dateien in deinem \u201eDownloads\u201c Ordner.<\/li>\n<li>Super! Du hast die Sprachnachricht bzw. das Video bei zapptales hochgeladen. Wiederhole diesen Schritt nun so oft, bis du alle gew\u00fcnschten Medien hochgeladen hast \ud83d\ude0a<\/li>\n<\/ol>\n<\/div><\/section><\/p><\/div>\n<\/div><\/div><\/div><!-- close content main div --><\/div><\/div><div id='after_section_1'  class='main_color av_default_container_wrap container_wrap sidebar_right' style=' '  ><div class='container' ><div class='template-page content  av-content-small alpha units'><div class='post-entry post-entry-type-page post-entry-31921'><div class='entry-content-wrapper clearfix'>\n<section class=\"av_textblock_section \"  itemscope=\"itemscope\" itemtype=\"https:\/\/schema.org\/CreativeWork\" ><div class='avia_textblock  '   itemprop=\"text\" ><h3>Du hast etwas in dieser Anleitung nicht verstanden oder hast noch weitere Fragen rund um zapptales?<br \/>\nDann melde dich bei uns und wir nehmen umgehend Kontakt mit dir auf!<\/h3>\n<\/div><\/section>\n<div class=\"flex_column av_one_half  flex_column_div av-zero-column-padding first  avia-builder-el-25  el_after_av_textblock  el_before_av_one_half  column-top-margin\" style='border-radius:0px; '><p><div  class='avia-image-container  av-styling-    avia-builder-el-26  el_before_av_textblock  avia-builder-el-first  avia-align-center '  itemprop=\"image\" itemscope=\"itemscope\" itemtype=\"https:\/\/schema.org\/ImageObject\"  ><div class='avia-image-container-inner'><div class='avia-image-overlay-wrap'><img class='avia_image' src='https:\/\/www.zapptales.com\/wp-content\/uploads\/2018\/04\/2709.png' alt='E-Mail' title='E-Mail' height=\"128\" width=\"128\"  itemprop=\"thumbnailUrl\"  \/><\/div><\/div><\/div><br \/>\n<section class=\"av_textblock_section \"  itemscope=\"itemscope\" itemtype=\"https:\/\/schema.org\/CreativeWork\" ><div class='avia_textblock  '   itemprop=\"text\" ><p style=\"text-align: center;\"><strong>E-Mail<\/strong><\/p>\n<p style=\"text-align: center;\"><a href=\"mailto:support@zapptales.com\">support@zapptales.com<\/a><\/p>\n<p style=\"text-align: center;\">T\u00e4glich von 9 Uhr bis 21 Uhr<\/p>\n<\/div><\/section><\/p><\/div>\n<div class=\"flex_column av_one_half  flex_column_div av-zero-column-padding   avia-builder-el-28  el_after_av_one_half  avia-builder-el-last  column-top-margin\" style='border-radius:0px; '><p><div  class='avia-image-container  av-styling-    avia-builder-el-29  el_before_av_textblock  avia-builder-el-first  avia-align-center '  itemprop=\"image\" itemscope=\"itemscope\" itemtype=\"https:\/\/schema.org\/ImageObject\"  ><div class='avia-image-container-inner'><div class='avia-image-overlay-wrap'><a href='https:\/\/www.facebook.com\/msg\/zapptales\/' class='avia_image'  ><img class='avia_image ' src='https:\/\/www.zapptales.com\/wp-content\/uploads\/2019\/06\/Facebook-Messenger.png' alt='Facebook Messenger' title='Facebook Messenger'  itemprop=\"thumbnailUrl\"  \/><\/a><\/div><\/div><\/div><br \/>\n<section class=\"av_textblock_section \"  itemscope=\"itemscope\" itemtype=\"https:\/\/schema.org\/CreativeWork\" ><div class='avia_textblock  '   itemprop=\"text\" ><p style=\"text-align: center;\"><strong>Facebook Messenger<\/strong><\/p>\n<p style=\"text-align: center;\">Klicke oben auf das<br \/>\nFacebook Messenger Logo<\/p>\n<p style=\"text-align: center;\">T\u00e4glich von 9 Uhr bis 21 Uhr<\/p>\n<\/div><\/section><\/p><\/div>\n","protected":false},"excerpt":{"rendered":"","protected":false},"author":19,"featured_media":0,"parent":0,"menu_order":0,"comment_status":"closed","ping_status":"closed","template":"","meta":[],"_links":{"self":[{"href":"https:\/\/www.zapptales.com\/de\/wp-json\/wp\/v2\/pages\/31921\/"}],"collection":[{"href":"https:\/\/www.zapptales.com\/de\/wp-json\/wp\/v2\/pages\/"}],"about":[{"href":"https:\/\/www.zapptales.com\/de\/wp-json\/wp\/v2\/types\/page\/"}],"author":[{"embeddable":true,"href":"https:\/\/www.zapptales.com\/de\/wp-json\/wp\/v2\/users\/19\/"}],"replies":[{"embeddable":true,"href":"https:\/\/www.zapptales.com\/de\/wp-json\/wp\/v2\/comments\/?post=31921"}],"version-history":[{"count":0,"href":"https:\/\/www.zapptales.com\/de\/wp-json\/wp\/v2\/pages\/31921\/revisions\/"}],"wp:attachment":[{"href":"https:\/\/www.zapptales.com\/de\/wp-json\/wp\/v2\/media\/?parent=31921"}],"curies":[{"name":"wp","href":"https:\/\/api.w.org\/{rel}","templated":true}]}}