{"id":34841,"date":"2019-06-14T11:31:05","date_gmt":"2019-06-14T09:31:05","guid":{"rendered":"https:\/\/www.zapptales.com\/?page_id=34841"},"modified":"2020-07-09T10:04:13","modified_gmt":"2020-07-09T08:04:13","slug":"fragen-zu-den-preisen-und-der-bezahlung-app","status":"publish","type":"page","link":"https:\/\/www.zapptales.com\/de\/fragen-zu-den-preisen-und-der-bezahlung-app\/","title":{"rendered":"Fragen zu den Preisen und der Bezahlung &#8211; App"},"content":{"rendered":"<div id='full_slider_1'  class='avia-fullwidth-slider main_color avia-shadow   avia-builder-el-0  el_before_av_one_full  avia-builder-el-first  wbq_hide_on_mobile  container_wrap sidebar_right' style=' '  ><div   data-size='featured'  data-lightbox_size='large'  data-animation='slide'  data-conditional_play=''  data-ids='34071'  data-video_counter='0'  data-autoplay='false'  data-bg_slider='false'  data-slide_height=''  data-handle='av_slideshow_full'  data-interval='5'  data-class=' '  data-el_id=''  data-css_id=''  data-scroll_down=''  data-control_layout='av-control-default'  data-custom_markup=''  data-perma_caption=''  data-autoplay_stopper=''  data-image_attachment=''  data-min_height='0px'  data-src=''  data-position='top left'  data-repeat='no-repeat'  data-attach='scroll'  data-stretch=''  data-default-height='28.666666666667'  class='avia-slideshow avia-slideshow-1  av-control-default av-default-height-applied avia-slideshow-featured av_slideshow_full   avia-slide-slider '  itemprop=\"image\" itemscope=\"itemscope\" itemtype=\"https:\/\/schema.org\/ImageObject\" ><ul class='avia-slideshow-inner ' style='padding-bottom: 20%;' ><li  class=' av-single-slide slide-1 ' ><div data-rel='slideshow-1' class='avia-slide-wrap '   ><img src='https:\/\/www.zapptales.com\/wp-content\/uploads\/2019\/05\/zapptales-support-2-1500x300-1500x300.jpg' width='1500' height='300' title='zapptales-support-2-1500x300' alt=''  itemprop=\"thumbnailUrl\"   \/><\/div><\/li><\/ul><\/div><\/div><div id='after_full_slider_1'  class='main_color av_default_container_wrap container_wrap sidebar_right' style=' '  ><div class='container' ><div class='template-page content  av-content-small alpha units'><div class='post-entry post-entry-type-page post-entry-34841'><div class='entry-content-wrapper clearfix'>\n<div class=\"flex_column av_one_full  flex_column_div av-zero-column-padding first  avia-builder-el-1  el_after_av_slideshow_full  el_before_av_hr  avia-builder-el-first  wbq_hide_on_desktop \" style='border-width:1px; border-color:#e0e0e0; border-style:solid; border-radius:0px; '><p><div  class='avia-image-container  av-styling-    avia-builder-el-2  el_before_av_textblock  avia-builder-el-first  avia-align-center '  itemprop=\"image\" itemscope=\"itemscope\" itemtype=\"https:\/\/schema.org\/ImageObject\"  ><div class='avia-image-container-inner'><div class='avia-image-overlay-wrap'><img class='avia_image' src='https:\/\/www.zapptales.com\/wp-content\/uploads\/2019\/06\/Fragen-zu-den-Preisen-und-der-Bezahlung.png' alt='Fragen zu den Preisen und der Bezahlung' title='Fragen zu den Preisen und der Bezahlung' height=\"128\" width=\"128\"  itemprop=\"thumbnailUrl\"  \/><\/div><\/div><\/div><br \/>\n<section class=\"av_textblock_section \"  itemscope=\"itemscope\" itemtype=\"https:\/\/schema.org\/CreativeWork\" ><div class='avia_textblock  '   itemprop=\"text\" ><h3 style=\"text-align: center;\">Fragen zu den Preisen<br \/>\nund der Bezahlung<\/h3>\n<\/div><\/section><br \/>\n<div  style='height:25px' class='hr hr-invisible   avia-builder-el-4  el_after_av_textblock  avia-builder-el-last  wbq_hide_on_desktop'><span class='hr-inner ' ><span class='hr-inner-style'><\/span><\/span><\/div><\/p><\/div>\n<div  style='height:1px; margin-top:-25px'  class='hr hr-invisible   avia-builder-el-5  el_after_av_one_full  el_before_av_heading  wbq_hide_on_mobile'><span class='hr-inner ' ><span class='hr-inner-style'><\/span><\/span><\/div>\n<div  style='padding-bottom:10px; ' class='av-special-heading av-special-heading-h1  blockquote modern-quote  avia-builder-el-6  el_after_av_hr  el_before_av_hr  wbq_hide_on_mobile '><h1 class='av-special-heading-tag '  itemprop=\"headline\"  >Fragen zu den Preisen und der Bezahlung<\/h1><div class='special-heading-border'><div class='special-heading-inner-border' ><\/div><\/div><\/div>\n<div  style='height:25px' class='hr hr-invisible   avia-builder-el-7  el_after_av_heading  el_before_av_textblock '><span class='hr-inner ' ><span class='hr-inner-style'><\/span><\/span><\/div>\n<section class=\"av_textblock_section \"  itemscope=\"itemscope\" itemtype=\"https:\/\/schema.org\/CreativeWork\" ><div class='avia_textblock  '   itemprop=\"text\" ><div class='ufaq-faq-list' id='ufaq-faq-list'><style>.ewd-ufaq-post-margin-symbol span {\nfont-family:'ewd-toggle-icon'!important;\n}<\/style><style>.ewd-ufaq-post-margin-symbol { color:#780091 !important;}\n.ewd-ufaq-post-margin-symbol span { }\n.ufaq-faq-display-style-Block.ewd-ufaq-post-active, .ufaq-faq-display-style-Block.ewd-ufaq-post-active a,.ufaq-faq-display-style-Block:hover, .ufaq-faq-display-style-Block:hover a, .ufaq-faq-display-style-Block:hover h4 { background-color:#f0e6dc !important;color:#780091 !important;}\n.ufaq-faq-display-style-Border_Block.ewd-ufaq-post-active, .ufaq-faq-display-style-Border_Block:hover, .ufaq-faq-display-style-Border_Block:hover h1, .ufaq-faq-display-style-Border_Block:hover h2, .ufaq-faq-display-style-Border_Block:hover h3, .ufaq-faq-display-style-Border_Block:hover h4, .ufaq-faq-display-style-Border_Block:hover h5, .ufaq-faq-display-style-Border_Block:hover h6 { background-color:#f0e6dc !important;color:#780091 !important;}\n.ufaq-faq-display-style-Border_Block .ufaq-faq-body { border-color:#f0e6dc !important;}\n.ufaq-faq-display-style-Border_Block .comment-reply-title, .ufaq-faq-display-style-Border_Block:hover .comment-reply-title { background-color: transparent !important;}\ndiv.ufaq-faq-category-title h4 h4 { color:#424242 !important;}\n.ufaq-faq-header-title a{ color:#424242 !important;margin:10px !important;}\ndiv.ufaq-faq-title h4 { color:#424242 !important;margin:10px !important;}\n.ewd-ufaq-post-margin-symbol { margin-top:2px !important;}\ndiv.ufaq-faq-post p { color:#424242 !important;margin:10px !important;}\ndiv.ufaq-faq-body, .ufaq-faq-display-style-Border_Block .ufaq-faq-body { color:#424242 !important;}\ndiv.ewd-ufaq-author-date { color:#424242 !important;}\ndiv.ufaq-faq-categories, div.ufaq-faq-tags { color:#424242 !important;}\n<\/style><script language='JavaScript' type='text\/javascript'>var faq_accordion = true;var faq_scroll = true;var reveal_effect = 'none';<\/script><div class='ewd-ufaq-faqs'><div class='ufaq-faq-div ufaq-faq-column-count-One ufaq-faq-responsive-columns-No ufaq-faq-display-style-Block' id='ufaq-post-vwt-34618-0' data-postid='vwt-34618-0'><div class='ufaq-faq-title ufaq-faq-toggle' id='ufaq-title-34618' data-postid='vwt-34618-0'><a class='ewd-ufaq-post-margin'  href='https:\/\/www.zapptales.com\/de\/ufaq\/das-ist-ja-eine-coole-idee-aber-was-kostet-ein-zapptales-buch\/'><div class='ewd-ufaq-post-margin-symbol ' id='ewd-ufaq-post-margin-symbol-vwt-34618-0'><span id='ewd-ufaq-post-symbol-vwt-34618-0'>a<\/span><\/div><div class='ufaq-faq-title-text'><h4>Das will ich haben! Aber was kostet ein zapptales Buch?<\/h4><\/div><div class='ewd-ufaq-clear'><\/div><\/a><\/div><div class='ufaq-faq-body ufaq-body-34618 ewd-ufaq-hidden' id='ufaq-body-vwt-34618-0'><div class='ewd-ufaq-post-margin ufaq-faq-post' id='ufaq-post-34618'>Die Preise h\u00e4ngen von der Seitenanzahl und deiner Produktwahl ab:\r\n<ul>\r\n \t<li>Ein <strong style=\"color: #424242;\">Hardcover<\/strong> deines WhatsApp, Facebook Messenger, Instagram, Telegram, iMessage oder Threema Buchs kostet 37,90 \u20ac bis 100 Seiten, +5 \u20ac je weitere 50 Seiten. Ab 1.000 Seiten erh\u00e4ltst du automatisch einen Mengenrabatt;<\/li>\r\n \t<li>Ein <strong style=\"color: #424242;\">Softcover<\/strong> deines WhatsApp, Facebook Messenger, Instagram, Telegram, iMessage oder Threema Buchs kostet 34,90 \u20ac bis 100 Seiten, +5 \u20ac je weitere 50 Seiten. Ab 1.000 Seiten erh\u00e4ltst du automatisch einen Mengenrabatt;<\/li>\r\n \t<li>Dein WhatsApp, Facebook Messenger, Instagram, Telegram, iMessage oder Threema Chat als <strong style=\"color: #424242;\">PDF<\/strong> kostet 16,90 \u20ac bis 500 Seiten, +1 \u20ac je weitere 50 Seiten;<\/li>\r\n<\/ul>\r\nWenn du\u00a0Sprachnachrichten \/ Sprachnotizen \/ Audios und Videos als\u00a0<strong>QR-Codes<\/strong>\u00a0in deinem Buch m\u00f6chtest, sind die Kosten hierf\u00fcr\u00a0<strong>einmalig<\/strong> 9,90 \u20ac f\u00fcr eine Speicherzeit von 10 Jahren, egal wie viele QR-Codes dein Buch hat. Die Speicherdauer kannst du f\u00fcr jeweils 3 \u20ac um 5 weitere Jahre verl\u00e4ngern.\r\n\r\n<strong>\u00dcbrigens<\/strong>: Auf jedes weitere Exemplar erh\u00e4ltst du 25 % Rabatt! \ud83d\ude0a\r\n\r\nZus\u00e4tzlich zu deinem Buch, hast du auch die M\u00f6glichkeit, deinen Chat dauerhaft bei zapptales zu speichern. F\u00fcr\u00a0<strong>einmalig<\/strong> 9,90 \u20ac wird dein Chat dann f\u00fcr 10 Jahre in der zapptales Cloud gespeichert. Wenn du m\u00f6chtest, kannst du diese Speicherdauer f\u00fcr je 3 \u20ac um 5 weitere Jahre verl\u00e4ngern.<\/div><\/div><\/div><div class='ufaq-faq-div ufaq-faq-column-count-One ufaq-faq-responsive-columns-No ufaq-faq-display-style-Block' id='ufaq-post-vwt-34623-1' data-postid='vwt-34623-1'><div class='ufaq-faq-title ufaq-faq-toggle' id='ufaq-title-34623' data-postid='vwt-34623-1'><a class='ewd-ufaq-post-margin'  href='https:\/\/www.zapptales.com\/de\/ufaq\/wir-haben-uns-soooo-viel-geschrieben-gibt-es-einen-mengenrabatt\/'><div class='ewd-ufaq-post-margin-symbol ' id='ewd-ufaq-post-margin-symbol-vwt-34623-1'><span id='ewd-ufaq-post-symbol-vwt-34623-1'>a<\/span><\/div><div class='ufaq-faq-title-text'><h4>Wir haben uns soooo viel geschrieben &#8211; gibt es einen Mengenrabatt?<\/h4><\/div><div class='ewd-ufaq-clear'><\/div><\/a><\/div><div class='ufaq-faq-body ufaq-body-34623 ewd-ufaq-hidden' id='ufaq-body-vwt-34623-1'><div class='ewd-ufaq-post-margin ufaq-faq-post' id='ufaq-post-34623'><p>Ab mehr als 1.000 Seiten wird dir automatisch ein <strong>Mengenrabatt<\/strong> abgezogen \ud83d\ude0a Zus\u00e4tzlich erh\u00e4ltst du auf jedes weitere Exemplar deines Buchs <strong>25 % Rabatt<\/strong>! \ud83d\ude0a<\/p>\n<\/div><\/div><\/div><div class='ufaq-faq-div ufaq-faq-column-count-One ufaq-faq-responsive-columns-No ufaq-faq-display-style-Block' id='ufaq-post-vwt-34620-2' data-postid='vwt-34620-2'><div class='ufaq-faq-title ufaq-faq-toggle' id='ufaq-title-34620' data-postid='vwt-34620-2'><a class='ewd-ufaq-post-margin'  href='https:\/\/www.zapptales.com\/de\/ufaq\/kann-ich-den-preis-meines-zapptales-buchs-vorab-berechnen\/'><div class='ewd-ufaq-post-margin-symbol ' id='ewd-ufaq-post-margin-symbol-vwt-34620-2'><span id='ewd-ufaq-post-symbol-vwt-34620-2'>a<\/span><\/div><div class='ufaq-faq-title-text'><h4>Kann ich den Preis meines zapptales Buchs vorab berechnen?<\/h4><\/div><div class='ewd-ufaq-clear'><\/div><\/a><\/div><div class='ufaq-faq-body ufaq-body-34620 ewd-ufaq-hidden' id='ufaq-body-vwt-34620-2'><div class='ewd-ufaq-post-margin ufaq-faq-post' id='ufaq-post-34620'><p>Leider\u00a0<strong>nein<\/strong>. Der Preis deines WhatsApp, Facebook Messenger, Instagram oder Telegram Buchs h\u00e4ngt direkt mit der\u00a0<strong>L\u00e4nge deines Chats<\/strong>\u00a0zusammen \u2013 und das kommt darauf an,\u00a0<strong>wie viele Nachrichten, Bilder, Sprachnachrichten und Videos\u00a0<\/strong>ihr verschickt habt, ob du diese im Buch m\u00f6chtest und\u00a0<strong>welchen Zeitraum<\/strong>\u00a0deines Chats du gerne drucken lassen m\u00f6chtest.<\/p>\n<p>Auf der\u00a0<strong>Chat-Bearbeitungsseite<\/strong>\u00a0wird dir die voraussichtliche Seitenanzahl, die dein zapptales Buch haben wird, angezeigt. Der\u00a0<strong>finale Preis<\/strong>\u00a0steht dann erst fest, wenn du die\u00a0<strong>Wahl zwischen Softcover und Hardcover<\/strong>\u00a0getroffen hast. Kosten entstehen dir nat\u00fcrlich erst, wenn du ein Buch oder eine PDF bestellst.<\/p>\n<\/div><\/div><\/div><div class='ufaq-faq-div ufaq-faq-column-count-One ufaq-faq-responsive-columns-No ufaq-faq-display-style-Block' id='ufaq-post-vwt-34683-3' data-postid='vwt-34683-3'><div class='ufaq-faq-title ufaq-faq-toggle' id='ufaq-title-34683' data-postid='vwt-34683-3'><a class='ewd-ufaq-post-margin'  href='https:\/\/www.zapptales.com\/de\/ufaq\/welche-bezahlmoeglichkeiten-stehen-zur-verfuegung\/'><div class='ewd-ufaq-post-margin-symbol ' id='ewd-ufaq-post-margin-symbol-vwt-34683-3'><span id='ewd-ufaq-post-symbol-vwt-34683-3'>a<\/span><\/div><div class='ufaq-faq-title-text'><h4>Welche Bezahlm\u00f6glichkeiten stehen zur Verf\u00fcgung?<\/h4><\/div><div class='ewd-ufaq-clear'><\/div><\/a><\/div><div class='ufaq-faq-body ufaq-body-34683 ewd-ufaq-hidden' id='ufaq-body-vwt-34683-3'><div class='ewd-ufaq-post-margin ufaq-faq-post' id='ufaq-post-34683'><p>Um dein zapptales Buch zu bezahlen, stehen folgende M\u00f6glichkeiten zur Verf\u00fcgung: <strong>PayPal, Visa, MasterCard, iDeal, Klarna<\/strong>\u00a0und\u00a0<strong>Vorkasse (\u00dcberweisung)<\/strong>.<\/p>\n<\/div><\/div><\/div><div class='ufaq-faq-div ufaq-faq-column-count-One ufaq-faq-responsive-columns-No ufaq-faq-display-style-Block' id='ufaq-post-vwt-34685-4' data-postid='vwt-34685-4'><div class='ufaq-faq-title ufaq-faq-toggle' id='ufaq-title-34685' data-postid='vwt-34685-4'><a class='ewd-ufaq-post-margin'  href='https:\/\/www.zapptales.com\/de\/ufaq\/an-welches-bankkonto-soll-ich-das-geld-bei-bezahlung-mit-vorkasse-ueberweisen\/'><div class='ewd-ufaq-post-margin-symbol ' id='ewd-ufaq-post-margin-symbol-vwt-34685-4'><span id='ewd-ufaq-post-symbol-vwt-34685-4'>a<\/span><\/div><div class='ufaq-faq-title-text'><h4>An welches Bankkonto soll ich das Geld bei Bezahlung mit Vorkasse \u00fcberweisen?<\/h4><\/div><div class='ewd-ufaq-clear'><\/div><\/a><\/div><div class='ufaq-faq-body ufaq-body-34685 ewd-ufaq-hidden' id='ufaq-body-vwt-34685-4'><div class='ewd-ufaq-post-margin ufaq-faq-post' id='ufaq-post-34685'><p>Wenn du per Vorkasse bezahlen m\u00f6chtest, teilen wir dir unsere Bankverbindung sowohl w\u00e4hrend des Bestellvorgangs als auch per E-Mail mit. Falls du sie nicht findest oder die E-Mail nicht erhalten hast, wende dich bitte direkt an unseren Kundesupport <strong><a href=\"mailto:support@zapptales.com\">support@zapptales.com<\/a><\/strong>\u00a0\ud83d\ude0a<\/p>\n<p>Bitte beachte: Bei Bezahlung mit \u00dcberweisung wird die Bestellung erst\u00a0<strong>nach Geldeingang<\/strong>\u00a0bearbeitet. Die Lieferfrist beginnt ebenfalls erst ab Geldeingang.<\/p>\n<p>Um die Bearbeitung der Bestellung zu beschleunigen, kannst du uns auch einen\u00a0<strong>\u00dcberweisungsbeleg an <a href=\"mailto:support@zapptales.com\">support@zapptales.com<\/a><\/strong>\u00a0senden.<\/p>\n<\/div><\/div><\/div><div class='ufaq-faq-div ufaq-faq-column-count-One ufaq-faq-responsive-columns-No ufaq-faq-display-style-Block' id='ufaq-post-vwt-59832-5' data-postid='vwt-59832-5'><div class='ufaq-faq-title ufaq-faq-toggle' id='ufaq-title-59832' data-postid='vwt-59832-5'><a class='ewd-ufaq-post-margin'  href='https:\/\/www.zapptales.com\/de\/ufaq\/warum-ist-ein-chatbuch-aus-whatsapp-co-bei-zapptales-meist-guenstiger-als-ein-selbst-gestaltetes-fotobuch\/'><div class='ewd-ufaq-post-margin-symbol ' id='ewd-ufaq-post-margin-symbol-vwt-59832-5'><span id='ewd-ufaq-post-symbol-vwt-59832-5'>a<\/span><\/div><div class='ufaq-faq-title-text'><h4>Warum ist ein Chatbuch aus WhatsApp &#038; Co. bei zapptales meist g\u00fcnstiger als ein selbst gestaltetes Fotobuch?<\/h4><\/div><div class='ewd-ufaq-clear'><\/div><\/a><\/div><div class='ufaq-faq-body ufaq-body-59832 ewd-ufaq-hidden' id='ufaq-body-vwt-59832-5'><div class='ewd-ufaq-post-margin ufaq-faq-post' id='ufaq-post-59832'><p data-start=\"220\" data-end=\"663\">zapptales nutzt ein besonders platzsparendes Seitenlayout, das dir eine echte Kostenersparnis bietet \ud83d\ude0a:<br data-start=\"316\" data-end=\"319\" \/>Statt alle Nachrichten einfach untereinander darzustellen \u2013 wie bei Fotobuch-Anbietern oder in Textverarbeitungsprogrammen \u2013 zeigt zapptales deine Unterhaltung im Original-Chatdesign und unterteilt jede Seite zus\u00e4tzlich <strong data-start=\"539\" data-end=\"572\">horizontal in zwei Chatreihen<\/strong>. So enth\u00e4lt jede Seite <strong data-start=\"596\" data-end=\"624\">doppelt so viele Inhalte<\/strong> wie eine herk\u00f6mmlich gestaltete Seite.<\/p>\n<p data-start=\"665\" data-end=\"678\">Das bedeutet:<\/p>\n<ul data-start=\"679\" data-end=\"841\">\n<li data-start=\"679\" data-end=\"734\">\n<p data-start=\"681\" data-end=\"734\">Mehr Nachrichten pro Seite durch zweigeteiltes Layout<\/p>\n<\/li>\n<li data-start=\"735\" data-end=\"787\">\n<p data-start=\"737\" data-end=\"787\">Deutlich geringerer Seitenumfang bei gleichem Chat<\/p>\n<\/li>\n<li data-start=\"788\" data-end=\"841\">\n<p data-start=\"790\" data-end=\"841\">Geringere Druckkosten bei gleichbleibender Qualit\u00e4t<\/p>\n<\/li>\n<\/ul>\n<p data-start=\"843\" data-end=\"1145\">Beispiel:<br data-start=\"852\" data-end=\"855\" \/>Ein umfangreicher WhatsApp-Verlauf, der in einer selbst erstellten Fotobuch-Vorlage etwa 500 bis 600 Seiten ben\u00f6tigen w\u00fcrde, passt bei zapptales oft schon auf rund 300 Seiten. Selbst sehr lange Chats lassen sich dadurch effizient und hochwertig als Buch umsetzen \u2013 ohne unn\u00f6tige Mehrkosten.<\/p>\n<p data-start=\"1147\" data-end=\"1159\"><strong data-start=\"1147\" data-end=\"1157\">Fazit:<\/strong><\/p>\n<ul data-start=\"1160\" data-end=\"1409\">\n<li data-start=\"1160\" data-end=\"1202\">\n<p data-start=\"1162\" data-end=\"1202\">Zwei vollst\u00e4ndige Chatreihen pro Seite<\/p>\n<\/li>\n<li data-start=\"1203\" data-end=\"1250\">\n<p data-start=\"1205\" data-end=\"1250\">Deutlich weniger Seiten bei gleichem Inhalt<\/p>\n<\/li>\n<li data-start=\"1251\" data-end=\"1342\">\n<p data-start=\"1253\" data-end=\"1342\">Vollst\u00e4ndige Integration von Medien wie Fotos, Videos und Sprachnachrichten per QR-Code m\u00f6glich<\/p>\n<\/li>\n<li data-start=\"1343\" data-end=\"1409\">\n<p data-start=\"1345\" data-end=\"1409\">Weniger Aufwand, in der Regel geringere Gesamtkosten als beim Selbstdruck<\/p>\n<\/li>\n<\/ul>\n<p data-start=\"1411\" data-end=\"1583\">Wenn du also deinen WhatsApp, iMessage, Facebook Messenger, Instagram, Threema oder Telegram-Chat als Buch drucken m\u00f6chtest, bietet zapptales nicht nur eine komfortable L\u00f6sung \u2013 sondern oft auch einen klaren Preisvorteil \ud83d\ude0e.<\/p>\n<\/div><\/div><\/div><\/div><\/div><div class='ewd-ufaq-bottom ewd-ufaq-page-type-Load_More' data-currentpage='0'><form><input type='hidden' name='include_category' value='fragen-preise-bezahlung' id='ufaq-include-category' \/><input type='hidden' name='exclude_category' value='' id='ufaq-exclude-category' \/><input type='hidden' name='orderby' value='meta_value_num' id='ufaq-orderby' \/><input type='hidden' name='order' value='ASC' id='ufaq-order' \/><input type='hidden' name='post_count' value='-1' id='ufaq-post-count' \/><input type='hidden' name='current_url' value='\/de\/wp-json\/wp\/v2\/pages\/34841\/' id='ufaq-current-url' \/><\/form><div class='ewd-ufaq-load-more ewd-ufaq-hidden'><h4>Load More<\/h4><\/div><\/div>\n<\/div><\/section>\n<div  style='height:40px' class='hr hr-invisible   wbq_hide_on_mobile'><span class='hr-inner ' ><span class='hr-inner-style'><\/span><\/span><\/div>\n<\/div><\/div><\/div><!-- close content main div --><\/div><\/div><div id='wbq_landing_section_1'  class='avia-section main_color avia-section-default avia-no-border-styling av-section-color-overlay-active avia-bg-style-scroll   container_wrap sidebar_right' style='background-color: #f0e6dc;  '  ><div class='av-section-color-overlay-wrap'><div class='av-section-color-overlay' style='opacity: 0.5; background-image: url(https:\/\/www.zapptales.com\/wp-content\/uploads\/2016\/03\/symphony.png); background-repeat: repeat;'><\/div><div class='container' ><div class='template-page content  av-content-small alpha units'><div class='post-entry post-entry-type-page post-entry-34841'><div class='entry-content-wrapper clearfix'>\n<section class=\"av_textblock_section \"  itemscope=\"itemscope\" itemtype=\"https:\/\/schema.org\/CreativeWork\" ><div class='avia_textblock  '   itemprop=\"text\" ><h3>Du hast Komplimente, Anregungen oder weitere Fragen?<\/h3>\n<\/div><\/section>\n<section class=\"av_textblock_section \"  itemscope=\"itemscope\" itemtype=\"https:\/\/schema.org\/CreativeWork\" ><div class='avia_textblock  '   itemprop=\"text\" ><p>Dann wende dich bitte direkt an uns. Wir freuen uns auf deine Nachricht! \ud83d\ude0a<br \/>\nFolgende Kontaktoptionen sind m\u00f6glich:<\/p>\n<\/div><\/section>\n<div  style='height:25px' class='hr hr-invisible  '><span class='hr-inner ' ><span class='hr-inner-style'><\/span><\/span><\/div>\n<div class=\"flex_column av_one_third  flex_column_div av-zero-column-padding first  wbq_hide_on_desktop wbq_hide_on_tablet \" style='border-radius:0px; '><p><div  class='avia-image-container  av-styling-    avia-align-center '  itemprop=\"image\" itemscope=\"itemscope\" itemtype=\"https:\/\/schema.org\/ImageObject\"  ><div class='avia-image-container-inner'><div class='avia-image-overlay-wrap'><img class='avia_image' src='https:\/\/www.zapptales.com\/wp-content\/uploads\/2018\/04\/2709.png' alt='E-Mail' title='E-Mail' height=\"128\" width=\"128\"  itemprop=\"thumbnailUrl\"  \/><\/div><\/div><\/div><br \/>\n<section class=\"av_textblock_section \"  itemscope=\"itemscope\" itemtype=\"https:\/\/schema.org\/CreativeWork\" ><div class='avia_textblock  '   itemprop=\"text\" ><p style=\"text-align: center;\"><strong>\u00a0E-Mail<\/strong><\/p>\n<p style=\"text-align: center;\"><a href=\"mailto:support@zapptales.com?subject=Anfrage%20ueber%20\/de\/allgemeine-fragen-zu-zapptales\/%20(E-Mail)\">support@zapptales.com<\/a><\/p>\n<p style=\"text-align: center;\">T\u00e4glich von<br \/>\n8 Uhr bis 22 Uhr<\/p>\n<\/div><\/section><\/p><\/div><div class=\"flex_column av_one_third  flex_column_div av-zero-column-padding   wbq_hide_on_desktop wbq_hide_on_tablet \" style='border-radius:0px; '><p><div  class='avia-image-container  av-styling-    avia-align-center '  itemprop=\"image\" itemscope=\"itemscope\" itemtype=\"https:\/\/schema.org\/ImageObject\"  ><div class='avia-image-container-inner'><div class='avia-image-overlay-wrap'><a href='https:\/\/facebook.com\/msg\/zapptales\/' class='avia_image'  ><img class='avia_image ' src='https:\/\/www.zapptales.com\/wp-content\/uploads\/2019\/06\/Facebook-Messenger.png' alt='Facebook Messenger' title='Facebook Messenger'  itemprop=\"thumbnailUrl\"  \/><\/a><\/div><\/div><\/div><br \/>\n<section class=\"av_textblock_section \"  itemscope=\"itemscope\" itemtype=\"https:\/\/schema.org\/CreativeWork\" ><div class='avia_textblock  '   itemprop=\"text\" ><p style=\"text-align: center;\"><strong>Facebook Messenger<\/strong><\/p>\n<p style=\"text-align: center;\">Tippe oben auf das Messenger Logo<\/p>\n<p style=\"text-align: center;\">Mo-Do (werktags) von 8:30 Uhr bis 20 Uhr<br \/>\nFreitag (werktags) von 8:30 Uhr bis 17 Uhr<\/p>\n<\/div><\/section><\/p><\/div><div class=\"flex_column av_one_third  flex_column_div av-zero-column-padding   wbq_hide_on_desktop wbq_hide_on_tablet \" style='border-radius:0px; '><p><div  class='avia-image-container  av-styling-    avia-align-center '  itemprop=\"image\" itemscope=\"itemscope\" itemtype=\"https:\/\/schema.org\/ImageObject\"  ><div class='avia-image-container-inner'><div class='avia-image-overlay-wrap'><img class='avia_image' src='https:\/\/www.zapptales.com\/wp-content\/uploads\/2019\/06\/Live-Chat.png' alt='Live Chat' title='Live Chat' height=\"128\" width=\"128\"  itemprop=\"thumbnailUrl\"  \/><\/div><\/div><\/div><br \/>\n<section class=\"av_textblock_section \"  itemscope=\"itemscope\" itemtype=\"https:\/\/schema.org\/CreativeWork\" ><div class='avia_textblock  '   itemprop=\"text\" ><p style=\"text-align: center;\"><strong>Live Chat<\/strong><\/p>\n<p style=\"text-align: center;\">Verf\u00fcgbar auf der Chat-Bearbeitungsseite<\/p>\n<p style=\"text-align: center;\">Mo-Do (werktags) von 8:30 Uhr bis 20 Uhr<br \/>\nFreitag (werktags) von 8:30 Uhr bis 17 Uhr<\/p>\n<\/div><\/section><\/p><\/div><\/div><\/div><\/div><!-- close content main div --><\/div><\/div><\/div><div id='after_section_1'  class='main_color av_default_container_wrap container_wrap sidebar_right' style=' '  ><div class='container' ><div class='template-page content  av-content-small alpha units'><div class='post-entry post-entry-type-page post-entry-34841'><div class='entry-content-wrapper clearfix'>\n","protected":false},"excerpt":{"rendered":"","protected":false},"author":19,"featured_media":0,"parent":0,"menu_order":0,"comment_status":"closed","ping_status":"closed","template":"template-blank.php","meta":[],"_links":{"self":[{"href":"https:\/\/www.zapptales.com\/de\/wp-json\/wp\/v2\/pages\/34841\/"}],"collection":[{"href":"https:\/\/www.zapptales.com\/de\/wp-json\/wp\/v2\/pages\/"}],"about":[{"href":"https:\/\/www.zapptales.com\/de\/wp-json\/wp\/v2\/types\/page\/"}],"author":[{"embeddable":true,"href":"https:\/\/www.zapptales.com\/de\/wp-json\/wp\/v2\/users\/19\/"}],"replies":[{"embeddable":true,"href":"https:\/\/www.zapptales.com\/de\/wp-json\/wp\/v2\/comments\/?post=34841"}],"version-history":[{"count":0,"href":"https:\/\/www.zapptales.com\/de\/wp-json\/wp\/v2\/pages\/34841\/revisions\/"}],"wp:attachment":[{"href":"https:\/\/www.zapptales.com\/de\/wp-json\/wp\/v2\/media\/?parent=34841"}],"curies":[{"name":"wp","href":"https:\/\/api.w.org\/{rel}","templated":true}]}}