{"id":34905,"date":"2019-06-14T12:32:02","date_gmt":"2019-06-14T10:32:02","guid":{"rendered":"https:\/\/www.zapptales.com\/?page_id=34905"},"modified":"2019-06-14T12:34:43","modified_gmt":"2019-06-14T10:34:43","slug":"weiterempfehlen-app","status":"publish","type":"page","link":"https:\/\/www.zapptales.com\/de\/weiterempfehlen-app\/","title":{"rendered":"Empfehle zapptales deinen Freunden &#8211; App"},"content":{"rendered":"<div id='full_slider_1'  class='avia-fullwidth-slider main_color avia-shadow   avia-builder-el-0  el_before_av_slideshow_full  avia-builder-el-first  wbq_landing_section_1_slider wbq_hide_on_mobile  container_wrap sidebar_right' style=' '  ><div   data-size='featured'  data-lightbox_size='large'  data-animation='slide'  data-conditional_play=''  data-ids='28778'  data-video_counter='0'  data-autoplay='false'  data-bg_slider='false'  data-slide_height=''  data-handle='av_slideshow_full'  data-interval='5'  data-class=' '  data-el_id=''  data-css_id=''  data-scroll_down=''  data-control_layout='av-control-default'  data-custom_markup=''  data-perma_caption=''  data-autoplay_stopper=''  data-image_attachment=''  data-min_height='0px'  data-src=''  data-position='top left'  data-repeat='no-repeat'  data-attach='scroll'  data-stretch=''  data-default-height='28.666666666667'  class='avia-slideshow avia-slideshow-1  av-control-default av-default-height-applied avia-slideshow-featured av_slideshow_full   avia-slide-slider '  itemprop=\"image\" itemscope=\"itemscope\" itemtype=\"https:\/\/schema.org\/ImageObject\" ><ul class='avia-slideshow-inner ' style='padding-bottom: 28.666666666667%;' ><li  class=' av-single-slide slide-1 ' ><div data-rel='slideshow-1' class='avia-slide-wrap '   ><div class = \"caption_fullwidth av-slideshow-caption caption_center\"><div class = \"container caption_container\"><div class = \"slideshow_caption\"><div class = \"slideshow_inner_caption\"><div class = \"slideshow_align_caption\"><h2  class='avia-caption-title  '  itemprop=\"name\" >Weitersagen lohnt sich!<\/h2><\/div><\/div><\/div><\/div><\/div><img src='https:\/\/www.zapptales.com\/wp-content\/uploads\/2018\/08\/Frau-mit-Emoji-Luftballons-desktop-min-1500x430.jpg' width='1500' height='430' title='Frau-mit-Emoji-Luftballons-desktop-min' alt=''  itemprop=\"thumbnailUrl\"   \/><div class='av-section-color-overlay' style='opacity: 0.2; background-color: #0a0a0a; '><\/div><\/div><\/li><\/ul><\/div><\/div>\n<div id='full_slider_2'  class='avia-fullwidth-slider main_color avia-shadow   avia-builder-el-1  el_after_av_slideshow_full  el_before_av_three_fifth  wbq_landing_section_1_slider wbq_hide_on_desktop  slider-not-first container_wrap sidebar_right' style=' '  ><div   data-size='no scaling'  data-lightbox_size='large'  data-animation='slide'  data-conditional_play=''  data-ids='28783'  data-video_counter='0'  data-autoplay='false'  data-bg_slider='false'  data-slide_height=''  data-handle='av_slideshow_full'  data-interval='5'  data-class=' '  data-el_id=''  data-css_id=''  data-scroll_down=''  data-control_layout='av-control-default'  data-custom_markup=''  data-perma_caption=''  data-autoplay_stopper=''  data-image_attachment=''  data-min_height='0px'  data-src=''  data-position='top left'  data-repeat='no-repeat'  data-attach='scroll'  data-stretch=''  class='avia-slideshow avia-slideshow-2  av-control-default av-default-height-applied avia-slideshow-no scaling av_slideshow_full   avia-slide-slider '  itemprop=\"image\" itemscope=\"itemscope\" itemtype=\"https:\/\/schema.org\/ImageObject\" ><ul class='avia-slideshow-inner ' style='padding-bottom: 131.2%;' ><li  class=' av-single-slide slide-1 ' ><div data-rel='slideshow-2' class='avia-slide-wrap '   ><div class = \"caption_fullwidth av-slideshow-caption caption_center\"><div class = \"container caption_container\"><div class = \"slideshow_caption\"><div class = \"slideshow_inner_caption\"><div class = \"slideshow_align_caption\"><h2  style='font-size:24px; ' class='avia-caption-title  '  itemprop=\"name\" >Weitersagen lohnt sich!<\/h2><\/div><\/div><\/div><\/div><\/div><img src='https:\/\/www.zapptales.com\/wp-content\/uploads\/2018\/08\/Frau-mit-Emoji-Luftballons-mobile-min.jpg' width='500' height='656' title='Frau-mit-Emoji-Luftballons-mobile-min' alt=''  itemprop=\"thumbnailUrl\"   \/><div class='av-section-color-overlay' style='opacity: 0.2; background-color: #0a0a0a; '><\/div><\/div><\/li><\/ul><\/div><\/div><div id='after_full_slider_2'  class='main_color av_default_container_wrap container_wrap sidebar_right' style=' '  ><div class='container' ><div class='template-page content  av-content-small alpha units'><div class='post-entry post-entry-type-page post-entry-34905'><div class='entry-content-wrapper clearfix'>\n<div class=\"flex_column av_three_fifth  flex_column_div av-zero-column-padding first  avia-builder-el-2  el_after_av_slideshow_full  el_before_av_two_fifth  avia-builder-el-first  \" style='border-radius:0px; '><p><div  style='padding-bottom:10px; ' class='av-special-heading av-special-heading-h1  blockquote modern-quote  avia-builder-el-3  el_before_av_heading  avia-builder-el-first  wbq_hide_on_mobile '><h1 class='av-special-heading-tag '  itemprop=\"headline\"  >10\u20ac Amazon Gutschein f\u00fcr dich,<br \/>\n15% Rabatt f\u00fcr deine Freunde<\/h1><div class='special-heading-border'><div class='special-heading-inner-border' ><\/div><\/div><\/div><br \/>\n<div  style='padding-bottom:10px; ' class='av-special-heading av-special-heading-h1  blockquote modern-quote  avia-builder-el-4  el_after_av_heading  avia-builder-el-last  wbq_hide_on_desktop '><h1 class='av-special-heading-tag '  itemprop=\"headline\"  >10\u20ac Amazon Gutschein f\u00fcr dich, 15% Rabatt f\u00fcr deine Freunde<\/h1><div class='special-heading-border'><div class='special-heading-inner-border' ><\/div><\/div><\/div><\/p><\/div>\n<div class=\"flex_column av_two_fifth  flex_column_div av-zero-column-padding   avia-builder-el-5  el_after_av_three_fifth  el_before_av_hr  \" style='border-radius:0px; '><\/div>\n<div  style='height:50px' class='hr hr-invisible   avia-builder-el-6  el_after_av_two_fifth  el_before_av_one_third  wbq_hide_on_mobile'><span class='hr-inner ' ><span class='hr-inner-style'><\/span><\/span><\/div>\n<div class=\"flex_column av_one_third  flex_column_div av-zero-column-padding first  avia-builder-el-7  el_after_av_hr  el_before_av_one_third  \" style='border-radius:0px; '><section class=\"av_textblock_section \"  itemscope=\"itemscope\" itemtype=\"https:\/\/schema.org\/CreativeWork\" ><div class='avia_textblock  '   itemprop=\"text\" ><p><img decoding=\"async\" class=\"size-full wp-image-28794 aligncenter\" src=\"https:\/\/www.zapptales.com\/wp-content\/uploads\/2018\/08\/E-Mail-Emoji-1.png\" alt=\"1) Pers\u00f6nlichen Empfehlungs-Gutscheincode anfordern\" width=\"64\" height=\"47\" \/><\/p>\n<p style=\"text-align: center;\"><strong>1) Pers\u00f6nlichen Empfehlungs-Gutscheincode anfordern<\/strong><\/p>\n<\/div><\/section><\/div>\n<div class=\"flex_column av_one_third  flex_column_div av-zero-column-padding   avia-builder-el-9  el_after_av_one_third  el_before_av_one_third  \" style='border-radius:0px; '><section class=\"av_textblock_section \"  itemscope=\"itemscope\" itemtype=\"https:\/\/schema.org\/CreativeWork\" ><div class='avia_textblock  '   itemprop=\"text\" ><p><img decoding=\"async\" class=\"alignnone size-full wp-image-28799 aligncenter\" src=\"https:\/\/www.zapptales.com\/wp-content\/uploads\/2018\/08\/Geschenk-Emoji.png\" alt=\"2) Empfehlungs-Gutscheincode mit Freunden teilen\" width=\"64\" height=\"50\" \/><\/p>\n<p style=\"text-align: center;\"><strong>2) Empfehlungs-Gutscheincode mit Freunden teilen<\/strong><\/p>\n<\/div><\/section><\/div>\n<div class=\"flex_column av_one_third  flex_column_div av-zero-column-padding   avia-builder-el-11  el_after_av_one_third  el_before_av_hr  \" style='border-radius:0px; '><section class=\"av_textblock_section \"  itemscope=\"itemscope\" itemtype=\"https:\/\/schema.org\/CreativeWork\" ><div class='avia_textblock  '   itemprop=\"text\" ><p><img decoding=\"async\" class=\"alignnone size-full wp-image-28804 aligncenter\" src=\"https:\/\/www.zapptales.com\/wp-content\/uploads\/2018\/08\/Liebesbrief-Emoji.png\" alt=\"Rabatt erhalten\" width=\"64\" height=\"50\" \/><\/p>\n<p style=\"text-align: center;\"><strong>3) Wenn deine Freunde bestellen, erhalten sie 15% Rabatt. Und du bekommst einen 10\u20ac Amazon Gutschein.<\/strong><\/p>\n<\/div><\/section><\/div>\n<div  style='height:25px' class='hr hr-invisible   avia-builder-el-13  el_after_av_one_third  el_before_av_section  avia-builder-el-last  wbq_hide_on_mobile'><span class='hr-inner ' ><span class='hr-inner-style'><\/span><\/span><\/div>\n<\/div><\/div><\/div><!-- close content main div --><\/div><\/div><div id='av_section_1'  class='avia-section main_color avia-section-default avia-no-shadow av-section-color-overlay-active avia-bg-style-scroll  avia-builder-el-14  el_after_av_hr  el_before_av_hr   container_wrap sidebar_right' style='background-color: #e6e1d7;  '  ><div class='av-section-color-overlay-wrap'><div class='av-section-color-overlay' style='opacity: 0.5; background-image: url(https:\/\/www.zapptales.com\/wp-content\/uploads\/2016\/03\/symphony.png); background-repeat: repeat;'><\/div><div class='container' ><div class='template-page content  av-content-small alpha units'><div class='post-entry post-entry-type-page post-entry-34905'><div class='entry-content-wrapper clearfix'>\n<div class=\"flex_column av_two_fifth  flex_column_div av-zero-column-padding first  avia-builder-el-15  el_before_av_three_fifth  avia-builder-el-first  \" style='border-radius:0px; '><\/div><div class=\"flex_column av_three_fifth  flex_column_div av-zero-column-padding   avia-builder-el-16  el_after_av_two_fifth  el_before_av_hr  \" style='border-radius:0px; '><div  style='padding-bottom:10px; ' class='av-special-heading av-special-heading-h2  blockquote modern-quote  avia-builder-el-17  avia-builder-el-no-sibling  '><h2 class='av-special-heading-tag '  itemprop=\"headline\"  >Jetzt Gutscheincode anfordern<\/h2><div class='special-heading-border'><div class='special-heading-inner-border' ><\/div><\/div><\/div><\/div><div  style='height:50px' class='hr hr-invisible   avia-builder-el-18  el_after_av_three_fifth  el_before_av_two_fifth  wbq_hide_on_mobile'><span class='hr-inner ' ><span class='hr-inner-style'><\/span><\/span><\/div>\n<div class=\"flex_column av_two_fifth  flex_column_div av-zero-column-padding first  avia-builder-el-19  el_after_av_hr  el_before_av_three_fifth  \" style='border-radius:0px; '><p><div  style='height:1px; margin-top:-20px'  class='hr hr-invisible   avia-builder-el-20  el_before_av_image  avia-builder-el-first  wbq_hide_on_mobile_but_show_on_tablet'><span class='hr-inner ' ><span class='hr-inner-style'><\/span><\/span><\/div><br \/>\n<div  class='avia-image-container  av-styling-    avia-builder-el-21  el_after_av_hr  avia-builder-el-last  wbq_hide_on_mobile_but_show_on_tablet avia-align-center '  itemprop=\"image\" itemscope=\"itemscope\" itemtype=\"https:\/\/schema.org\/ImageObject\"  ><div class='avia-image-container-inner'><div class='avia-image-overlay-wrap'><img class='avia_image' src='https:\/\/www.zapptales.com\/wp-content\/uploads\/2018\/08\/Amazon-Gutschein-1.png' alt='' title='10 Euro Amazon Gutschein' height=\"533\" width=\"800\"  itemprop=\"thumbnailUrl\"  \/><\/div><\/div><\/div><\/p><\/div><div class=\"flex_column av_three_fifth  flex_column_div av-zero-column-padding   avia-builder-el-22  el_after_av_two_fifth  avia-builder-el-last  \" style='border-radius:0px; '><form action=\"https:\/\/www.zapptales.com\/de\/weiterempfehlen-app\/\" method=\"post\"  class=\"avia_ajax_form av-form-labels-visible   avia-builder-el-23  avia-builder-el-no-sibling   \" data-avia-form-id=\"1\" data-avia-redirect='' ><fieldset><p class=' first_form  form_element form_fullwidth' id='element_avia_1_1'><label for=\"avia_1_1\">Dein Vorname: <abbr class=\"required\" title=\"required\">*<\/abbr><\/label> <input name=\"avia_1_1\" class=\"text_input is_empty\" type=\"text\" id=\"avia_1_1\" value=\"\" \/><\/p><p class=' first_form  form_element form_fullwidth av-last-visible-form-element' id='element_avia_2_1'><label for=\"avia_2_1\">Deine E-Mail Adresse: <abbr class=\"required\" title=\"required\">*<\/abbr><\/label> <input name=\"avia_2_1\" class=\"text_input is_email\" type=\"text\" id=\"avia_2_1\" value=\"\" \/><\/p><p class=\"hidden\"><input type=\"text\" name=\"avia_3_1\" class=\"hidden \" id=\"avia_3_1\" value=\"\" \/><\/p><p class=\"form_element \"><input type=\"hidden\" value=\"1\" name=\"avia_generated_form1\" \/><input type=\"submit\" value=\"Jetzt Gutscheincode anfordern\" class=\"button\"  data-sending-label=\"Sending\"\/><\/p><\/fieldset><div class=\"avia-disabled-forn\">This contact form is deactivated because you refused to accept Google reCaptcha service which is necessary to validate any messages sent by the form.<\/div><\/form><div id=\"ajaxresponse_1\" class=\"ajaxresponse ajaxresponse_1 hidden\"><\/div><\/div><\/div><\/div><\/div><!-- close content main div --><\/div><\/div><\/div><div id='after_section_1'  class='main_color av_default_container_wrap container_wrap sidebar_right' style=' '  ><div class='container' ><div class='template-page content  av-content-small alpha units'><div class='post-entry post-entry-type-page post-entry-34905'><div class='entry-content-wrapper clearfix'><div  style='height:50px' class='hr hr-invisible   avia-builder-el-24  el_after_av_section  el_before_av_three_fifth  avia-builder-el-first  wbq_hide_on_mobile'><span class='hr-inner ' ><span class='hr-inner-style'><\/span><\/span><\/div><\/p>\n<div class=\"flex_column av_three_fifth  flex_column_div av-zero-column-padding first  avia-builder-el-25  el_after_av_hr  el_before_av_two_fifth  \" style='border-radius:0px; '><div  style='padding-bottom:10px; ' class='av-special-heading av-special-heading-h1  blockquote modern-quote  avia-builder-el-26  avia-builder-el-no-sibling  '><h1 class='av-special-heading-tag '  itemprop=\"headline\"  >So funktioniert es \u2013 im Detail<\/h1><div class='special-heading-border'><div class='special-heading-inner-border' ><\/div><\/div><\/div><\/div>\n<div class=\"flex_column av_two_fifth  flex_column_div av-zero-column-padding   avia-builder-el-27  el_after_av_three_fifth  el_before_av_hr  \" style='border-radius:0px; '><\/div>\n<div  style='height:30px' class='hr hr-invisible   avia-builder-el-28  el_after_av_two_fifth  el_before_av_hr  wbq_hide_on_mobile'><span class='hr-inner ' ><span class='hr-inner-style'><\/span><\/span><\/div>\n<div  style='height:15px' class='hr hr-invisible   avia-builder-el-29  el_after_av_hr  el_before_av_textblock  wbq_hide_on_desktop'><span class='hr-inner ' ><span class='hr-inner-style'><\/span><\/span><\/div>\n<section class=\"av_textblock_section \"  itemscope=\"itemscope\" itemtype=\"https:\/\/schema.org\/CreativeWork\" ><div class='avia_textblock  '   itemprop=\"text\" ><p>Wenn du zapptales-Kunde bist und zapptales deinen Freunden weiterempfehlen m\u00f6chtest, kannst du einen pers\u00f6nlichen Gutscheincode bei uns anfordern, den du dann an deine Freunde weiterleiten kannst. Bitte beachte, dass deine Freunde mit dem Erhalt eines Gutscheincodes einverstanden sein m\u00fcssen.<\/p>\n<p>Sofern die von dir eingeladenen Freunde Neukunden bei zapptales sind und den von dir erhaltenen Gutscheincode verwenden, erhalten deine Freunde bei ihrer ersten Bestellung automatisch 15% Rabatt und du bekommst einen 10\u20ac Amazon-Gutschein.<\/p>\n<p>Den Gutscheincode k\u00f6nnen deine Freunde dann bei ihrer ersten Bestellung auf der Check Out Seite einl\u00f6sen. Der Mindestbestellwert, um einen Gutschein einzul\u00f6sen, betr\u00e4gt 25\u20ac.<\/p>\n<p>zapptales Gutscheine k\u00f6nnen nur einmalig verwendet werden. Wenn\u00a0deine Freunde eine Bestellung, bei der\u00a0der Empfehlungs-Rabatt angerechnet wurde, stornieren oder zur\u00fccksenden, kann der Gutschein nicht erneut verwendet werden. Ein Gutschein ist nicht mit anderen Gutscheinen kombinierbar.<\/p>\n<\/div><\/section>\n","protected":false},"excerpt":{"rendered":"","protected":false},"author":19,"featured_media":0,"parent":0,"menu_order":0,"comment_status":"closed","ping_status":"closed","template":"template-blank.php","meta":[],"_links":{"self":[{"href":"https:\/\/www.zapptales.com\/de\/wp-json\/wp\/v2\/pages\/34905\/"}],"collection":[{"href":"https:\/\/www.zapptales.com\/de\/wp-json\/wp\/v2\/pages\/"}],"about":[{"href":"https:\/\/www.zapptales.com\/de\/wp-json\/wp\/v2\/types\/page\/"}],"author":[{"embeddable":true,"href":"https:\/\/www.zapptales.com\/de\/wp-json\/wp\/v2\/users\/19\/"}],"replies":[{"embeddable":true,"href":"https:\/\/www.zapptales.com\/de\/wp-json\/wp\/v2\/comments\/?post=34905"}],"version-history":[{"count":0,"href":"https:\/\/www.zapptales.com\/de\/wp-json\/wp\/v2\/pages\/34905\/revisions\/"}],"wp:attachment":[{"href":"https:\/\/www.zapptales.com\/de\/wp-json\/wp\/v2\/media\/?parent=34905"}],"curies":[{"name":"wp","href":"https:\/\/api.w.org\/{rel}","templated":true}]}}