{"id":34996,"date":"2019-06-17T13:28:06","date_gmt":"2019-06-17T11:28:06","guid":{"rendered":"https:\/\/www.zapptales.com\/?page_id=34996"},"modified":"2022-05-30T11:01:20","modified_gmt":"2022-05-30T09:01:20","slug":"ios","status":"publish","type":"page","link":"https:\/\/www.zapptales.com\/de\/chat-per-email-senden\/ios\/","title":{"rendered":"So exportierst du deinen WhatsApp Chat per E-Mail &#8211; iOS"},"content":{"rendered":"<div  style='height:1px; margin-top:-40px'  class='hr hr-invisible   avia-builder-el-0  el_before_av_image  avia-builder-el-first  wbq_hide_on_desktop'><span class='hr-inner ' ><span class='hr-inner-style'><\/span><\/span><\/div>\n<div  class='avia-image-container  av-styling-    avia-builder-el-1  el_after_av_hr  el_before_av_hr  avia-align-left '  itemprop=\"image\" itemscope=\"itemscope\" itemtype=\"https:\/\/schema.org\/ImageObject\"  ><div class='avia-image-container-inner'><div class='avia-image-overlay-wrap'><a href='https:\/\/www.zapptales.com\/de\/' class='avia_image'  ><img class='avia_image ' src='https:\/\/www.zapptales.com\/wp-content\/uploads\/2017\/09\/zapptales_logo_cover_builder-2.svg' alt='zapptales Logo' title=''  itemprop=\"thumbnailUrl\"  \/><\/a><\/div><\/div><\/div>\n<div  style='height:45px' class='hr hr-invisible   avia-builder-el-2  el_after_av_image  el_before_av_textblock '><span class='hr-inner ' ><span class='hr-inner-style'><\/span><\/span><\/div>\n<section class=\"av_textblock_section \"  itemscope=\"itemscope\" itemtype=\"https:\/\/schema.org\/CreativeWork\" ><div class='avia_textblock  '   itemprop=\"text\" ><h2 class=\"av-special-heading-tag \" style=\"text-align: left;\">1) Aktiviere iCloud f\u00fcr WhatsApp<\/h2>\n<\/div><\/section>\n<section class=\"av_textblock_section \"  itemscope=\"itemscope\" itemtype=\"https:\/\/schema.org\/CreativeWork\" ><div class='avia_textblock  '   itemprop=\"text\" ><p style=\"text-align: left;\">Gro\u00dfe Chats k\u00f6nnen am einfachsten \u00fcber iCloud exportiert werden. So aktivierst du iCloud:<\/p>\n<\/div><\/section>\n<div class=\"flex_column av_one_third  flex_column_div av-zero-column-padding first  avia-builder-el-5  el_after_av_textblock  el_before_av_one_third  column-top-margin\" style='border-radius:0px; '><section class=\"av_textblock_section \"  itemscope=\"itemscope\" itemtype=\"https:\/\/schema.org\/CreativeWork\" ><div class='avia_textblock  '   itemprop=\"text\" ><p><img decoding=\"async\" class=\"aligncenter\" src=\"https:\/\/www.zapptales.com\/wp-content\/uploads\/2017\/08\/DE1.png\" alt=\"Intro iCloud f\u00c3\u00bcr WhatsApp Chat Export E-Mail Schritt 1\" width=\"261\" height=\"501\" \/><\/p>\n<p style=\"text-align: center;\">Offne die Einstellungen und w\u00e4hle dort\u00a0<u>deinen Account<\/u>.<\/p>\n<\/div><\/section><\/div>\n<div class=\"flex_column av_one_third  flex_column_div av-zero-column-padding   avia-builder-el-7  el_after_av_one_third  el_before_av_one_third  column-top-margin\" style='border-radius:0px; '><section class=\"av_textblock_section \"  itemscope=\"itemscope\" itemtype=\"https:\/\/schema.org\/CreativeWork\" ><div class='avia_textblock  '   itemprop=\"text\" ><p><img decoding=\"async\" class=\"aligncenter\" src=\"https:\/\/www.zapptales.com\/wp-content\/uploads\/2017\/08\/DE2.png\" alt=\"Intro iCloud f\u00c3\u00bcr WhatsApp Chat Export E-Mail Schritt 2\" width=\"260\" height=\"499\" \/><\/p>\n<p style=\"text-align: center;\">Klicke\u00a0<u>iCloud Drive<\/u>.<\/p>\n<\/div><\/section><\/div>\n<div class=\"flex_column av_one_third  flex_column_div av-zero-column-padding   avia-builder-el-9  el_after_av_one_third  el_before_av_section  avia-builder-el-last  column-top-margin\" style='border-radius:0px; '><section class=\"av_textblock_section \"  itemscope=\"itemscope\" itemtype=\"https:\/\/schema.org\/CreativeWork\" ><div class='avia_textblock  '   itemprop=\"text\" ><p style=\"text-align: center;\"><img decoding=\"async\" class=\"aligncenter\" src=\"https:\/\/www.zapptales.com\/wp-content\/uploads\/2017\/08\/DE3.png\" alt=\"Intro iCloud f\u00c3\u00bcr WhatsApp Chat Export E-Mail Schritt 3\" width=\"260\" height=\"499\" \/><\/p>\n<p style=\"text-align: center;\">Aktiviere\u00a0<u>iCloud Drive<\/u>\u00a0und stelle sicher, dass\u00a0<u>WhatsApp<\/u>\u00a0auch aktiviert ist.<\/p>\n<\/div><\/section><\/div>\n<\/div><\/div><\/div><!-- close content main div --><\/div><\/div><div id='av_section_1'  class='avia-section main_color avia-section-default avia-no-border-styling av-section-color-overlay-active avia-bg-style-scroll  avia-builder-el-11  el_after_av_one_third  el_before_av_section  wbq_hide_on_mobile  container_wrap sidebar_right' style='background-color: #f0e6dc;  '  ><div class='av-section-color-overlay-wrap'><div class='av-section-color-overlay' style='opacity: 0.5; background-image: url(https:\/\/www.zapptales.com\/wp-content\/uploads\/2016\/03\/symphony.png); background-repeat: repeat;'><\/div><div class='container' ><div class='template-page content  av-content-small alpha units'><div class='post-entry post-entry-type-page post-entry-34996'><div class='entry-content-wrapper clearfix'>\n<section class=\"av_textblock_section \"  itemscope=\"itemscope\" itemtype=\"https:\/\/schema.org\/CreativeWork\" ><div class='avia_textblock wbq_hide_on_mobile '   itemprop=\"text\" ><h2 class=\"av-special-heading-tag \" style=\"text-align: right;\">2) Und jetzt: Exportiere deinen WhatsApp Chat aus iOS<\/h2>\n<\/div><\/section>\n<div class=\"flex_column av_one_fourth  flex_column_div av-zero-column-padding first  avia-builder-el-13  el_after_av_textblock  el_before_av_one_fourth  column-top-margin\" style='border-radius:0px; '><section class=\"av_textblock_section \"  itemscope=\"itemscope\" itemtype=\"https:\/\/schema.org\/CreativeWork\" ><div class='avia_textblock  '   itemprop=\"text\" ><h3 style=\"text-align: center;\"><strong>Schritt 1<\/strong><\/h3>\n<p style=\"text-align: center;\"><img decoding=\"async\" class=\"aligncenter\" src=\"https:\/\/www.zapptales.com\/wp-content\/uploads\/2017\/08\/DE1-1.png\" alt=\"WhatsApp Chat Export via iCloud f\u00c3\u00bcr iPhone Schritt 1\" width=\"260\" height=\"499\" \/>\u00a0Gehe zu dem Chat, aus dem du ein Buch erstellen m\u00f6chtest und \u00f6ffne ihn.<\/p>\n<\/div><\/section><\/div><div class=\"flex_column av_one_fourth  flex_column_div av-zero-column-padding   avia-builder-el-15  el_after_av_one_fourth  el_before_av_one_fourth  column-top-margin\" style='border-radius:0px; '><section class=\"av_textblock_section \"  itemscope=\"itemscope\" itemtype=\"https:\/\/schema.org\/CreativeWork\" ><div class='avia_textblock  '   itemprop=\"text\" ><h3 style=\"text-align: center;\"><strong>Schritt 2<\/strong><\/h3>\n<p style=\"text-align: center;\"><img decoding=\"async\" class=\"aligncenter\" src=\"https:\/\/www.zapptales.com\/wp-content\/uploads\/2017\/08\/DE2-1.png\" alt=\"WhatsApp Chat Export via iCloud f\u00c3\u00bcr iPhone Schritt 2\" width=\"260\" height=\"499\" \/>\u00a0Klicke auf den\u00a0<u>Namen<\/u>\u00a0des Chats\u00a0\u2013 der steht ganz oben, in der Mitte, \u00fcber den Nachrichten.<\/p>\n<\/div><\/section><\/div><div class=\"flex_column av_one_fourth  flex_column_div av-zero-column-padding   avia-builder-el-17  el_after_av_one_fourth  el_before_av_one_fourth  column-top-margin\" style='border-radius:0px; '><section class=\"av_textblock_section \"  itemscope=\"itemscope\" itemtype=\"https:\/\/schema.org\/CreativeWork\" ><div class='avia_textblock  '   itemprop=\"text\" ><h3 style=\"text-align: center;\"><strong>Schritt 3<\/strong><\/h3>\n<p style=\"text-align: center;\"><img decoding=\"async\" class=\"aligncenter\" src=\"https:\/\/www.zapptales.com\/wp-content\/uploads\/2017\/08\/DE3-1.png\" alt=\"WhatsApp Chat Export via iCloud f\u00c3\u00bcr iPhone Schritt 3\" width=\"259\" height=\"498\" \/>Scrolle nach unten und w\u00e4hle\u00a0<u>Chat exportieren<\/u>.<\/p>\n<\/div><\/section><\/div><div class=\"flex_column av_one_fourth  flex_column_div av-zero-column-padding   avia-builder-el-19  el_after_av_one_fourth  el_before_av_one_third  column-top-margin\" style='border-radius:0px; '><section class=\"av_textblock_section \"  itemscope=\"itemscope\" itemtype=\"https:\/\/schema.org\/CreativeWork\" ><div class='avia_textblock  '   itemprop=\"text\" ><h3 style=\"text-align: center;\"><strong>Schritt 4<\/strong><\/h3>\n<p style=\"text-align: center;\"><img decoding=\"async\" class=\"\" src=\"https:\/\/www.zapptales.com\/wp-content\/uploads\/2017\/08\/DE4.png\" alt=\"WhatsApp Chat Export via iCloud f\u00c3\u00bcr iPhone Schritt 4\" width=\"258\" height=\"495\" \/><\/p>\n<p style=\"text-align: center;\">W\u00e4hle\u00a0<u>Medien<\/u>\u00a0<u>hinzuf\u00fcgen<\/u>\u00a0aus, wenn du deine Bilder mitschicken m\u00f6chtest.<\/p>\n<\/div><\/section><\/div><div class=\"flex_column av_one_third  flex_column_div av-zero-column-padding first  avia-builder-el-21  el_after_av_one_fourth  el_before_av_one_third  column-top-margin\" style='border-radius:0px; '><section class=\"av_textblock_section \"  itemscope=\"itemscope\" itemtype=\"https:\/\/schema.org\/CreativeWork\" ><div class='avia_textblock  '   itemprop=\"text\" ><h3 style=\"text-align: center;\"><strong>Schritt 5<\/strong><\/h3>\n<p><img decoding=\"async\" class=\"aligncenter\" src=\"https:\/\/www.zapptales.com\/wp-content\/uploads\/2017\/08\/DE5.png\" alt=\"WhatsApp Chat Export via iCloud f\u00c3\u00bcr iPhone Schritt 5\" width=\"261\" height=\"501\" \/><\/p>\n<p style=\"text-align: center;\"><strong>WICHTIG!<\/strong> W\u00e4hle hier die iPhone <strong>&#8220;Mail&#8221;<\/strong> App \u2013 und <strong>NICHT<\/strong> die App eines anderen E-Mail Anbieters, wie z.B. GMX, Outlook, Gmail, etc.<\/p>\n<\/div><\/section><\/div><div class=\"flex_column av_one_third  flex_column_div av-zero-column-padding   avia-builder-el-23  el_after_av_one_third  el_before_av_one_third  column-top-margin\" style='border-radius:0px; '><section class=\"av_textblock_section \"  itemscope=\"itemscope\" itemtype=\"https:\/\/schema.org\/CreativeWork\" ><div class='avia_textblock  '   itemprop=\"text\" ><h3 style=\"text-align: center;\"><strong>Schritt 6<\/strong><\/h3>\n<p><img decoding=\"async\" class=\"aligncenter\" src=\"https:\/\/www.zapptales.com\/wp-content\/uploads\/2017\/08\/DE6.png\" alt=\"WhatsApp Chat Export via iCloud f\u00c3\u00bcr iPhone Schritt 6\" width=\"261\" height=\"501\" \/><\/p>\n<p style=\"text-align: center;\">Gib\u00a0<u>de@zapptales.com<\/u>\u00a0als Empf\u00e4nger an. Schreibe\u00a0einen beliebigen Betreff und klicke auf\u00a0<u>Senden<\/u>.<\/p>\n<\/div><\/section><\/div><div class=\"flex_column av_one_third  flex_column_div av-zero-column-padding   avia-builder-el-25  el_after_av_one_third  el_before_av_hr  column-top-margin\" style='border-radius:0px; '><section class=\"av_textblock_section \"  itemscope=\"itemscope\" itemtype=\"https:\/\/schema.org\/CreativeWork\" ><div class='avia_textblock  '   itemprop=\"text\" ><h3 style=\"text-align: center;\"><strong>Schritt 7<\/strong><\/h3>\n<p><img decoding=\"async\" class=\"aligncenter\" src=\"https:\/\/www.zapptales.com\/wp-content\/uploads\/2017\/08\/DE7.png\" alt=\"WhatsApp Chat Export via iCloud f\u00c3\u00bcr iPhone Schritt 7\" width=\"259\" height=\"497\" \/><\/p>\n<p style=\"text-align: center;\">Falls der Anhang sehr\u00a0gro\u00df ist, wird dir diese Meldung\u00a0angezeigt. Klicke hier auf\u00a0<u>Mail Drop verwenden<\/u>.\u00a0Dein Chat ist\u00a0nun auf dem Weg!<\/p>\n<\/div><\/section><\/div><div  style='height:65px' class='hr hr-invisible   avia-builder-el-27  el_after_av_one_third  el_before_av_textblock '><span class='hr-inner ' ><span class='hr-inner-style'><\/span><\/span><\/div>\n<section class=\"av_textblock_section \"  itemscope=\"itemscope\" itemtype=\"https:\/\/schema.org\/CreativeWork\" ><div class='avia_textblock  '   itemprop=\"text\" ><p>Bitte beachte, dass die E-Mail mit deinem Chat vorerst im Postausgang bleibt, bis dein Chat in deine iCloud hochgeladen wurde. Erst wenn die E-Mail in deinen gesendeten E-Mails erscheint wurde der Chat auch hochgeladen. Sobald der Chat bei uns angekommen ist erh\u00e4ltst du eine automatische Empfangsbest\u00e4tigung.<\/p>\n<\/div><\/section>\n<div  style='height:15px' class='hr hr-invisible   avia-builder-el-29  el_after_av_textblock  el_before_av_button '><span class='hr-inner ' ><span class='hr-inner-style'><\/span><\/span><\/div>\n<div  class='avia-button-wrap avia-button-center  avia-builder-el-30  el_after_av_hr  avia-builder-el-last  wbq_hide_on_mobile' ><a href='https:\/\/www.zapptales.com\/de\/inspiration\/'  class='avia-button   avia-icon_select-no avia-color-theme-color avia-size-large avia-position-center '   ><span class='avia_iconbox_title' >Ich habe meinen Chat versendet!<\/span><\/a><\/div>\n<\/div><\/div><\/div><!-- close content main div --><\/div><\/div><\/div><div id='av_section_2'  class='avia-section main_color avia-section-default avia-no-border-styling av-section-color-overlay-active avia-bg-style-scroll  avia-builder-el-31  el_after_av_section  el_before_av_section  wbq_hide_on_desktop  container_wrap sidebar_right' style='background-color: #f0e6dc;  '  ><div class='av-section-color-overlay-wrap'><div class='av-section-color-overlay' style='opacity: 0.5; background-image: url(https:\/\/www.zapptales.com\/wp-content\/uploads\/2016\/03\/symphony.png); background-repeat: repeat;'><\/div><div class='container' ><div class='template-page content  av-content-small alpha units'><div class='post-entry post-entry-type-page post-entry-34996'><div class='entry-content-wrapper clearfix'>\n<section class=\"av_textblock_section \"  itemscope=\"itemscope\" itemtype=\"https:\/\/schema.org\/CreativeWork\" ><div class='avia_textblock wbq_hide_on_desktop '   itemprop=\"text\" ><h2 class=\"av-special-heading-tag \" style=\"text-align: left;\">2) Und jetzt: Exportiere deinen WhatsApp Chat aus iOS<\/h2>\n<\/div><\/section>\n<\/p>\n<\/div><\/div><\/div><!-- close content main div --><\/div><\/div><\/div><div id='schritt1-mobile'  class='avia-section main_color avia-section-default avia-no-border-styling av-section-color-overlay-active avia-bg-style-scroll  avia-builder-el-33  el_after_av_section  el_before_av_section  wbq_hide_on_desktop  container_wrap sidebar_right' style='background-color: #f0e6dc;  '  ><div class='av-section-color-overlay-wrap'><div class='av-section-color-overlay' style='opacity: 0.5; background-image: url(https:\/\/www.zapptales.com\/wp-content\/uploads\/2016\/03\/symphony.png); background-repeat: repeat;'><\/div><div class='container' ><div class='template-page content  av-content-small alpha units'><div class='post-entry post-entry-type-page post-entry-34996'><div class='entry-content-wrapper clearfix'>\n<section class=\"av_textblock_section \"  itemscope=\"itemscope\" itemtype=\"https:\/\/schema.org\/CreativeWork\" ><div class='avia_textblock  '   itemprop=\"text\" ><h3 style=\"text-align: center;\"><strong>Schritt 1<\/strong><\/h3>\n<\/div><\/section>\n<section class=\"av_textblock_section \"  itemscope=\"itemscope\" itemtype=\"https:\/\/schema.org\/CreativeWork\" ><div class='avia_textblock  '   itemprop=\"text\" ><p style=\"text-align: center;\"><img decoding=\"async\" class=\"aligncenter\" src=\"https:\/\/www.zapptales.com\/wp-content\/uploads\/2017\/08\/DE1-1.png\" alt=\"WhatsApp Chat Export via iCloud f\u00c3\u00bcr iPhone Schritt 1\" width=\"260\" height=\"499\" \/>\u00a0Gehe zu dem Chat, aus dem du ein Buch erstellen m\u00f6chtest und \u00f6ffne ihn.<\/p>\n<\/div><\/section>\n\n<\/div><\/div><\/div><!-- close content main div --><\/div><\/div><\/div><div id='schritt2-mobile'  class='avia-section main_color avia-section-default avia-no-border-styling avia-bg-style-scroll  avia-builder-el-36  el_after_av_section  el_before_av_section  wbq_hide_on_desktop  container_wrap sidebar_right' style=' '  ><div class='container' ><div class='template-page content  av-content-small alpha units'><div class='post-entry post-entry-type-page post-entry-34996'><div class='entry-content-wrapper clearfix'>\n<section class=\"av_textblock_section \"  itemscope=\"itemscope\" itemtype=\"https:\/\/schema.org\/CreativeWork\" ><div class='avia_textblock  '   itemprop=\"text\" ><h3 style=\"text-align: center;\"><strong>Schritt 2<\/strong><\/h3>\n<\/div><\/section>\n<section class=\"av_textblock_section \"  itemscope=\"itemscope\" itemtype=\"https:\/\/schema.org\/CreativeWork\" ><div class='avia_textblock  '   itemprop=\"text\" ><p style=\"text-align: center;\"><img decoding=\"async\" class=\"aligncenter\" src=\"https:\/\/www.zapptales.com\/wp-content\/uploads\/2017\/08\/DE2-1.png\" alt=\"WhatsApp Chat Export via iCloud f\u00c3\u00bcr iPhone Schritt 2\" width=\"260\" height=\"499\" \/>\u00a0Klicke auf den\u00a0<u>Namen<\/u>\u00a0des Chats\u00a0\u2013 der steht ganz oben, in der Mitte, \u00fcber den Nachrichten.<\/p>\n<\/div><\/section>\n\n<\/div><\/div><\/div><!-- close content main div --><\/div><div class='av-extra-border-element border-extra-diagonal  '><div class='av-extra-border-outer'><div class='av-extra-border-inner'  style='background-color:#ffffff;' ><\/div><\/div><\/div><\/div><div id='schritt3-mobile'  class='avia-section main_color avia-section-default avia-no-border-styling av-section-color-overlay-active avia-bg-style-scroll  avia-builder-el-39  el_after_av_section  el_before_av_section  wbq_hide_on_desktop  container_wrap sidebar_right' style='background-color: #f0e6dc;  '  ><div class='av-section-color-overlay-wrap'><div class='av-section-color-overlay' style='opacity: 0.5; background-image: url(https:\/\/www.zapptales.com\/wp-content\/uploads\/2016\/03\/symphony.png); background-repeat: repeat;'><\/div><div class='container' ><div class='template-page content  av-content-small alpha units'><div class='post-entry post-entry-type-page post-entry-34996'><div class='entry-content-wrapper clearfix'>\n<section class=\"av_textblock_section \"  itemscope=\"itemscope\" itemtype=\"https:\/\/schema.org\/CreativeWork\" ><div class='avia_textblock  '   itemprop=\"text\" ><h3 style=\"text-align: center;\"><strong>Schritt 3<\/strong><\/h3>\n<\/div><\/section>\n<section class=\"av_textblock_section \"  itemscope=\"itemscope\" itemtype=\"https:\/\/schema.org\/CreativeWork\" ><div class='avia_textblock  '   itemprop=\"text\" ><p style=\"text-align: center;\"><img decoding=\"async\" class=\"aligncenter\" src=\"https:\/\/www.zapptales.com\/wp-content\/uploads\/2017\/08\/DE3-1.png\" alt=\"WhatsApp Chat Export via iCloud f\u00c3\u00bcr iPhone Schritt 3\" width=\"259\" height=\"498\" \/>Scrolle nach unten und w\u00e4hle\u00a0<u>Chat exportieren<\/u>.<\/p>\n<\/div><\/section>\n\n<\/div><\/div><\/div><!-- close content main div --><\/div><\/div><\/div><div id='schritt4-mobile'  class='avia-section main_color avia-section-default avia-no-border-styling avia-bg-style-scroll  avia-builder-el-42  el_after_av_section  el_before_av_section  wbq_hide_on_desktop  container_wrap sidebar_right' style=' '  ><div class='container' ><div class='template-page content  av-content-small alpha units'><div class='post-entry post-entry-type-page post-entry-34996'><div class='entry-content-wrapper clearfix'>\n<section class=\"av_textblock_section \"  itemscope=\"itemscope\" itemtype=\"https:\/\/schema.org\/CreativeWork\" ><div class='avia_textblock  '   itemprop=\"text\" ><h3 style=\"text-align: center;\"><strong>Schritt 4<\/strong><\/h3>\n<\/div><\/section>\n<section class=\"av_textblock_section \"  itemscope=\"itemscope\" itemtype=\"https:\/\/schema.org\/CreativeWork\" ><div class='avia_textblock  '   itemprop=\"text\" ><p style=\"text-align: center;\"><img decoding=\"async\" class=\"\" src=\"https:\/\/www.zapptales.com\/wp-content\/uploads\/2017\/08\/DE4.png\" alt=\"WhatsApp Chat Export via iCloud f\u00c3\u00bcr iPhone Schritt 4\" width=\"258\" height=\"495\" \/><\/p>\n<p style=\"text-align: center;\">W\u00e4hle\u00a0<u>Medien<\/u>\u00a0<u>hinzuf\u00fcgen<\/u>\u00a0aus, wenn du deine Bilder mitschicken m\u00f6chtest.<\/p>\n<\/div><\/section>\n\n<\/div><\/div><\/div><!-- close content main div --><\/div><div class='av-extra-border-element border-extra-diagonal  '><div class='av-extra-border-outer'><div class='av-extra-border-inner'  style='background-color:#ffffff;' ><\/div><\/div><\/div><\/div><div id='schritt5-mobile'  class='avia-section main_color avia-section-default avia-no-border-styling av-section-color-overlay-active avia-bg-style-scroll  avia-builder-el-45  el_after_av_section  el_before_av_section  wbq_hide_on_desktop  container_wrap sidebar_right' style='background-color: #f0e6dc;  '  ><div class='av-section-color-overlay-wrap'><div class='av-section-color-overlay' style='opacity: 0.5; background-image: url(https:\/\/www.zapptales.com\/wp-content\/uploads\/2016\/03\/symphony.png); background-repeat: repeat;'><\/div><div class='container' ><div class='template-page content  av-content-small alpha units'><div class='post-entry post-entry-type-page post-entry-34996'><div class='entry-content-wrapper clearfix'>\n<section class=\"av_textblock_section \"  itemscope=\"itemscope\" itemtype=\"https:\/\/schema.org\/CreativeWork\" ><div class='avia_textblock  '   itemprop=\"text\" ><h3 style=\"text-align: center;\"><strong>Schritt 5<\/strong><\/h3>\n<\/div><\/section>\n<section class=\"av_textblock_section \"  itemscope=\"itemscope\" itemtype=\"https:\/\/schema.org\/CreativeWork\" ><div class='avia_textblock  '   itemprop=\"text\" ><p><img decoding=\"async\" class=\"aligncenter\" src=\"https:\/\/www.zapptales.com\/wp-content\/uploads\/2017\/08\/DE5.png\" alt=\"WhatsApp Chat Export via iCloud f\u00c3\u00bcr iPhone Schritt 5\" width=\"261\" height=\"501\" \/><\/p>\n<p style=\"text-align: center;\">W\u00e4hle hier die iPhone Mail App \u2013 und NICHT die App eines anderen E-Mail Anbieters, wie z.B. GMX oder Gmail.<\/p>\n<\/div><\/section>\n\n<\/div><\/div><\/div><!-- close content main div --><\/div><\/div><\/div><div id='schritt6-mobile'  class='avia-section main_color avia-section-default avia-no-border-styling avia-bg-style-scroll  avia-builder-el-48  el_after_av_section  el_before_av_section  wbq_hide_on_desktop  container_wrap sidebar_right' style=' '  ><div class='container' ><div class='template-page content  av-content-small alpha units'><div class='post-entry post-entry-type-page post-entry-34996'><div class='entry-content-wrapper clearfix'>\n<section class=\"av_textblock_section \"  itemscope=\"itemscope\" itemtype=\"https:\/\/schema.org\/CreativeWork\" ><div class='avia_textblock  '   itemprop=\"text\" ><h3 style=\"text-align: center;\"><strong>Schritt 6<\/strong><\/h3>\n<\/div><\/section>\n<section class=\"av_textblock_section \"  itemscope=\"itemscope\" itemtype=\"https:\/\/schema.org\/CreativeWork\" ><div class='avia_textblock  '   itemprop=\"text\" ><p><img decoding=\"async\" class=\"aligncenter\" src=\"https:\/\/www.zapptales.com\/wp-content\/uploads\/2017\/08\/DE6.png\" alt=\"WhatsApp Chat Export via iCloud f\u00c3\u00bcr iPhone Schritt 6\" width=\"261\" height=\"501\" \/><\/p>\n<p style=\"text-align: center;\">Gib\u00a0<u>de@zapptales.com<\/u>\u00a0als Empf\u00e4nger an. Schreibe\u00a0einen beliebigen Betreff und klicke auf\u00a0<u>Senden<\/u>.<\/p>\n<\/div><\/section>\n\n<\/div><\/div><\/div><!-- close content main div --><\/div><\/div><div id='schritt7-mobile'  class='avia-section main_color avia-section-default avia-no-border-styling av-section-color-overlay-active avia-bg-style-scroll  avia-builder-el-51  el_after_av_section  el_before_av_textblock  wbq_hide_on_desktop  container_wrap sidebar_right' style='background-color: #f0e6dc;  '  ><div class='av-section-color-overlay-wrap'><div class='av-section-color-overlay' style='opacity: 0.5; background-image: url(https:\/\/www.zapptales.com\/wp-content\/uploads\/2016\/03\/symphony.png); background-repeat: repeat;'><\/div><div class='container' ><div class='template-page content  av-content-small alpha units'><div class='post-entry post-entry-type-page post-entry-34996'><div class='entry-content-wrapper clearfix'>\n<section class=\"av_textblock_section \"  itemscope=\"itemscope\" itemtype=\"https:\/\/schema.org\/CreativeWork\" ><div class='avia_textblock  '   itemprop=\"text\" ><h3 style=\"text-align: center;\"><strong>Schritt 7<\/strong><\/h3>\n<\/div><\/section>\n<section class=\"av_textblock_section \"  itemscope=\"itemscope\" itemtype=\"https:\/\/schema.org\/CreativeWork\" ><div class='avia_textblock  '   itemprop=\"text\" ><p><img decoding=\"async\" class=\"aligncenter\" src=\"https:\/\/www.zapptales.com\/wp-content\/uploads\/2017\/08\/DE7.png\" alt=\"WhatsApp Chat Export via iCloud f\u00c3\u00bcr iPhone Schritt 7\" width=\"259\" height=\"497\" \/><\/p>\n<p style=\"text-align: center;\">Falls der Anhang sehr\u00a0gro\u00df ist, wird dir diese Meldung\u00a0angezeigt. Klicke hier auf\u00a0<u>Mail Drop verwenden<\/u>.\u00a0Dein Chat ist\u00a0nun auf dem Weg!<\/p>\n<\/div><\/section>\n<\/div><\/div><\/div><!-- close content main div --><\/div><\/div><\/div><div id='after_section_9'  class='main_color av_default_container_wrap container_wrap sidebar_right' style=' '  ><div class='container' ><div class='template-page content  av-content-small alpha units'><div class='post-entry post-entry-type-page post-entry-34996'><div class='entry-content-wrapper clearfix'>\n<section class=\"av_textblock_section \"  itemscope=\"itemscope\" itemtype=\"https:\/\/schema.org\/CreativeWork\" ><div class='avia_textblock wbq_hide_on_desktop '   itemprop=\"text\" ><p>Bitte beachte, dass die E-Mail mit deinem Chat vorerst im Postausgang bleibt, bis dein Chat in deine iCloud hochgeladen wurde. Erst wenn die E-Mail in deinen gesendeten E-Mails erscheint wurde der Chat auch hochgeladen. Sobald der Chat bei uns angekommen ist erh\u00e4ltst du eine automatische Empfangsbest\u00e4tigung.<\/p>\n<\/div><\/section>\n<div  style='height:25px' class='hr hr-invisible   avia-builder-el-55  el_after_av_textblock  el_before_av_button  wbq_hide_on_desktop'><span class='hr-inner ' ><span class='hr-inner-style'><\/span><\/span><\/div>\n<div  class='avia-button-wrap avia-button-center  avia-builder-el-56  el_after_av_hr  avia-builder-el-last  wbq_hide_on_desktop' ><a href='https:\/\/www.zapptales.com\/de\/inspiration\/'  class='avia-button   avia-icon_select-no avia-color-theme-color avia-size-small avia-position-center '   ><span class='avia_iconbox_title' >Ich habe meinen Chat versendet!<\/span><\/a><\/div>\n","protected":false},"excerpt":{"rendered":"","protected":false},"author":19,"featured_media":0,"parent":34992,"menu_order":0,"comment_status":"closed","ping_status":"closed","template":"","meta":[],"_links":{"self":[{"href":"https:\/\/www.zapptales.com\/de\/wp-json\/wp\/v2\/pages\/34996\/"}],"collection":[{"href":"https:\/\/www.zapptales.com\/de\/wp-json\/wp\/v2\/pages\/"}],"about":[{"href":"https:\/\/www.zapptales.com\/de\/wp-json\/wp\/v2\/types\/page\/"}],"author":[{"embeddable":true,"href":"https:\/\/www.zapptales.com\/de\/wp-json\/wp\/v2\/users\/19\/"}],"replies":[{"embeddable":true,"href":"https:\/\/www.zapptales.com\/de\/wp-json\/wp\/v2\/comments\/?post=34996"}],"version-history":[{"count":0,"href":"https:\/\/www.zapptales.com\/de\/wp-json\/wp\/v2\/pages\/34996\/revisions\/"}],"up":[{"embeddable":true,"href":"https:\/\/www.zapptales.com\/de\/wp-json\/wp\/v2\/pages\/34992\/"}],"wp:attachment":[{"href":"https:\/\/www.zapptales.com\/de\/wp-json\/wp\/v2\/media\/?parent=34996"}],"curies":[{"name":"wp","href":"https:\/\/api.w.org\/{rel}","templated":true}]}}