{"id":3704,"date":"2018-02-13T18:00:13","date_gmt":"2018-02-13T17:00:13","guid":{"rendered":"https:\/\/www.zapptales.com\/de\/?page_id=3704"},"modified":"2020-03-26T15:34:06","modified_gmt":"2020-03-26T14:34:06","slug":"facebook-gewinnspiel","status":"publish","type":"page","link":"https:\/\/www.zapptales.com\/de\/facebook-gewinnspiel\/","title":{"rendered":"Teilnahmebedingungen | Facebook Gewinnspiel"},"content":{"rendered":"<div id='av_section_1'  class='avia-section main_color avia-section-large avia-no-border-styling avia-bg-style-scroll  avia-builder-el-0  el_before_av_section  avia-builder-el-first   container_wrap sidebar_right' style=' '  ><div class='container' ><main  role=\"main\" itemprop=\"mainContentOfPage\"  class='template-page content  av-content-small alpha units'><div class='post-entry post-entry-type-page post-entry-3704'><div class='entry-content-wrapper clearfix'>\n<div  style='padding-bottom:10px; font-size:24px;' class='av-special-heading av-special-heading-h1  blockquote modern-quote  avia-builder-el-1  avia-builder-el-no-sibling  av-inherit-size '><h1 class='av-special-heading-tag '  itemprop=\"headline\"  >Teilnahmebedingungen | Facebook Gewinnspiel <\/h1><div class='special-heading-border'><div class='special-heading-inner-border' ><\/div><\/div><\/div>\n\n<\/div><\/div><\/main><!-- close content main element --><\/div><\/div><div id='av_section_2'  class='avia-section main_color avia-section-small avia-no-border-styling avia-bg-style-scroll  avia-builder-el-2  el_after_av_section  avia-builder-el-last   container_wrap sidebar_right' style=' '  ><div class='container' ><div class='template-page content  av-content-small alpha units'><div class='post-entry post-entry-type-page post-entry-3704'><div class='entry-content-wrapper clearfix'>\n<section class=\"av_textblock_section \"  itemscope=\"itemscope\" itemtype=\"https:\/\/schema.org\/CreativeWork\" ><div class='avia_textblock  '   itemprop=\"text\" ><ol>\n<li>Das Gewinnspiel startet am <strong>26.03.2020\u00a0<\/strong>und endet am <strong>31.03.2020 um 23:59 Uhr.<\/strong><\/li>\n<li>Als Gewinn wird ein zapptales Gutschein\u00a0im Wert von 50\u20ac verlost. Es fallen keine weiteren Kosten an.<\/li>\n<li style=\"text-align: left;\">Die Teilnahme erfolgt indem der Nutzer im genannten Zeitraum unter das Gewinnspiel-Posting postet, welchen Chat er am liebsten in ein Buch verwandeln w\u00fcrde. Hier geht es zum Gewinnspiel-Posting:\u00a0<a href=\"https:\/\/www.facebook.com\/zapptales\/posts\/1542144205937143\">https:\/\/www.facebook.com\/zapptales\/posts\/955454241272812<\/a><\/li>\n<\/ol>\n<p style=\"text-align: center;\">***<\/p>\n<ol>\n<li>Kommentare, die gegen die Facebook Richtlinien, deutsches Recht und oder das Copyright versto\u00dfen, werden nach\u00a0Kenntnisnahme ohne Ank\u00fcndigung entfernt. Der Teilnehmer ist damit vom Gewinn ausgeschlossen.<\/li>\n<li>Die Gewinner werden \u00fcber eine Facebook Nachricht\u00a0oder per E-Mail benachrichtigt.\u00a0Jeder Gewinner muss sich\u00a0innerhalb von 5 Werktagen\u00a0per E-Mail an\u00a0info@zapptales.com\u00a0oder \u00fcber eine private Nachricht an die zapptales\u00a0Facebook Seite melden. Meldet sich ein Gewinner nicht innerhalb dieser Frist werden die Gutscheine erneut unter allen Teilnehmern verlost.<\/li>\n<li>Es werden alle Facebook Namen der Teilnehmer erfasst und zur Gewinnermittlung gespeichert. Alle Daten werden\u00a0sp\u00e4testens 30 Tage nach Ende des Gewinnspiels gel\u00f6scht. Den Teilnehmern stehen gesetzliche Auskunfts-, \u00c4nderungs- und Widerrufsrechte zu.<\/li>\n<li>Mit der Teilnahme am Gewinnspiel erkl\u00e4rt sich der Nutzer damit einverstanden, dass die zapptales GmbH das Foto seines Buches sowie den dazu geschriebenen Text bez\u00fcglich der Erfahrung mit zapptales f\u00fcr Werbezwecke verwenden darf.<\/li>\n<li>Das Gewinnspiel wird nicht von Facebook gesponsert oder unterst\u00fctzt.<\/li>\n<li>Teilnahmeberechtigt sind Personen aus Deutschland, \u00d6sterreich und\u00a0der\u00a0Schweiz mit einem Mindestalter von 18 Jahren.<\/li>\n<li>Der Gewinner wird am Freitag, den 03.04.2020 benachrichtigt.<\/li>\n<\/ol>\n<\/div><\/section>\n<\/div><\/div><\/div><!-- close content main div --><\/div><\/div><div id='after_section_2'  class='main_color av_default_container_wrap container_wrap sidebar_right' style=' '  ><div class='container' ><div class='template-page content  av-content-small alpha units'><div class='post-entry post-entry-type-page post-entry-3704'><div class='entry-content-wrapper clearfix'>\n","protected":false},"excerpt":{"rendered":"","protected":false},"author":4,"featured_media":0,"parent":0,"menu_order":0,"comment_status":"closed","ping_status":"closed","template":"","meta":[],"_links":{"self":[{"href":"https:\/\/www.zapptales.com\/de\/wp-json\/wp\/v2\/pages\/3704\/"}],"collection":[{"href":"https:\/\/www.zapptales.com\/de\/wp-json\/wp\/v2\/pages\/"}],"about":[{"href":"https:\/\/www.zapptales.com\/de\/wp-json\/wp\/v2\/types\/page\/"}],"author":[{"embeddable":true,"href":"https:\/\/www.zapptales.com\/de\/wp-json\/wp\/v2\/users\/4\/"}],"replies":[{"embeddable":true,"href":"https:\/\/www.zapptales.com\/de\/wp-json\/wp\/v2\/comments\/?post=3704"}],"version-history":[{"count":0,"href":"https:\/\/www.zapptales.com\/de\/wp-json\/wp\/v2\/pages\/3704\/revisions\/"}],"wp:attachment":[{"href":"https:\/\/www.zapptales.com\/de\/wp-json\/wp\/v2\/media\/?parent=3704"}],"curies":[{"name":"wp","href":"https:\/\/api.w.org\/{rel}","templated":true}]}}