{"id":42275,"date":"2020-05-12T16:10:52","date_gmt":"2020-05-12T14:10:52","guid":{"rendered":"https:\/\/www.zapptales.com\/?page_id=42275"},"modified":"2024-03-05T09:58:01","modified_gmt":"2024-03-05T08:58:01","slug":"chat-buch-gestalten-instagram","status":"publish","type":"page","link":"https:\/\/www.zapptales.com\/de\/chat-buch-gestalten-instagram\/","title":{"rendered":"Gestalte jetzt dein Instagram Chat Buch"},"content":{"rendered":"<div id='wbq'  class='avia-section main_color avia-section-small avia-no-border-styling av-section-color-overlay-active avia-bg-style-fixed  avia-builder-el-0  el_before_av_textblock  avia-builder-el-first   container_wrap sidebar_right' style='background-color: #f0e6dc;  margin-top:0px; margin-bottom:15; '  ><div class='av-section-color-overlay-wrap'><div class='av-section-color-overlay' style='opacity: 0.5; background-image: url(https:\/\/www.zapptales.com\/wp-content\/uploads\/2016\/03\/symphony.png); background-repeat: repeat;'><\/div><div class='container' ><main  role=\"main\" itemprop=\"mainContentOfPage\"  class='template-page content  av-content-small alpha units'><div class='post-entry post-entry-type-page post-entry-42275'><div class='entry-content-wrapper clearfix'>\n<div  style='height:1px; margin-top:-80px'  class='hr hr-invisible   avia-builder-el-1  el_before_av_textblock  avia-builder-el-first  wbq_hide_on_mobile'><span class='hr-inner ' ><span class='hr-inner-style'><\/span><\/span><\/div>\n<section class=\"av_textblock_section \"  itemscope=\"itemscope\" itemtype=\"https:\/\/schema.org\/CreativeWork\" ><div class='avia_textblock  '   itemprop=\"text\" ><p><a href=\"https:\/\/www.zapptales.com\/de\/\"><img decoding=\"async\" class=\"wp-image-51196 alignleft\" src=\"https:\/\/www.zapptales.com\/wp-content\/uploads\/2021\/03\/zapptales-einfach-sicher-individuell.png\" alt=\"\" width=\"178\" height=\"56\" srcset=\"https:\/\/www.zapptales.com\/wp-content\/uploads\/2021\/03\/zapptales-einfach-sicher-individuell.png 800w, https:\/\/www.zapptales.com\/wp-content\/uploads\/2021\/03\/zapptales-einfach-sicher-individuell-300x95.png 300w, https:\/\/www.zapptales.com\/wp-content\/uploads\/2021\/03\/zapptales-einfach-sicher-individuell-768x242.png 768w, https:\/\/www.zapptales.com\/wp-content\/uploads\/2021\/03\/zapptales-einfach-sicher-individuell-705x222.png 705w\" sizes=\"(max-width: 178px) 100vw, 178px\" \/><\/a> <a><img decoding=\"async\" class=\"wp-image-51196 alignright\" src=\"https:\/\/cdn.zapptales.com\/assets\/ssl-bac3bfcda51769f6048bfad67dd8d592.png\" alt=\"\" width=\"56\" height=\"56\" \/><\/a><\/p>\n<\/div><\/section>\n<div  style='height:12px' class='hr hr-invisible   avia-builder-el-3  el_after_av_textblock  avia-builder-el-last  wbq_hide_on_desktop'><span class='hr-inner ' ><span class='hr-inner-style'><\/span><\/span><\/div>\n<\/div><\/div><\/main><!-- close content main element --><\/div><\/div><\/div><div id='after_section_1'  class='main_color av_default_container_wrap container_wrap sidebar_right' style=' '  ><div class='container' ><div class='template-page content  av-content-small alpha units'><div class='post-entry post-entry-type-page post-entry-42275'><div class='entry-content-wrapper clearfix'>\n<section class=\"av_textblock_section \"  itemscope=\"itemscope\" itemtype=\"https:\/\/schema.org\/CreativeWork\" ><div class='avia_textblock  av_inherit_color '  style='color:#424242; '  itemprop=\"text\" ><h2 style=\"text-align: center;\">Gestalte jetzt dein Instagram Chat Buch:<\/h2>\n<\/div><\/section>\n<div  style='height:25px' class='hr hr-invisible   avia-builder-el-5  el_after_av_textblock  el_before_av_button '><span class='hr-inner ' ><span class='hr-inner-style'><\/span><\/span><\/div>\n<div  class='avia-button-wrap avia-button-center  avia-builder-el-6  el_after_av_hr  el_before_av_layout_row  avia-builder-el-last ' ><a href='https:\/\/www.zapptales.com\/de\/instagram-buch-starten\/'  class='avia-button   avia-icon_select-yes-right-icon avia-color-theme-color avia-size-small avia-position-center '   ><span class='avia_iconbox_title' >Anleitung starten<\/span><span class='avia_button_icon avia_button_icon_right' aria-hidden='true' data-av_icon='\ue871' data-av_iconfont='entypo-fontello'><\/span><\/a><\/div>\n<\/div><\/div><\/div><!-- close content main div --><\/div><\/div><div id='av-layout-grid-1'  class='av-layout-grid-container entry-content-wrapper main_color av-flex-cells     avia-builder-el-7  el_after_av_button  el_before_av_section  wbq_hide_on_desktop wbq_hide_on_mobile wbq_hide_on_tablet submenu-not-first container_wrap sidebar_right' style=' '  >\n<div class=\"flex_cell no_margin av_one_full  avia-builder-el-8  avia-builder-el-no-sibling   \" style='vertical-align:top; padding:25px 5% 15px 5% ; '><div class='flex_cell_inner' ><br \/>\n\t<div  style='background:#780091;color:#ffffff;border-color:#333333;' class='av_promobox  avia-button-no   avia-builder-el-10  el_after_av_codeblock  avia-builder-el-last '>\t\t<div class='avia-promocontent'><\/p>\n<p style=\"text-align: center;\"><strong style=\"color: white !important;\">Wichtiger Hinweis:<\/strong><br \/>\nWir f\u00fchren heute von 22-24h Routine-Wartungsarbeiten durch.<br \/>\nIn dieser Zeit kannst du keinen Chat hochladen bzw. bearbeiten. Davor und danach funktioniert alles wie gewohnt \ud83d\ude0a<\/p>\n<p>\n<\/div>\t<\/div><\/p>\n<\/div><\/div>\n<\/div>\n<div id='av_section_2'  class='avia-section main_color avia-section-default avia-no-border-styling av-section-color-overlay-active avia-bg-style-scroll  avia-builder-el-11  el_after_av_layout_row  el_before_av_section   container_wrap sidebar_right' style='background-color: #f0e6dc;  '  ><div class='av-section-color-overlay-wrap'><div class='av-section-color-overlay' style='opacity: 0.5; background-image: url(https:\/\/www.zapptales.com\/wp-content\/uploads\/2016\/03\/symphony.png); background-repeat: repeat;'><\/div><div class='container' ><div class='template-page content  av-content-small alpha units'><div class='post-entry post-entry-type-page post-entry-42275'><div class='entry-content-wrapper clearfix'>\n<section class=\"av_textblock_section \"  itemscope=\"itemscope\" itemtype=\"https:\/\/schema.org\/CreativeWork\" ><div class='avia_textblock  av_inherit_color '  style='color:#424242; '  itemprop=\"text\" ><h4>In nur 4 einfachen Schritten gestaltest du dein Instagram Chat Buch &#8211; So geht&#8217;s<\/h4>\n<\/div><\/section>\n<div  style='height:25px' class='hr hr-invisible   avia-builder-el-13  el_after_av_textblock  el_before_av_three_fifth '><span class='hr-inner ' ><span class='hr-inner-style'><\/span><\/span><\/div>\n<div class=\"flex_column av_three_fifth  flex_column_div av-zero-column-padding first  avia-builder-el-14  el_after_av_hr  el_before_av_two_fifth  \" style='border-radius:0px; '><section class=\"av_textblock_section \"  itemscope=\"itemscope\" itemtype=\"https:\/\/schema.org\/CreativeWork\" ><div class='avia_textblock  '   itemprop=\"text\" ><p><strong>1. Instagram Daten herunterladen \ud83d\udcf1<\/strong><br \/>\nLade bei Instagram eine Kopie deiner Daten herunter. Diese Datei beinhaltet auch deine Instagram Chats. Das ist eine Instagram-eigene Funktion, die jeder Instagram-Nutzer f\u00fcr sich anwenden kann.<\/p>\n<\/div><\/section><\/div><div class=\"flex_column av_two_fifth  flex_column_div av-zero-column-padding   avia-builder-el-16  el_after_av_three_fifth  el_before_av_hr  \" style='border-radius:0px; '><div  class='avia-image-container  av-styling-    avia-builder-el-17  avia-builder-el-no-sibling  avia-align-center '  itemprop=\"image\" itemscope=\"itemscope\" itemtype=\"https:\/\/schema.org\/ImageObject\"  ><div class='avia-image-container-inner'><div class='avia-image-overlay-wrap'><img class='avia_image' src='https:\/\/www.zapptales.com\/wp-content\/uploads\/2020\/01\/Instagram-Daten-herunterladen.jpg' alt='Instagram Daten herunterladen' title='Instagram Daten herunterladen' height=\"433\" width=\"800\"  itemprop=\"thumbnailUrl\"  \/><\/div><\/div><\/div><\/div><div   class='hr hr-default   avia-builder-el-18  el_after_av_two_fifth  el_before_av_two_fifth '><span class='hr-inner ' ><span class='hr-inner-style'><\/span><\/span><\/div>\n<div class=\"flex_column av_two_fifth  flex_column_div av-zero-column-padding first  avia-builder-el-19  el_after_av_hr  el_before_av_three_fifth  wbq_hide_on_mobile \" style='border-radius:0px; '><div  class='avia-image-container  av-styling-    avia-builder-el-20  avia-builder-el-no-sibling  avia-align-center '  itemprop=\"image\" itemscope=\"itemscope\" itemtype=\"https:\/\/schema.org\/ImageObject\"  ><div class='avia-image-container-inner'><div class='avia-image-overlay-wrap'><img class='avia_image' src='https:\/\/www.zapptales.com\/wp-content\/uploads\/2019\/12\/Instagram-Daten-hochladen-2.jpg' alt='Instagram Daten hochladen' title='Instagram Daten hochladen' height=\"433\" width=\"800\"  itemprop=\"thumbnailUrl\"  \/><\/div><\/div><\/div><\/div><div class=\"flex_column av_three_fifth  flex_column_div av-zero-column-padding   avia-builder-el-21  el_after_av_two_fifth  el_before_av_three_fifth  wbq_hide_on_mobile \" style='border-radius:0px; '><section class=\"av_textblock_section \"  itemscope=\"itemscope\" itemtype=\"https:\/\/schema.org\/CreativeWork\" ><div class='avia_textblock  '   itemprop=\"text\" ><p><strong>2. Chat verschl\u00fcsselt hochladen \ud83d\udd10<\/strong><br \/>\nSende den gew\u00fcnschten Chat von deinem Computer \/ Laptop aus an die zapptales Software: Mit Hilfe der Schritt f\u00fcr Schritt Anleitung auf der zapptales Website ist das kinderleicht! Direkt im Anschluss erh\u00e4ltst du deine Login-Daten per E-Mail.<\/p>\n<\/div><\/section><\/div><div class=\"flex_column av_three_fifth  flex_column_div av-zero-column-padding first  avia-builder-el-23  el_after_av_three_fifth  el_before_av_two_fifth  wbq_hide_on_desktop \" style='border-radius:0px; '><section class=\"av_textblock_section \"  itemscope=\"itemscope\" itemtype=\"https:\/\/schema.org\/CreativeWork\" ><div class='avia_textblock  '   itemprop=\"text\" ><p><strong>2. Chat verschl\u00fcsselt hochladen \ud83d\udd10<\/strong><br \/>\nSende den gew\u00fcnschten Chat von deinem Computer \/ Laptop aus an die zapptales Software: Mit Hilfe der Schritt f\u00fcr Schritt Anleitung auf der zapptales Website ist das kinderleicht! Direkt im Anschluss erh\u00e4ltst du deine Login-Daten per E-Mail.<\/p>\n<\/div><\/section><\/div><div class=\"flex_column av_two_fifth  flex_column_div av-zero-column-padding   avia-builder-el-25  el_after_av_three_fifth  el_before_av_hr  wbq_hide_on_desktop \" style='border-radius:0px; '><div  class='avia-image-container  av-styling-    avia-builder-el-26  avia-builder-el-no-sibling  avia-align-center '  itemprop=\"image\" itemscope=\"itemscope\" itemtype=\"https:\/\/schema.org\/ImageObject\"  ><div class='avia-image-container-inner'><div class='avia-image-overlay-wrap'><img class='avia_image' src='https:\/\/www.zapptales.com\/wp-content\/uploads\/2019\/12\/Instagram-Daten-hochladen-2.jpg' alt='Instagram Daten hochladen' title='Instagram Daten hochladen' height=\"433\" width=\"800\"  itemprop=\"thumbnailUrl\"  \/><\/div><\/div><\/div><\/div><div   class='hr hr-default   avia-builder-el-27  el_after_av_two_fifth  el_before_av_three_fifth '><span class='hr-inner ' ><span class='hr-inner-style'><\/span><\/span><\/div>\n<div class=\"flex_column av_three_fifth  flex_column_div av-zero-column-padding first  avia-builder-el-28  el_after_av_hr  el_before_av_two_fifth  \" style='border-radius:0px; '><section class=\"av_textblock_section \"  itemscope=\"itemscope\" itemtype=\"https:\/\/schema.org\/CreativeWork\" ><div class='avia_textblock  '   itemprop=\"text\" ><p><strong>3. Buch gestalten \ud83d\udcd6\u270f\ufe0f<\/strong><br \/>\nLogge dich auf deiner pers\u00f6nlichen Chat-Bearbeitungsseite ein um den gew\u00fcnschten Chat in ein Buch zu verwandeln. Jetzt kannst du so kreativ werden, wie du m\u00f6chtest! Alles &#8211; von Cover gestalten, Widmung schreiben, Nachrichten bearbeiten bis hin zu Texte, Bilder und Videos hinzuf\u00fcgen ist m\u00f6glich.<\/p>\n<\/div><\/section><\/div><div class=\"flex_column av_two_fifth  flex_column_div av-zero-column-padding   avia-builder-el-30  el_after_av_three_fifth  el_before_av_hr  \" style='border-radius:0px; '><div  class='avia-image-container  av-styling-    avia-builder-el-31  avia-builder-el-no-sibling  avia-align-center '  itemprop=\"image\" itemscope=\"itemscope\" itemtype=\"https:\/\/schema.org\/ImageObject\"  ><div class='avia-image-container-inner'><div class='avia-image-overlay-wrap'><img class='avia_image' src='https:\/\/www.zapptales.com\/wp-content\/uploads\/2020\/01\/Instagram-Chat-Buch-gestalten.jpg' alt='Instagram Chat Buch gestalten' title='Instagram Chat Buch gestalten' height=\"433\" width=\"800\"  itemprop=\"thumbnailUrl\"  \/><\/div><\/div><\/div><\/div><div   class='hr hr-default   avia-builder-el-32  el_after_av_two_fifth  el_before_av_three_fifth '><span class='hr-inner ' ><span class='hr-inner-style'><\/span><\/span><\/div>\n<div class=\"flex_column av_three_fifth  flex_column_div av-zero-column-padding first  avia-builder-el-33  el_after_av_hr  el_before_av_two_fifth  wbq_hide_on_desktop \" style='border-radius:0px; '><section class=\"av_textblock_section \"  itemscope=\"itemscope\" itemtype=\"https:\/\/schema.org\/CreativeWork\" ><div class='avia_textblock  '   itemprop=\"text\" ><p><strong>4. Freuen \ud83c\udf80<\/strong><br \/>\nNachdem du deine Bestellung gepr\u00fcft und abgeschickt hast, kannst du dich einfach zur\u00fccklehnen und freuen! In nur wenigen Tagen liefern wir dein zapptales Buch an deine Wunschadresse.<\/p>\n<\/div><\/section><\/div><div class=\"flex_column av_two_fifth  flex_column_div av-zero-column-padding   avia-builder-el-35  el_after_av_three_fifth  el_before_av_two_fifth  wbq_hide_on_desktop \" style='border-radius:0px; '><div  class='avia-image-container  av-styling-    avia-builder-el-36  avia-builder-el-no-sibling  avia-align-center '  itemprop=\"image\" itemscope=\"itemscope\" itemtype=\"https:\/\/schema.org\/ImageObject\"  ><div class='avia-image-container-inner'><div class='avia-image-overlay-wrap'><img class='avia_image' src='https:\/\/www.zapptales.com\/wp-content\/uploads\/2019\/12\/Freuen-\u00fcber-Instagram-Chat-Buch.jpg' alt='Freuen \u00fcber Instagram Chat Buch' title='Freuen \u00fcber Instagram Chat Buch' height=\"433\" width=\"800\"  itemprop=\"thumbnailUrl\"  \/><\/div><\/div><\/div><\/div><div class=\"flex_column av_two_fifth  flex_column_div av-zero-column-padding first  avia-builder-el-37  el_after_av_two_fifth  el_before_av_three_fifth  wbq_hide_on_mobile \" style='border-radius:0px; '><div  class='avia-image-container  av-styling-    avia-builder-el-38  avia-builder-el-no-sibling  avia-align-center '  itemprop=\"image\" itemscope=\"itemscope\" itemtype=\"https:\/\/schema.org\/ImageObject\"  ><div class='avia-image-container-inner'><div class='avia-image-overlay-wrap'><img class='avia_image' src='https:\/\/www.zapptales.com\/wp-content\/uploads\/2019\/12\/Freuen-\u00fcber-Instagram-Chat-Buch.jpg' alt='Freuen \u00fcber Instagram Chat Buch' title='Freuen \u00fcber Instagram Chat Buch' height=\"433\" width=\"800\"  itemprop=\"thumbnailUrl\"  \/><\/div><\/div><\/div><\/div><div class=\"flex_column av_three_fifth  flex_column_div av-zero-column-padding   avia-builder-el-39  el_after_av_two_fifth  el_before_av_hr  wbq_hide_on_mobile \" style='border-radius:0px; '><section class=\"av_textblock_section \"  itemscope=\"itemscope\" itemtype=\"https:\/\/schema.org\/CreativeWork\" ><div class='avia_textblock  '   itemprop=\"text\" ><p><strong>4. Freuen \ud83c\udf80<\/strong><br \/>\nNachdem du deine Bestellung gepr\u00fcft und abgeschickt hast, kannst du dich einfach zur\u00fccklehnen und freuen! In nur wenigen Tagen liefern wir dein zapptales Buch an deine Wunschadresse.<\/p>\n<\/div><\/section><\/div><div  style=' margin-top:60px; margin-bottom:30px;'  class='hr hr-custom hr-center hr-icon-no   avia-builder-el-41  el_after_av_three_fifth  el_before_av_textblock '><span class='hr-inner   inner-border-av-border-thin' style=' width:800; border-color:#780091;' ><span class='hr-inner-style'><\/span><\/span><\/div>\n<section class=\"av_textblock_section \"  itemscope=\"itemscope\" itemtype=\"https:\/\/schema.org\/CreativeWork\" ><div class='avia_textblock  '   itemprop=\"text\" ><h2 id=\"jetztbistdudran\" style=\"text-align: center;\">Jetzt bist du dran!<\/h2>\n<p style=\"text-align: center;\">Leg jetzt los und gestalte dein Buch.<\/p>\n<\/div><\/section>\n<div  style='height:25px' class='hr hr-invisible   avia-builder-el-43  el_after_av_textblock  el_before_av_button '><span class='hr-inner ' ><span class='hr-inner-style'><\/span><\/span><\/div>\n<div  class='avia-button-wrap avia-button-center  avia-builder-el-44  el_after_av_hr  el_before_av_hr ' ><a href='https:\/\/www.zapptales.com\/de\/instagram-buch-starten\/'  class='avia-button   avia-icon_select-yes-right-icon avia-color-theme-color avia-size-small avia-position-center '   ><span class='avia_iconbox_title' >Anleitung starten<\/span><span class='avia_button_icon avia_button_icon_right' aria-hidden='true' data-av_icon='\ue871' data-av_iconfont='entypo-fontello'><\/span><\/a><\/div>\n<div  style=' margin-top:30px; margin-bottom:30px;'  class='hr hr-custom hr-center hr-icon-no   avia-builder-el-45  el_after_av_button  avia-builder-el-last '><span class='hr-inner   inner-border-av-border-thin' style=' width:800; border-color:#780091;' ><span class='hr-inner-style'><\/span><\/span><\/div>\n\n<\/div><\/div><\/div><!-- close content main div --><\/div><\/div><\/div><div id='av_section_3'  class='avia-section main_color avia-section-default avia-no-border-styling avia-bg-style-scroll  avia-builder-el-46  el_after_av_section  el_before_av_section   container_wrap sidebar_right' style=' '  ><div class='container' ><div class='template-page content  av-content-small alpha units'><div class='post-entry post-entry-type-page post-entry-42275'><div class='entry-content-wrapper clearfix'>\n<div class=\"flex_column av_one_third  flex_column_div av-zero-column-padding first  avia-builder-el-47  el_before_av_two_third  avia-builder-el-first  wbq_hide_on_mobile \" style='border-radius:0px; '><\/div><div class=\"flex_column av_two_third  flex_column_div av-zero-column-padding   avia-builder-el-48  el_after_av_one_third  el_before_av_textblock  wbq_hide_on_mobile \" style='border-radius:0px; '><section class=\"av_textblock_section \"  itemscope=\"itemscope\" itemtype=\"https:\/\/schema.org\/CreativeWork\" ><div class='avia_textblock  '   itemprop=\"text\" ><h2 style=\"text-align: right;\">Wir stehen dir mit Rat und Tat zur Seite<\/h2>\n<\/div><\/section><\/div><section class=\"av_textblock_section \"  itemscope=\"itemscope\" itemtype=\"https:\/\/schema.org\/CreativeWork\" ><div class='avia_textblock wbq_hide_on_desktop '   itemprop=\"text\" ><h2 style=\"text-align: left;\">Wir stehen dir mit Rat und Tat zur Seite<\/h2>\n<\/div><\/section>\n<div  style='height:15px' class='hr hr-invisible   avia-builder-el-51  el_after_av_textblock  el_before_av_one_fifth  wbq_hide_on_desktop'><span class='hr-inner ' ><span class='hr-inner-style'><\/span><\/span><\/div>\n<div class=\"flex_column av_one_fifth  flex_column_div av-zero-column-padding first  avia-builder-el-52  el_after_av_hr  el_before_av_one_fifth  \" style='border-radius:0px; '><div  class='avia-image-container  av-styling-    avia-builder-el-53  avia-builder-el-no-sibling  avia-align-center '  itemprop=\"image\" itemscope=\"itemscope\" itemtype=\"https:\/\/schema.org\/ImageObject\"  ><div class='avia-image-container-inner'><div class='avia-image-overlay-wrap'><img class='avia_image' src='https:\/\/www.zapptales.com\/wp-content\/uploads\/2019\/01\/Kundensupport.png' alt='Kundensupport' title='Kundensupport' height=\"128\" width=\"128\"  itemprop=\"thumbnailUrl\"  \/><\/div><\/div><\/div><\/div><div class=\"flex_column av_one_fifth  flex_column_div av-zero-column-padding   avia-builder-el-54  el_after_av_one_fifth  el_before_av_three_fifth  \" style='border-radius:0px; '><\/div><div class=\"flex_column av_three_fifth  flex_column_div av-zero-column-padding   avia-builder-el-55  el_after_av_one_fifth  el_before_av_textblock  wbq_hideon_mobile \" style='border-radius:0px; '><section class=\"av_textblock_section \"  itemscope=\"itemscope\" itemtype=\"https:\/\/schema.org\/CreativeWork\" ><div class='avia_textblock wbq_hide_on_mobile '   itemprop=\"text\" ><p style=\"text-align: right;\">Auf der Chatbearbeitungsseite erwartet dich ein hilfreiches Tutorial, das dir alle Gestaltungsm\u00f6glichkeiten leicht verst\u00e4ndlich vorstellt.<br \/>\nUnser gut gelauntes Support Team unterst\u00fctzt dich jederzeit gerne per Live Chat oder per E-Mail:\u00a0<a href=\"mailto:support@zapptales.com?subject=Anfrage%20\/de\/chat-buch-gestalten\/(E-Mail%20Desktop)\">support@zapptales.com<\/a><\/p>\n<\/div><\/section><br \/>\n<div  style='height:1px; margin-top:-35px'  class='hr hr-invisible   avia-builder-el-57  el_after_av_textblock  avia-builder-el-last  wbq_hide_on_desktop'><span class='hr-inner ' ><span class='hr-inner-style'><\/span><\/span><\/div><\/p><\/div><section class=\"av_textblock_section \"  itemscope=\"itemscope\" itemtype=\"https:\/\/schema.org\/CreativeWork\" ><div class='avia_textblock wbq_hide_on_desktop '   itemprop=\"text\" ><p style=\"text-align: left;\">Auf der Chatbearbeitungsseite erwartet dich ein hilfreiches Tutorial, dass dir alle Gestaltungsm\u00f6glichkeiten leicht verst\u00e4ndlich vorstellt.<br \/>\nUnser gut gelauntes Support Team unterst\u00fctzt dich jederzeit gerne per Live Chat oder per E-Mail:\u00a0<a href=\"mailto:support@zapptales.com?subject=Anfrage%20ueber%20\/de\/chat-buch-gestalten\/(E-Mail%20Mobile)\">support@zapptales.com<\/a><\/p>\n<\/div><\/section>\n<\/div><\/div><\/div><!-- close content main div --><\/div><\/div><div id='av_section_4'  class='avia-section main_color avia-section-default avia-no-border-styling av-section-color-overlay-active avia-bg-style-fixed  avia-builder-el-59  el_after_av_section  avia-builder-el-last   container_wrap sidebar_right' style='background-color: #f0e6dc;  '  ><div class='av-section-color-overlay-wrap'><div class='av-section-color-overlay' style='opacity: 0.5; background-image: url(https:\/\/www.zapptales.com\/wp-content\/uploads\/2016\/03\/symphony.png); background-repeat: repeat;'><\/div><div class='container' ><div class='template-page content  av-content-small alpha units'><div class='post-entry post-entry-type-page post-entry-42275'><div class='entry-content-wrapper clearfix'>\n<div class=\"flex_column av_one_full  flex_column_div av-zero-column-padding first  avia-builder-el-60  el_before_av_one_full  avia-builder-el-first  \" style='border-radius:0px; '><section class=\"av_textblock_section \"  itemscope=\"itemscope\" itemtype=\"https:\/\/schema.org\/CreativeWork\" ><div class='avia_textblock  '   itemprop=\"text\" ><h2>Gut zu wissen<\/h2>\n<\/div><\/section><\/div><div class=\"flex_column av_one_full  flex_column_div av-zero-column-padding first  avia-builder-el-62  el_after_av_one_full  avia-builder-el-last  column-top-margin\" style='border-radius:0px; '><div  class=\"togglecontainer    avia-builder-el-63  avia-builder-el-no-sibling \" >\n<section class=\"av_toggle_section\"  itemscope=\"itemscope\" itemtype=\"https:\/\/schema.org\/CreativeWork\"  >    <div class=\"single_toggle\" data-tags=\"{Alle} \"  >        <p data-fake-id=\"#toggle-id-1\" class=\"toggler \"  itemprop=\"headline\"    role=\"tab\" tabindex=\"0\" aria-controls=\"toggle-id-1\">Deine Daten geh\u00f6ren dir<span class=\"toggle_icon\" >        <span class=\"vert_icon\"><\/span><span class=\"hor_icon\"><\/span><\/span><\/p>        <div id=\"toggle-id-1-container\" class=\"toggle_wrap \"  >            <div class=\"toggle_content invers-color \"  itemprop=\"text\"   ><p>F\u00fcr uns ist es au\u00dferordentlich wichtig die Sicherheit deiner Daten zu gew\u00e4hrleisten und deine Privatsph\u00e4re zu sch\u00fctzen.<\/p>\n<p>Der Prozess der Erstellung deines zapptales Buches ist komplett Software-gesteuert und automatisiert \u2013 vom Versand deiner Chat-Datei bis das Buch bei dir ankommt. Au\u00dfer dir kann also niemand deinen Chat einsehen!<\/p>\n<p>Um die Sicherheit deiner Daten zu gew\u00e4hrleisten, ist unsere Webseite komplett SSL-verschl\u00fcsselt. Deine Daten werden auf Hochsicherheitsservern in Deutschland verarbeitet.<\/p>\n<p>Au\u00dferdem wird dein Chat nur f\u00fcr 4 Wochen ab deiner letzten Bearbeitung von unserer Software gespeichert, so dass du in Ruhe eine kreative Pause einlegen und dann deinen Chat weiter bearbeiten kannst. Nach Ablauf dieser Frist werden deine Daten automatisch gel\u00f6scht. Zus\u00e4tzlich kannst du deinen Chat auch vorher schon manuell l\u00f6schen.<\/p>\n            <\/div>        <\/div>    <\/div><\/section>\n<section class=\"av_toggle_section\"  itemscope=\"itemscope\" itemtype=\"https:\/\/schema.org\/CreativeWork\"  >    <div class=\"single_toggle\" data-tags=\"{Alle} \"  >        <p data-fake-id=\"#toggle-id-2\" class=\"toggler \"  itemprop=\"headline\"    role=\"tab\" tabindex=\"0\" aria-controls=\"toggle-id-2\">Du kannst es kostenlos ausprobieren<span class=\"toggle_icon\" >        <span class=\"vert_icon\"><\/span><span class=\"hor_icon\"><\/span><\/span><\/p>        <div id=\"toggle-id-2-container\" class=\"toggle_wrap \"  >            <div class=\"toggle_content invers-color \"  itemprop=\"text\"   ><p>Die Nutzung des Chat Uploaders und die Gestaltung deines Buches mit Hilfe der zapptales Software sind v\u00f6llig kostenfrei. Du kannst also alles nach Herzenslust ausprobieren.<\/p>\n<p>Erst, wenn du dich entscheidest, dein Buch kostenpflichtig zu bestellen, schlie\u00dft du einen Kauf ab.<\/p>\n            <\/div>        <\/div>    <\/div><\/section>\n<\/div><\/div>\n<\/div><\/div><\/div><!-- close content main div --><\/div><\/div><\/div><div id='after_section_4'  class='main_color av_default_container_wrap container_wrap sidebar_right' style=' '  ><div class='container' ><div class='template-page content  av-content-small alpha units'><div class='post-entry post-entry-type-page post-entry-42275'><div class='entry-content-wrapper clearfix'><\/p>\n","protected":false},"excerpt":{"rendered":"","protected":false},"author":19,"featured_media":0,"parent":0,"menu_order":0,"comment_status":"closed","ping_status":"closed","template":"","meta":[],"_links":{"self":[{"href":"https:\/\/www.zapptales.com\/de\/wp-json\/wp\/v2\/pages\/42275\/"}],"collection":[{"href":"https:\/\/www.zapptales.com\/de\/wp-json\/wp\/v2\/pages\/"}],"about":[{"href":"https:\/\/www.zapptales.com\/de\/wp-json\/wp\/v2\/types\/page\/"}],"author":[{"embeddable":true,"href":"https:\/\/www.zapptales.com\/de\/wp-json\/wp\/v2\/users\/19\/"}],"replies":[{"embeddable":true,"href":"https:\/\/www.zapptales.com\/de\/wp-json\/wp\/v2\/comments\/?post=42275"}],"version-history":[{"count":0,"href":"https:\/\/www.zapptales.com\/de\/wp-json\/wp\/v2\/pages\/42275\/revisions\/"}],"wp:attachment":[{"href":"https:\/\/www.zapptales.com\/de\/wp-json\/wp\/v2\/media\/?parent=42275"}],"curies":[{"name":"wp","href":"https:\/\/api.w.org\/{rel}","templated":true}]}}