{"id":56203,"date":"2021-10-13T11:10:16","date_gmt":"2021-10-13T09:10:16","guid":{"rendered":"https:\/\/www.zapptales.com\/?page_id=56203"},"modified":"2021-10-21T09:52:11","modified_gmt":"2021-10-21T07:52:11","slug":"imessage-anleitung-iphone-app","status":"publish","type":"page","link":"https:\/\/www.zapptales.com\/de\/imessage-anleitung-iphone-app\/","title":{"rendered":"iMessage Anleitung iPhone App"},"content":{"rendered":"<div  style='height:25px' class='hr hr-invisible   avia-builder-el-0  el_before_av_textblock  avia-builder-el-first '><span class='hr-inner ' ><span class='hr-inner-style'><\/span><\/span><\/div>\n<section class=\"av_textblock_section \"  itemscope=\"itemscope\" itemtype=\"https:\/\/schema.org\/CreativeWork\" ><div class='avia_textblock  '   itemprop=\"text\" ><h2 class=\"av-special-heading-tag \" style=\"text-align: center;\">So gestaltest du dein iMessage Chat Buch<\/h2>\n<\/div><\/section>\n\n<\/div><\/div><\/div><!-- close content main div --><\/div><\/div><div id='wbq'  class='avia-section main_color avia-section-no-padding avia-no-border-styling avia-bg-style-scroll  avia-builder-el-3  el_after_av_codeblock  el_before_av_section  wbq_hide_on_desktop wbq_but_show_on_tablet  container_wrap sidebar_right' style=' '  ><div class='container' ><div class='template-page content  av-content-small alpha units'><div class='post-entry post-entry-type-page post-entry-56203'><div class='entry-content-wrapper clearfix'>\n<div  style='height:1px; margin-top:-20px'  class='hr hr-invisible   avia-builder-el-4  el_before_av_image  avia-builder-el-first '><span class='hr-inner ' ><span class='hr-inner-style'><\/span><\/span><\/div>\n<div  class='avia-image-container  av-styling-    avia-builder-el-5  el_after_av_hr  el_before_av_hr  wbq_hide_on_desktop wbq_but_show_on_tablet avia-align-center '  itemprop=\"image\" itemscope=\"itemscope\" itemtype=\"https:\/\/schema.org\/ImageObject\"  ><div class='avia-image-container-inner'><div class='avia-image-overlay-wrap'><img class='avia_image' src='https:\/\/www.zapptales.com\/wp-content\/uploads\/2021\/10\/iMessage-Chat-als-Buch-drucken.jpg' alt='iMessage Chat' title='iMessage-Chat-als-Buch-drucken' height=\"705\" width=\"650\"  itemprop=\"thumbnailUrl\"  \/><\/div><\/div><\/div>\n<div  style='height:15px' class='hr hr-invisible   avia-builder-el-6  el_after_av_image  el_before_av_textblock '><span class='hr-inner ' ><span class='hr-inner-style'><\/span><\/span><\/div>\n<section class=\"av_textblock_section \"  itemscope=\"itemscope\" itemtype=\"https:\/\/schema.org\/CreativeWork\" ><div class='avia_textblock  '   itemprop=\"text\" ><p style=\"text-align: center;\">Deinen Lieblingschat in ein Buch zu verwandeln ist ganz einfach. Du brauchst nur 3 Dinge:<\/p>\n<p style=\"text-align: center;\">\u2714 <strong>Die zapptales Software<\/strong><br \/>\n\u2714 <strong>Deinen PC<\/strong><br \/>\n\u2714 <strong>Dein Smartphone<\/strong><\/p>\n<\/div><\/section>\n<div  style='height:32px' class='hr hr-invisible   avia-builder-el-8  el_after_av_textblock  avia-builder-el-last '><span class='hr-inner ' ><span class='hr-inner-style'><\/span><\/span><\/div>\n\n<\/div><\/div><\/div><!-- close content main div --><\/div><\/div><div id='av_section_2'  class='avia-section main_color avia-section-no-padding avia-no-border-styling av-section-color-overlay-active avia-bg-style-scroll  avia-builder-el-9  el_after_av_section  el_before_av_section  wbq_hide_on_desktop  container_wrap sidebar_right' style='background-repeat: repeat; background-image: url(https:\/\/www.zapptales.com\/wp-content\/uploads\/2016\/03\/symphony.png);background-attachment: scroll; background-position: top left;  '  data-section-bg-repeat='repeat'><div class='av-section-color-overlay-wrap'><div class='av-section-color-overlay' style='opacity: 0.5; background-color: #f0e6dc; '><\/div><div class='container' ><div class='template-page content  av-content-small alpha units'><div class='post-entry post-entry-type-page post-entry-56203'><div class='entry-content-wrapper clearfix'>\n<div  style=' margin-top:45px; margin-bottom:45px;'  class='hr hr-custom hr-center hr-icon-no   avia-builder-el-10  el_before_av_textblock  avia-builder-el-first '><span class='hr-inner   inner-border-av-border-thin' style=' width:800; border-color:#780091;' ><span class='hr-inner-style'><\/span><\/span><\/div>\n<section class=\"av_textblock_section \"  itemscope=\"itemscope\" itemtype=\"https:\/\/schema.org\/CreativeWork\" ><div class='avia_textblock  '   itemprop=\"text\" ><h2 style=\"text-align: center;\">Jetzt bist du dran!<\/h2>\n<p style=\"text-align: center; margin-bottom: 30px !important;\">Hol\u2018 dir die zapptales Software f\u00fcr deinen PC.<\/p>\n<p style=\"text-align: center;\"><span style=\"font-size: 20px;\">\u21e8 <\/span>\u00d6ffne zapptales.com auf deinem PC<br \/>\n<span style=\"font-size: 20px;\">\u21e8<\/span> Klicke dort auf &#8220;Jetzt Buch gestalten&#8221;<br \/>\n<span style=\"font-size: 20px;\">\u21e8<\/span> Installiere die zapptales Software auf deinem PC<\/p>\n<\/div><\/section>\n<div  style=' margin-top:20px; margin-bottom:45px;'  class='hr hr-custom hr-center hr-icon-no   avia-builder-el-12  el_after_av_textblock  avia-builder-el-last '><span class='hr-inner   inner-border-av-border-thin' style=' width:800; border-color:#780091;' ><span class='hr-inner-style'><\/span><\/span><\/div>\n\n<\/div><\/div><\/div><!-- close content main div --><\/div><\/div><\/div><div id='av_section_3'  class='avia-section main_color avia-section-default avia-no-border-styling avia-bg-style-scroll  avia-builder-el-13  el_after_av_section  el_before_av_section  wbq_hide_on_desktop  container_wrap sidebar_right' style=' '  ><div class='container' ><div class='template-page content  av-content-small alpha units'><div class='post-entry post-entry-type-page post-entry-56203'><div class='entry-content-wrapper clearfix'>\n<div  style='height:45px' class='hr hr-invisible   avia-builder-el-14  el_before_av_three_fifth  avia-builder-el-first '><span class='hr-inner ' ><span class='hr-inner-style'><\/span><\/span><\/div>\n<div class=\"flex_column av_three_fifth  flex_column_div av-zero-column-padding first  avia-builder-el-15  el_after_av_hr  el_before_av_two_fifth  \" style='border-radius:0px; '><section class=\"av_textblock_section \"  itemscope=\"itemscope\" itemtype=\"https:\/\/schema.org\/CreativeWork\" ><div class='avia_textblock  av_inherit_color '  style='color:#424242; '  itemprop=\"text\" ><h2>So geht es weiter:<\/h2>\n<\/div><\/section><br \/>\n<section class=\"av_textblock_section \"  itemscope=\"itemscope\" itemtype=\"https:\/\/schema.org\/CreativeWork\" ><div class='avia_textblock wbq_hide_on_mobile av_inherit_color '  style='color:#424242; '  itemprop=\"text\" ><h3 style=\"color: #444444;\">In nur 4 einfachen Schritten gestaltest du dein iMessage Buch \u2013 So geht\u2019s<\/h3>\n<\/div><\/section><br \/>\n<div  style='height:15px' class='hr hr-invisible   avia-builder-el-18  el_after_av_textblock  el_before_av_textblock  wbq_hide_on_mobile'><span class='hr-inner ' ><span class='hr-inner-style'><\/span><\/span><\/div><br \/>\n<section class=\"av_textblock_section \"  itemscope=\"itemscope\" itemtype=\"https:\/\/schema.org\/CreativeWork\" ><div class='avia_textblock  '   itemprop=\"text\" ><p><strong>1. zapptales Software auf deinem PC installieren \ud83d\udcbb<br \/>\n<\/strong>Mit der zapptales Software findet dein liebster WhatsApp Chat im Handumdrehen seinen Weg von deinem Smartphone in dein ganz pers\u00f6nliches Buch &#8211; es ist fast wie Magie \ud83d\ude09<\/p>\n<\/div><\/section><\/p><\/div><div class=\"flex_column av_two_fifth  flex_column_div av-zero-column-padding   avia-builder-el-20  el_after_av_three_fifth  el_before_av_hr  \" style='border-radius:0px; '><div  class='avia-image-container  av-styling-    avia-builder-el-21  avia-builder-el-no-sibling  avia-align-center '  itemprop=\"image\" itemscope=\"itemscope\" itemtype=\"https:\/\/schema.org\/ImageObject\"  ><div class='avia-image-container-inner'><div class='avia-image-overlay-wrap'><img class='avia_image' src='https:\/\/www.zapptales.com\/wp-content\/uploads\/2020\/02\/zapptales-Desktop-App-herunterladen-und-installieren-2.jpg' alt='zapptales Desktop Software herunterladen' title='zapptales Desktop Software herunterladen' height=\"433\" width=\"800\"  itemprop=\"thumbnailUrl\"  \/><\/div><\/div><\/div><\/div><div   class='hr hr-default   avia-builder-el-22  el_after_av_two_fifth  el_before_av_three_fifth '><span class='hr-inner ' ><span class='hr-inner-style'><\/span><\/span><\/div>\n<div class=\"flex_column av_three_fifth  flex_column_div av-zero-column-padding first  avia-builder-el-23  el_after_av_hr  el_before_av_two_fifth  \" style='border-radius:0px; '><section class=\"av_textblock_section \"  itemscope=\"itemscope\" itemtype=\"https:\/\/schema.org\/CreativeWork\" ><div class='avia_textblock  '   itemprop=\"text\" ><p><strong>2. iPhone Backup auf deinem PC erstellen<\/strong><br \/>\nErstelle ein manuelles Backup deines iPhones auf deinem PC. Einfach der Anleitung in der zapptales Software folgen \u2013 und schon bist du bereit \ud83d\ude0a<\/p>\n<\/div><\/section><\/div><div class=\"flex_column av_two_fifth  flex_column_div av-zero-column-padding   avia-builder-el-25  el_after_av_three_fifth  el_before_av_hr  \" style='border-radius:0px; '><div  class='avia-image-container  av-styling-    avia-builder-el-26  avia-builder-el-no-sibling  avia-align-center '  itemprop=\"image\" itemscope=\"itemscope\" itemtype=\"https:\/\/schema.org\/ImageObject\"  ><div class='avia-image-container-inner'><div class='avia-image-overlay-wrap'><img class='avia_image' src='https:\/\/www.zapptales.com\/wp-content\/uploads\/2021\/08\/Create-an-iPhone-Backup-300x162.jpg' alt='Create an iPhone Backup' title='Create-an-iPhone-Backup' height=\"162\" width=\"300\"  itemprop=\"thumbnailUrl\"  \/><\/div><\/div><\/div><\/div><div   class='hr hr-default   avia-builder-el-27  el_after_av_two_fifth  el_before_av_three_fifth '><span class='hr-inner ' ><span class='hr-inner-style'><\/span><\/span><\/div>\n<div class=\"flex_column av_three_fifth  flex_column_div av-zero-column-padding first  avia-builder-el-28  el_after_av_hr  el_before_av_two_fifth  \" style='border-radius:0px; '><section class=\"av_textblock_section \"  itemscope=\"itemscope\" itemtype=\"https:\/\/schema.org\/CreativeWork\" ><div class='avia_textblock  '   itemprop=\"text\" ><p><strong>3. Chat verschl\u00fcsselt hochladen \ud83d\udd10<\/strong><br \/>\nMit Hilfe der Schritt-f\u00fcr-Schritt Anleitung ist es kinderleicht, deinen iMessage Chat \u2013 mitsamt Textnachrichten, Bildern, Videos, Sprachnachrichten, GIFs, Stickern und Emojis bei zapptales hochzuladen. Direkt im Anschluss erh\u00e4ltst du deine Login-Daten.<\/p>\n<\/div><\/section><\/div><div class=\"flex_column av_two_fifth  flex_column_div av-zero-column-padding   avia-builder-el-30  el_after_av_three_fifth  el_before_av_hr  \" style='border-radius:0px; '><div  class='avia-image-container  av-styling-    avia-builder-el-31  avia-builder-el-no-sibling  avia-align-center '  itemprop=\"image\" itemscope=\"itemscope\" itemtype=\"https:\/\/schema.org\/ImageObject\"  ><div class='avia-image-container-inner'><div class='avia-image-overlay-wrap'><img class='avia_image' src='https:\/\/www.zapptales.com\/wp-content\/uploads\/2020\/05\/WhatsApp-Chat-mit-der-zapptales-Software-und-dem-Smartphone-hochladen-2.jpg' alt='WhatsApp Chat mit der zapptales Software und dem Smartphone hochladen' title='WhatsApp Chat mit der zapptales Software und dem Smartphone hochladen' height=\"433\" width=\"800\"  itemprop=\"thumbnailUrl\"  \/><\/div><\/div><\/div><\/div><div   class='hr hr-default   avia-builder-el-32  el_after_av_two_fifth  el_before_av_three_fifth '><span class='hr-inner ' ><span class='hr-inner-style'><\/span><\/span><\/div>\n<div class=\"flex_column av_three_fifth  flex_column_div av-zero-column-padding first  avia-builder-el-33  el_after_av_hr  el_before_av_two_fifth  \" style='border-radius:0px; '><section class=\"av_textblock_section \"  itemscope=\"itemscope\" itemtype=\"https:\/\/schema.org\/CreativeWork\" ><div class='avia_textblock  '   itemprop=\"text\" ><p><strong>4. \u00a0Buch gestalten \ud83d\udcd6\u270f\ufe0f<\/strong><br \/>\nLogge dich mit deinem Computer, Tablet oder Smartphone auf deiner pers\u00f6nlichen Chatbearbeitungsseite ein. Jetzt kannst du so kreativ werden, wie du m\u00f6chtest! Alles \u2013 von Cover, Widmung, Fotos, Nachrichten und Videos bis hin zu den Hintergr\u00fcnden \u2013 kann bearbeitet werden.<\/p>\n<\/div><\/section><\/div><div class=\"flex_column av_two_fifth  flex_column_div av-zero-column-padding   avia-builder-el-35  el_after_av_three_fifth  el_before_av_hr  \" style='border-radius:0px; '><div  class='avia-image-container  av-styling-    avia-builder-el-36  avia-builder-el-no-sibling  avia-align-center '  itemprop=\"image\" itemscope=\"itemscope\" itemtype=\"https:\/\/schema.org\/ImageObject\"  ><div class='avia-image-container-inner'><div class='avia-image-overlay-wrap'><img class='avia_image' src='https:\/\/www.zapptales.com\/wp-content\/uploads\/2020\/02\/WhatsApp-Chat-Buch-gestalten.jpg' alt='WhatsApp Chat Buch gestalten' title='WhatsApp Chat Buch gestalten' height=\"433\" width=\"800\"  itemprop=\"thumbnailUrl\"  \/><\/div><\/div><\/div><\/div><div   class='hr hr-default   avia-builder-el-37  el_after_av_two_fifth  el_before_av_three_fifth '><span class='hr-inner ' ><span class='hr-inner-style'><\/span><\/span><\/div>\n<div class=\"flex_column av_three_fifth  flex_column_div av-zero-column-padding first  avia-builder-el-38  el_after_av_hr  el_before_av_two_fifth  \" style='border-radius:0px; '><section class=\"av_textblock_section \"  itemscope=\"itemscope\" itemtype=\"https:\/\/schema.org\/CreativeWork\" ><div class='avia_textblock  '   itemprop=\"text\" ><p><strong>5. Freuen \ud83c\udf80<\/strong><br \/>\nNachdem du deine Bestellung gepr\u00fcft und abgeschickt hast, kannst du dich einfach zur\u00fccklehnen und freuen! In nur wenigen Tagen liefern wir dein zapptales Buch an deine Wunschadresse.<\/p>\n<\/div><\/section><\/div><div class=\"flex_column av_two_fifth  flex_column_div av-zero-column-padding   avia-builder-el-40  el_after_av_three_fifth  el_before_av_hr  \" style='border-radius:0px; '><div  class='avia-image-container  av-styling-    avia-builder-el-41  avia-builder-el-no-sibling  avia-align-center '  itemprop=\"image\" itemscope=\"itemscope\" itemtype=\"https:\/\/schema.org\/ImageObject\"  ><div class='avia-image-container-inner'><div class='avia-image-overlay-wrap'><img class='avia_image' src='https:\/\/www.zapptales.com\/wp-content\/uploads\/2018\/07\/4.jpg' alt='WhatsApp Verlauf als gedrucktes Buch' title='WhatsApp Verlauf als gedrucktes Buch' height=\"433\" width=\"800\"  itemprop=\"thumbnailUrl\"  \/><\/div><\/div><\/div><\/div><div  style='height:1px; margin-top:-8px'  class='hr hr-invisible   avia-builder-el-42  el_after_av_two_fifth  avia-builder-el-last '><span class='hr-inner ' ><span class='hr-inner-style'><\/span><\/span><\/div>\n<\/div><\/div><\/div><!-- close content main div --><\/div><\/div><div id='av_section_4'  class='avia-section main_color avia-section-no-padding avia-no-border-styling av-section-color-overlay-active avia-bg-style-scroll  avia-builder-el-43  el_after_av_section  el_before_av_section  wbq_hide_on_desktop  container_wrap sidebar_right' style='background-repeat: repeat; background-image: url(https:\/\/www.zapptales.com\/wp-content\/uploads\/2016\/03\/symphony.png);background-attachment: scroll; background-position: top left;  '  data-section-bg-repeat='repeat'><div class='av-section-color-overlay-wrap'><div class='av-section-color-overlay' style='opacity: 0.5; background-color: #f0e6dc; '><\/div><div class='container' ><div class='template-page content  av-content-small alpha units'><div class='post-entry post-entry-type-page post-entry-56203'><div class='entry-content-wrapper clearfix'>\n<div  style=' margin-top:45px; margin-bottom:45px;'  class='hr hr-custom hr-center hr-icon-no   avia-builder-el-44  el_before_av_textblock  avia-builder-el-first '><span class='hr-inner   inner-border-av-border-thin' style=' width:800; border-color:#780091;' ><span class='hr-inner-style'><\/span><\/span><\/div>\n<section class=\"av_textblock_section \"  itemscope=\"itemscope\" itemtype=\"https:\/\/schema.org\/CreativeWork\" ><div class='avia_textblock  '   itemprop=\"text\" ><h2 style=\"color: #780091; text-align: center;\">Jetzt bist du dran!<\/h2>\n<p style=\"margin-bottom: 30px !important; text-align: center;\">Es ist ganz einfach \ud83d\ude09<\/p>\n<p style=\"text-align: center;\">Installiere die zapptales Software auf deinem PC:<\/p>\n<p style=\"text-align: center;\">\u21e8\u00a0\u00d6ffne zapptales.com auf deinem PC<br \/>\n\u21e8\u00a0Klicke dort auf \u201cJetzt Buch gestalten\u201d<br \/>\n\u21e8 Klicke auf das iMessage Logo<br \/>\n\u21e8\u00a0Installiere die zapptales Software<\/p>\n<\/div><\/section>\n<div  style=' margin-top:20px; margin-bottom:45px;'  class='hr hr-custom hr-center hr-icon-no   avia-builder-el-46  el_after_av_textblock  avia-builder-el-last '><span class='hr-inner   inner-border-av-border-thin' style=' width:800; border-color:#780091;' ><span class='hr-inner-style'><\/span><\/span><\/div>\n<\/p>\n<\/div><\/div><\/div><!-- close content main div --><\/div><\/div><\/div><div id='av_section_5'  class='avia-section main_color avia-section-default avia-no-border-styling avia-bg-style-scroll  avia-builder-el-47  el_after_av_section  el_before_av_section  wbq_hide_on_desktop  container_wrap sidebar_right' style=' '  ><div class='container' ><div class='template-page content  av-content-small alpha units'><div class='post-entry post-entry-type-page post-entry-56203'><div class='entry-content-wrapper clearfix'>\n<div  style='height:45px' class='hr hr-invisible   avia-builder-el-48  el_before_av_textblock  avia-builder-el-first '><span class='hr-inner ' ><span class='hr-inner-style'><\/span><\/span><\/div>\n<section class=\"av_textblock_section \"  itemscope=\"itemscope\" itemtype=\"https:\/\/schema.org\/CreativeWork\" ><div class='avia_textblock  '   itemprop=\"text\" ><h2 style=\"text-align: left;\">Wir stehen dir mit Rat und Tat zur Seite<\/h2>\n<\/div><\/section>\n<div  style='height:15px' class='hr hr-invisible   avia-builder-el-50  el_after_av_textblock  el_before_av_image '><span class='hr-inner ' ><span class='hr-inner-style'><\/span><\/span><\/div>\n<div  class='avia-image-container  av-styling-    avia-builder-el-51  el_after_av_hr  el_before_av_textblock  avia-align-center '  itemprop=\"image\" itemscope=\"itemscope\" itemtype=\"https:\/\/schema.org\/ImageObject\"  ><div class='avia-image-container-inner'><div class='avia-image-overlay-wrap'><img class='avia_image' src='https:\/\/www.zapptales.com\/wp-content\/uploads\/2019\/01\/Kundensupport.png' alt='Kundensupport' title='Kundensupport' height=\"128\" width=\"128\"  itemprop=\"thumbnailUrl\"  \/><\/div><\/div><\/div>\n<section class=\"av_textblock_section \"  itemscope=\"itemscope\" itemtype=\"https:\/\/schema.org\/CreativeWork\" ><div class='avia_textblock  '   itemprop=\"text\" ><p style=\"text-align: left;\">Auf der Chatbearbeitungsseite erwartet dich ein hilfreiches Tutorial, dass dir alle Gestaltungsm\u00f6glichkeiten leicht verst\u00e4ndlich vorstellt.<br \/>\nUnser gut gelauntes Support Team unterst\u00fctzt dich jederzeit gerne per Live Chat oder per E-Mail:\u00a0<a href=\"mailto:support@zapptales.com?subject=Anfrage%20ueber%20\/de\/chat-buch-gestalten\/(E-Mail%20Mobile)\">support@zapptales.com<\/a><\/p>\n<\/div><\/section>\n\n<\/div><\/div><\/div><!-- close content main div --><\/div><\/div><div id='av_section_6'  class='avia-section main_color avia-section-default avia-no-border-styling av-section-color-overlay-active avia-bg-style-fixed  avia-builder-el-53  el_after_av_section  avia-builder-el-last   container_wrap sidebar_right' style='background-color: #f0e6dc;  '  ><div class='av-section-color-overlay-wrap'><div class='av-section-color-overlay' style='opacity: 0.5; background-image: url(https:\/\/www.zapptales.com\/wp-content\/uploads\/2016\/03\/symphony.png); background-repeat: repeat;'><\/div><div class='container' ><div class='template-page content  av-content-small alpha units'><div class='post-entry post-entry-type-page post-entry-56203'><div class='entry-content-wrapper clearfix'>\n<div  style='height:45px' class='hr hr-invisible   avia-builder-el-54  el_before_av_one_full  avia-builder-el-first '><span class='hr-inner ' ><span class='hr-inner-style'><\/span><\/span><\/div>\n<div class=\"flex_column av_one_full  flex_column_div av-zero-column-padding first  avia-builder-el-55  el_after_av_hr  el_before_av_one_full  \" style='border-radius:0px; '><section class=\"av_textblock_section \"  itemscope=\"itemscope\" itemtype=\"https:\/\/schema.org\/CreativeWork\" ><div class='avia_textblock  '   itemprop=\"text\" ><h2>Gut zu wissen<\/h2>\n<\/div><\/section><\/div><div class=\"flex_column av_one_full  flex_column_div av-zero-column-padding first  avia-builder-el-57  el_after_av_one_full  avia-builder-el-last  column-top-margin\" style='border-radius:0px; '><div  class=\"togglecontainer   toggle_close_all  avia-builder-el-58  avia-builder-el-no-sibling \" >\n<section class=\"av_toggle_section\"  itemscope=\"itemscope\" itemtype=\"https:\/\/schema.org\/CreativeWork\"  >    <div class=\"single_toggle\" data-tags=\"{Alle} \"  >        <p data-fake-id=\"#toggle-id-1\" class=\"toggler \"  itemprop=\"headline\"    role=\"tab\" tabindex=\"0\" aria-controls=\"toggle-id-1\">Deine Daten geh\u00f6ren dir<span class=\"toggle_icon\" >        <span class=\"vert_icon\"><\/span><span class=\"hor_icon\"><\/span><\/span><\/p>        <div id=\"toggle-id-1-container\" class=\"toggle_wrap \"  >            <div class=\"toggle_content invers-color \"  itemprop=\"text\"   ><p>F\u00fcr uns ist es au\u00dferordentlich wichtig die Sicherheit deiner Daten zu gew\u00e4hrleisten und deine Privatsph\u00e4re zu sch\u00fctzen.<\/p>\n<p>Der Prozess der Erstellung deines zapptales Buches ist komplett Software-gesteuert und automatisiert \u2013 vom Versand deiner Chat-Datei bis das Buch bei dir ankommt. Au\u00dfer dir kann also niemand deinen Chat einsehen!<\/p>\n<p>Um die Sicherheit deiner Daten zu gew\u00e4hrleisten, ist unsere Webseite komplett SSL-verschl\u00fcsselt. Deine Daten werden auf Hochsicherheitsservern in Deutschland verarbeitet.<\/p>\n<p>Au\u00dferdem wird dein Chat nur f\u00fcr 4 Wochen ab deiner letzten Bearbeitung von unserer Software gespeichert, so dass du in Ruhe eine kreative Pause einlegen und dann deinen Chat weiter bearbeiten kannst. Nach Ablauf dieser Frist werden deine Daten automatisch gel\u00f6scht. Zus\u00e4tzlich kannst du deinen Chat auch vorher schon manuell l\u00f6schen.<\/p>\n            <\/div>        <\/div>    <\/div><\/section>\n<section class=\"av_toggle_section\"  itemscope=\"itemscope\" itemtype=\"https:\/\/schema.org\/CreativeWork\"  >    <div class=\"single_toggle\" data-tags=\"{Alle} \"  >        <p data-fake-id=\"#toggle-id-2\" class=\"toggler \"  itemprop=\"headline\"    role=\"tab\" tabindex=\"0\" aria-controls=\"toggle-id-2\">Du kannst es kostenlos ausprobieren<span class=\"toggle_icon\" >        <span class=\"vert_icon\"><\/span><span class=\"hor_icon\"><\/span><\/span><\/p>        <div id=\"toggle-id-2-container\" class=\"toggle_wrap \"  >            <div class=\"toggle_content invers-color \"  itemprop=\"text\"   ><p>Die Nutzung des Chat Uploaders und die Gestaltung deines Buches mit Hilfe der zapptales Software sind v\u00f6llig kostenfrei. Du kannst also alles nach Herzenslust ausprobieren.<\/p>\n<p>Erst, wenn du dich entscheidest, dein Buch kostenpflichtig zu bestellen, schlie\u00dft du einen Kauf ab.<\/p>\n            <\/div>        <\/div>    <\/div><\/section>\n<section class=\"av_toggle_section\"  itemscope=\"itemscope\" itemtype=\"https:\/\/schema.org\/CreativeWork\"  >    <div class=\"single_toggle\" data-tags=\"{Alle} \"  >        <p data-fake-id=\"#toggle-id-3\" class=\"toggler \"  itemprop=\"headline\"    role=\"tab\" tabindex=\"0\" aria-controls=\"toggle-id-3\">Darum ben\u00f6tigst du einen PC um deinen Chat in ein Buch zu verwandeln<span class=\"toggle_icon\" >        <span class=\"vert_icon\"><\/span><span class=\"hor_icon\"><\/span><\/span><\/p>        <div id=\"toggle-id-3-container\" class=\"toggle_wrap \"  >            <div class=\"toggle_content invers-color \"  itemprop=\"text\"   ><p>iMessage bietet leider keine M\u00f6glichkeit an, deinen Chat direkt vom Handy zu exportieren.\u00a0Die zapptales Software haben wir extra entwickelt, damit du deinen kompletten iMessage Chat schnell, sicher und einfach bei zapptales hochladen kannst.<\/p>\n            <\/div>        <\/div>    <\/div><\/section>\n<\/div><\/div>\n<\/div><\/div><\/div><!-- close content main div --><\/div><\/div><\/div><div id='after_section_6'  class='main_color av_default_container_wrap container_wrap sidebar_right' style=' '  ><div class='container' ><div class='template-page content  av-content-small alpha units'><div class='post-entry post-entry-type-page post-entry-56203'><div class='entry-content-wrapper clearfix'>\n","protected":false},"excerpt":{"rendered":"","protected":false},"author":5,"featured_media":0,"parent":0,"menu_order":0,"comment_status":"closed","ping_status":"closed","template":"","meta":[],"_links":{"self":[{"href":"https:\/\/www.zapptales.com\/de\/wp-json\/wp\/v2\/pages\/56203\/"}],"collection":[{"href":"https:\/\/www.zapptales.com\/de\/wp-json\/wp\/v2\/pages\/"}],"about":[{"href":"https:\/\/www.zapptales.com\/de\/wp-json\/wp\/v2\/types\/page\/"}],"author":[{"embeddable":true,"href":"https:\/\/www.zapptales.com\/de\/wp-json\/wp\/v2\/users\/5\/"}],"replies":[{"embeddable":true,"href":"https:\/\/www.zapptales.com\/de\/wp-json\/wp\/v2\/comments\/?post=56203"}],"version-history":[{"count":0,"href":"https:\/\/www.zapptales.com\/de\/wp-json\/wp\/v2\/pages\/56203\/revisions\/"}],"wp:attachment":[{"href":"https:\/\/www.zapptales.com\/de\/wp-json\/wp\/v2\/media\/?parent=56203"}],"curies":[{"name":"wp","href":"https:\/\/api.w.org\/{rel}","templated":true}]}}