{"id":58681,"date":"2023-10-20T13:26:31","date_gmt":"2023-10-20T11:26:31","guid":{"rendered":"https:\/\/www.zapptales.com\/?page_id=58681"},"modified":"2023-10-20T13:27:31","modified_gmt":"2023-10-20T11:27:31","slug":"facebook-messenger-buch-starten-app","status":"publish","type":"page","link":"https:\/\/www.zapptales.com\/de\/facebook-messenger-buch-starten-app\/","title":{"rendered":"Facebook Messenger Buch starten &#8211; App"},"content":{"rendered":"<section class=\"av_textblock_section \"  itemscope=\"itemscope\" itemtype=\"https:\/\/schema.org\/CreativeWork\" ><div class='avia_textblock  '   itemprop=\"text\" ><h2 class=\"av-special-heading-tag \" style=\"text-align: center;\">So gestaltest du ein Facebook Messenger Buch<\/h2>\n<\/div><\/section>\n<div  style='height:25px' class='hr hr-invisible   avia-builder-el-1  el_after_av_textblock  el_before_av_image '><span class='hr-inner ' ><span class='hr-inner-style'><\/span><\/span><\/div>\n<div  class='avia-image-container  av-styling-    avia-builder-el-2  el_after_av_hr  el_before_av_hr  avia-align-center '  itemprop=\"image\" itemscope=\"itemscope\" itemtype=\"https:\/\/schema.org\/ImageObject\"  ><div class='avia-image-container-inner'><div class='avia-image-overlay-wrap'><img class='avia_image' src='https:\/\/www.zapptales.com\/wp-content\/uploads\/2020\/09\/Facebook-Messenger-Chat-drucken-als-Buch-mit-zapptales-M-2-300x296.jpg' alt='' title='Facebook-Messenger-Chat-drucken-als-Buch-mit-zapptales-M-2' height=\"296\" width=\"300\"  itemprop=\"thumbnailUrl\"  \/><\/div><\/div><\/div>\n<div  style='height:25px' class='hr hr-invisible   avia-builder-el-3  el_after_av_image  el_before_av_textblock '><span class='hr-inner ' ><span class='hr-inner-style'><\/span><\/span><\/div>\n<section class=\"av_textblock_section \"  itemscope=\"itemscope\" itemtype=\"https:\/\/schema.org\/CreativeWork\" ><div class='avia_textblock  '   itemprop=\"text\" ><p style=\"text-align: center;\">Um \u00a0deinen\u00a0<strong>Facebook Messenger Chat in ein Buch verwandeln zu k\u00f6nnen<\/strong>, ist er vorab n\u00f6tig, dass du dir selbst eine\u00a0<strong>Kopie deiner Facebook Nachrichten auf deinen Computer herunterl\u00e4dst<\/strong>.\u00a0Dies ist eine Facebook-eigene Funktion, die jeder Facebook-Nutzer f\u00fcr sich anwenden kann.<\/p>\n<p style=\"text-align: center;\">Die Datei, die du von Facebook herunterl\u00e4dst, <strong>enth\u00e4lt alle deine Facebook Chats<\/strong>. Du kannst dann den Chat, den du in ein Buch verwandeln m\u00f6chtest, bei zapptales hochladen.<\/p>\n<p style=\"text-align: center;\">Wir zeigen dir jetzt, wie du diese Datei in\u00a0<strong>7 Schritten<\/strong>\u00a0herunterl\u00e4dst.<\/p>\n<p style=\"text-align: center;\"><strong>Wichtiger Hinweis<\/strong>: Wir empfehlen, den Export deiner Facebook Daten und den Upload deines Chats zu zapptales <strong>am PC<\/strong> durchzuf\u00fchren, da der Vorgang am PC viel \u00fcbersichtlicher und bequemer ist. Grunds\u00e4tzlich kannst du diese Schritte aber auch auf deinem Handy bzw. in der Facebook App durchf\u00fchren.<\/p>\n<\/div><\/section>\n\t<div  style='background:#780091;color:#ffffff;border-color:#333333;' class='av_promobox  avia-button-no   avia-builder-el-5  el_after_av_textblock  el_before_av_section  avia-builder-el-last  wbq_hide_on_desktop wbq_hide_on_mobile wbq_hide_on_tablet'>\t\t<div class='avia-promocontent'><\/p>\n<p style=\"text-align: center;\">Wichtiger Hinweis: Aufgrund eines Updates von Facebook k\u00f6nnen wir aktuell leider keine Facebook Chats verarbeiten. Wir arbeiten mit Hochdruck daran, das Problem in den n\u00e4chsten Wochen zu l\u00f6sen. Bei Fragen hilft dir unser Support-Team gerne weiter \ud83d\ude0a<\/p>\n<p>\n<\/div>\t<\/div>\n<\/div><\/div><\/div><!-- close content main div --><\/div><\/div><div id='wbq_hide_on_mobile'  class='avia-section main_color avia-section-no-padding avia-no-border-styling avia-bg-style-scroll  avia-builder-el-6  el_after_av_promobox  avia-builder-el-last   container_wrap sidebar_right' style=' '  ><div class='container' ><div class='template-page content  av-content-small alpha units'><div class='post-entry post-entry-type-page post-entry-58681'><div class='entry-content-wrapper clearfix'>\n<div  style='height:50px' class='hr hr-invisible   avia-builder-el-7  el_before_av_textblock  avia-builder-el-first '><span class='hr-inner ' ><span class='hr-inner-style'><\/span><\/span><\/div>\n<section class=\"av_textblock_section \"  itemscope=\"itemscope\" itemtype=\"https:\/\/schema.org\/CreativeWork\" ><div class='avia_textblock  '   itemprop=\"text\" ><h2 class=\"av-special-heading-tag \" style=\"text-align: center;\">Und so geht\u00b4s\u2026<\/h2>\n<\/div><\/section>\n<div  style='height:65px' class='hr hr-invisible   avia-builder-el-9  el_after_av_textblock  el_before_av_one_half '><span class='hr-inner ' ><span class='hr-inner-style'><\/span><\/span><\/div>\n<div class=\"flex_column av_one_half  flex_column_div av-zero-column-padding first  avia-builder-el-10  el_after_av_hr  el_before_av_one_half  \" style='border-radius:0px; '><section class=\"av_textblock_section \"  itemscope=\"itemscope\" itemtype=\"https:\/\/schema.org\/CreativeWork\" ><div class='avia_textblock  '   itemprop=\"text\" ><h3>Schritt 1<\/h3>\n<\/div><\/section><br \/>\n<section class=\"av_textblock_section \"  itemscope=\"itemscope\" itemtype=\"https:\/\/schema.org\/CreativeWork\" ><div class='avia_textblock wbq_hide_on_mobile '   itemprop=\"text\" ><p><strong>\u00d6ffne<\/strong> den Link <a href=\"https:\/\/www.facebook.com\/dyi\/\">https:\/\/www.facebook.com\/dyi\/<\/a> <strong>auf deinem Computer <\/strong>und klicke anschlie\u00dfend auf<strong> &#8220;Download anfordern&#8221;.<\/strong><\/p>\n<p><strong>Bitte beachte<\/strong>, dass du gegebenenfalls aufgefordert wirst, dich bei Facebook einzuloggen.<\/p>\n<\/div><\/section><br \/>\n<section class=\"av_textblock_section \"  itemscope=\"itemscope\" itemtype=\"https:\/\/schema.org\/CreativeWork\" ><div class='avia_textblock wbq_hide_on_desktop '   itemprop=\"text\" ><p><strong>\u00d6ffne<\/strong> den Link https:\/\/www.facebook.com\/dyi\/ <strong>auf deinem Computer <\/strong>und klicke anschlie\u00dfend auf<strong> &#8220;Download anfordern&#8221;.<\/strong><\/p>\n<p><strong>Bitte beachte<\/strong>, dass du gegebenenfalls aufgefordert wirst, dich bei Facebook einzuloggen.<\/p>\n<\/div><\/section><\/p><\/div><div class=\"flex_column av_one_half  flex_column_div av-zero-column-padding   avia-builder-el-14  el_after_av_one_half  el_before_av_hr  \" style='border-radius:0px; '><div  class='avia-image-container  av-styling-    avia-builder-el-15  avia-builder-el-no-sibling  avia-align-center '  itemprop=\"image\" itemscope=\"itemscope\" itemtype=\"https:\/\/schema.org\/ImageObject\"  ><div class='avia-image-container-inner'><div class='avia-image-overlay-wrap'><img class='avia_image' src='https:\/\/www.zapptales.com\/wp-content\/uploads\/2023\/06\/Schritt1.jpg' alt='zapptales Upload Facebook Messenger Chat' title='zapptales_Facebook_Chatbuch_Anleitung_Schritt_1' height=\"637\" width=\"1134\"  itemprop=\"thumbnailUrl\"  \/><\/div><\/div><\/div><\/div><div  style='height:80px' class='hr hr-invisible   avia-builder-el-16  el_after_av_one_half  el_before_av_one_half '><span class='hr-inner ' ><span class='hr-inner-style'><\/span><\/span><\/div>\n<div class=\"flex_column av_one_half  flex_column_div av-zero-column-padding first  avia-builder-el-17  el_after_av_hr  el_before_av_one_half  \" style='border-radius:0px; '><section class=\"av_textblock_section \"  itemscope=\"itemscope\" itemtype=\"https:\/\/schema.org\/CreativeWork\" ><div class='avia_textblock  '   itemprop=\"text\" ><h3>Schritt 2<\/h3>\n<\/div><\/section><br \/>\n<section class=\"av_textblock_section \"  itemscope=\"itemscope\" itemtype=\"https:\/\/schema.org\/CreativeWork\" ><div class='avia_textblock  '   itemprop=\"text\" ><p>Falls du auch einen Account bei Instagram hast, w\u00e4hle hier <strong>nur dein Facebook Account, <\/strong>damit im n\u00e4chsten Schritt auch nur die Facebook Nachrichten exportiert werden.<\/p>\n<p>Klicke anschlie\u00dfend auf <strong>&#8220;Weiter&#8221;<\/strong>.<\/p>\n<\/div><\/section><\/p><\/div><div class=\"flex_column av_one_half  flex_column_div av-zero-column-padding   avia-builder-el-20  el_after_av_one_half  el_before_av_hr  \" style='border-radius:0px; '><div  class='avia-image-container  av-styling-    avia-builder-el-21  avia-builder-el-no-sibling  avia-align-center '  itemprop=\"image\" itemscope=\"itemscope\" itemtype=\"https:\/\/schema.org\/ImageObject\"  ><div class='avia-image-container-inner'><div class='avia-image-overlay-wrap'><img class='avia_image' src='https:\/\/www.zapptales.com\/wp-content\/uploads\/2023\/06\/Schritt2.jpg' alt='zapptales Upload Facebook Messenger Chat' title='zapptales_Facebook_Chatbuch_Anleitung_Schritt_2' height=\"533\" width=\"600\"  itemprop=\"thumbnailUrl\"  \/><\/div><\/div><\/div><\/div><div  style='height:80px' class='hr hr-invisible   avia-builder-el-22  el_after_av_one_half  el_before_av_one_half '><span class='hr-inner ' ><span class='hr-inner-style'><\/span><\/span><\/div>\n<div class=\"flex_column av_one_half  flex_column_div av-zero-column-padding first  avia-builder-el-23  el_after_av_hr  el_before_av_one_half  \" style='border-radius:0px; '><section class=\"av_textblock_section \"  itemscope=\"itemscope\" itemtype=\"https:\/\/schema.org\/CreativeWork\" ><div class='avia_textblock  '   itemprop=\"text\" ><h3>Schritt 3<\/h3>\n<\/div><\/section><br \/>\n<section class=\"av_textblock_section \"  itemscope=\"itemscope\" itemtype=\"https:\/\/schema.org\/CreativeWork\" ><div class='avia_textblock  '   itemprop=\"text\" ><p>W\u00e4hle nun die Option <strong>&#8220;Arten von Informationen ausw\u00e4hlen&#8221;<\/strong> aus, damit du im n\u00e4chsten Schritt nur die Nachrichten aus Facebook exportieren kannst.<\/p>\n<\/div><\/section><\/p><\/div><div class=\"flex_column av_one_half  flex_column_div av-zero-column-padding   avia-builder-el-26  el_after_av_one_half  el_before_av_hr  \" style='border-radius:0px; '><div  class='avia-image-container  av-styling-    avia-builder-el-27  avia-builder-el-no-sibling  avia-align-center '  itemprop=\"image\" itemscope=\"itemscope\" itemtype=\"https:\/\/schema.org\/ImageObject\"  ><div class='avia-image-container-inner'><div class='avia-image-overlay-wrap'><img class='avia_image' src='https:\/\/www.zapptales.com\/wp-content\/uploads\/2023\/06\/Schritt3.jpg' alt='zapptales Upload Facebook Messenger Chat' title='zapptales_Facebook_Chatbuch_Anleitung_Schritt_3' height=\"529\" width=\"600\"  itemprop=\"thumbnailUrl\"  \/><\/div><\/div><\/div><\/div><div  style='height:80px' class='hr hr-invisible   avia-builder-el-28  el_after_av_one_half  el_before_av_one_half '><span class='hr-inner ' ><span class='hr-inner-style'><\/span><\/span><\/div>\n<div class=\"flex_column av_one_half  flex_column_div av-zero-column-padding first  avia-builder-el-29  el_after_av_hr  el_before_av_one_half  \" style='border-radius:0px; '><section class=\"av_textblock_section \"  itemscope=\"itemscope\" itemtype=\"https:\/\/schema.org\/CreativeWork\" ><div class='avia_textblock  '   itemprop=\"text\" ><h3>Schritt 4<\/h3>\n<\/div><\/section><br \/>\n<section class=\"av_textblock_section \"  itemscope=\"itemscope\" itemtype=\"https:\/\/schema.org\/CreativeWork\" ><div class='avia_textblock  '   itemprop=\"text\" ><p>W\u00e4hle hier die Option<strong>&#8220;Nachrichten&#8221;<\/strong> und klicke anschlie\u00dfend auf <strong>&#8220;Weiter&#8221;<\/strong><b>.<\/b><\/p>\n<\/div><\/section><\/p><\/div><div class=\"flex_column av_one_half  flex_column_div av-zero-column-padding   avia-builder-el-32  el_after_av_one_half  el_before_av_hr  \" style='border-radius:0px; '><div  class='avia-image-container  av-styling-    avia-builder-el-33  avia-builder-el-no-sibling  avia-align-center '  itemprop=\"image\" itemscope=\"itemscope\" itemtype=\"https:\/\/schema.org\/ImageObject\"  ><div class='avia-image-container-inner'><div class='avia-image-overlay-wrap'><img class='avia_image' src='https:\/\/www.zapptales.com\/wp-content\/uploads\/2023\/06\/Schritt4.jpg' alt='zapptales Upload Facebook Messenger Chat' title='zapptales_Facebook_Chatbuch_Anleitung_Schritt_4' height=\"770\" width=\"601\"  itemprop=\"thumbnailUrl\"  \/><\/div><\/div><\/div><\/div><div  style='height:80px' class='hr hr-invisible   avia-builder-el-34  el_after_av_one_half  el_before_av_one_half '><span class='hr-inner ' ><span class='hr-inner-style'><\/span><\/span><\/div>\n<div class=\"flex_column av_one_half  flex_column_div av-zero-column-padding first  avia-builder-el-35  el_after_av_hr  el_before_av_one_half  \" style='border-radius:0px; '><section class=\"av_textblock_section \"  itemscope=\"itemscope\" itemtype=\"https:\/\/schema.org\/CreativeWork\" ><div class='avia_textblock  '   itemprop=\"text\" ><h3>Schritt 5<\/h3>\n<\/div><\/section><br \/>\n<section class=\"av_textblock_section \"  itemscope=\"itemscope\" itemtype=\"https:\/\/schema.org\/CreativeWork\" ><div class='avia_textblock  '   itemprop=\"text\" ><p>In diesem Schritt kannst du, wenn du m\u00f6chtest, <strong>einen gew\u00fcnschten Zeitraum f\u00fcr den Chat-Export<\/strong> ausw\u00e4hlen. Wenn du das nicht tust, wird automatisch der komplette Zeitraum deiner Nachrichten exportiert.<\/p>\n<p>Bitte stelle sicher, dass unter <strong>&#8220;Format&#8221;<\/strong> die Option <strong>&#8220;HTML&#8221;<\/strong> und unter <strong>&#8220;Medienqualit\u00e4t&#8221;<\/strong> die Option <strong>&#8220;Mittel&#8221;<\/strong> ausgew\u00e4hlt ist.<\/p>\n<p>Klicke anschlie\u00dfend auf <strong>&#8220;Anfrage absenden&#8221;<\/strong>.<\/p>\n<\/div><\/section><\/p><\/div><div class=\"flex_column av_one_half  flex_column_div av-zero-column-padding   avia-builder-el-38  el_after_av_one_half  el_before_av_hr  \" style='border-radius:0px; '><div  class='avia-image-container  av-styling-    avia-builder-el-39  avia-builder-el-no-sibling  avia-align-center '  itemprop=\"image\" itemscope=\"itemscope\" itemtype=\"https:\/\/schema.org\/ImageObject\"  ><div class='avia-image-container-inner'><div class='avia-image-overlay-wrap'><img class='avia_image' src='https:\/\/www.zapptales.com\/wp-content\/uploads\/2023\/06\/Schritt5.jpg' alt='zapptales Upload Facebook Messenger Chat' title='zapptales_Facebook_Chatbuch_Anleitung_Schritt_5' height=\"716\" width=\"480\"  itemprop=\"thumbnailUrl\"  \/><\/div><\/div><\/div><\/div><div  style='height:80px' class='hr hr-invisible   avia-builder-el-40  el_after_av_one_half  el_before_av_one_half '><span class='hr-inner ' ><span class='hr-inner-style'><\/span><\/span><\/div>\n<div class=\"flex_column av_one_half  flex_column_div av-zero-column-padding first  avia-builder-el-41  el_after_av_hr  el_before_av_one_half  \" style='border-radius:0px; '><section class=\"av_textblock_section \"  itemscope=\"itemscope\" itemtype=\"https:\/\/schema.org\/CreativeWork\" ><div class='avia_textblock  '   itemprop=\"text\" ><h3>Schritt 6<\/h3>\n<\/div><\/section><br \/>\n<section class=\"av_textblock_section \"  itemscope=\"itemscope\" itemtype=\"https:\/\/schema.org\/CreativeWork\" ><div class='avia_textblock  '   itemprop=\"text\" ><p>Super! Du hast soeben einen Export deiner Facebook Nachrichten angefragt.<\/p>\n<p>Sobald deine Daten f\u00fcr den Download bereitstehen, erh\u00e4ltst du eine <strong>Benachrichtigung<\/strong> von Facebook. Dieser Prozess dauert in der Regel nur <strong>10 bis 20 Minuten<\/strong>.<\/p>\n<\/div><\/section><\/p><\/div><div class=\"flex_column av_one_half  flex_column_div av-zero-column-padding   avia-builder-el-44  el_after_av_one_half  el_before_av_hr  \" style='border-radius:0px; '><div  class='avia-image-container  av-styling-    avia-builder-el-45  avia-builder-el-no-sibling  avia-align-center '  itemprop=\"image\" itemscope=\"itemscope\" itemtype=\"https:\/\/schema.org\/ImageObject\"  ><div class='avia-image-container-inner'><div class='avia-image-overlay-wrap'><img class='avia_image' src='https:\/\/www.zapptales.com\/wp-content\/uploads\/2023\/06\/Schritt6.jpg' alt='zapptales Upload Facebook Messenger Chat' title='zapptales_Facebook_Chatbuch_Anleitung_Schritt_6' height=\"663\" width=\"602\"  itemprop=\"thumbnailUrl\"  \/><\/div><\/div><\/div><\/div><div  style='height:80px' class='hr hr-invisible   avia-builder-el-46  el_after_av_one_half  el_before_av_one_half '><span class='hr-inner ' ><span class='hr-inner-style'><\/span><\/span><\/div>\n<div class=\"flex_column av_one_half  flex_column_div av-zero-column-padding first  avia-builder-el-47  el_after_av_hr  el_before_av_one_half  \" style='border-radius:0px; '><section class=\"av_textblock_section \"  itemscope=\"itemscope\" itemtype=\"https:\/\/schema.org\/CreativeWork\" ><div class='avia_textblock  '   itemprop=\"text\" ><h3>Schritt 7<\/h3>\n<\/div><\/section><br \/>\n<section class=\"av_textblock_section \"  itemscope=\"itemscope\" itemtype=\"https:\/\/schema.org\/CreativeWork\" ><div class='avia_textblock  '   itemprop=\"text\" ><p>Sobald deine Facebook Nachrichten zum Download bereitstehen, kannst du hier auf <strong>&#8220;Herunterladen&#8221;<\/strong> klicken. Eine <strong>ZIP-Datei<\/strong>, die deine Facebook Messenger Chats enth\u00e4lt, wird dann auf deinen PC heruntergeladen.<\/p>\n<\/div><\/section><br \/>\n<div  style='height:20px' class='hr hr-invisible   avia-builder-el-50  el_after_av_textblock  el_before_av_textblock '><span class='hr-inner ' ><span class='hr-inner-style'><\/span><\/span><\/div><br \/>\n<section class=\"av_textblock_section \"  itemscope=\"itemscope\" itemtype=\"https:\/\/schema.org\/CreativeWork\" ><div class='avia_textblock  '   itemprop=\"text\" ><p><strong>Wichtiger Hinweis: <\/strong>Bitte entpacke die heruntergeladene ZIP Datei\u00a0<strong>nicht<\/strong>. Wenn du die Datei vorher entpackst, kannst du keinen Chat bei zapptales hochladen.<\/p>\n<\/div><\/section><br \/>\n<div  style='height:20px' class='hr hr-invisible   avia-builder-el-52  el_after_av_textblock  el_before_av_button '><span class='hr-inner ' ><span class='hr-inner-style'><\/span><\/span><\/div><br \/>\n<div  class='avia-button-wrap avia-button-left  avia-builder-el-53  el_after_av_hr  avia-builder-el-last  wbq_hide_on_mobile' ><a href='https:\/\/www.zapptales.com\/de\/facebook-messenger-buch-starten\/hinweis-safari-desktop\/'  class='avia-button   avia-icon_select-yes-right-icon avia-color-theme-color avia-size-small avia-position-left '   ><span class='avia_iconbox_title' >Weiter<\/span><span class='avia_button_icon avia_button_icon_right' aria-hidden='true' data-av_icon='\ue871' data-av_iconfont='entypo-fontello'><\/span><\/a><\/div><\/p><\/div><div class=\"flex_column av_one_half  flex_column_div av-zero-column-padding   avia-builder-el-54  el_after_av_one_half  el_before_av_hr  \" style='border-radius:0px; '><div  class='avia-image-container  av-styling-    avia-builder-el-55  avia-builder-el-no-sibling  avia-align-center '  itemprop=\"image\" itemscope=\"itemscope\" itemtype=\"https:\/\/schema.org\/ImageObject\"  ><div class='avia-image-container-inner'><div class='avia-image-overlay-wrap'><img class='avia_image' src='https:\/\/www.zapptales.com\/wp-content\/uploads\/2023\/06\/Schritt7.jpg' alt='zapptales Upload Facebook Messenger Chat' title='zapptales_Facebook_Chatbuch_Anleitung_Schritt_7' height=\"710\" width=\"600\"  itemprop=\"thumbnailUrl\"  \/><\/div><\/div><\/div><\/div><div  style='height:80px' class='hr hr-invisible   avia-builder-el-56  el_after_av_one_half  el_before_av_one_half  wbq_hide_on_desktop'><span class='hr-inner ' ><span class='hr-inner-style'><\/span><\/span><\/div>\n<div class=\"flex_column av_one_half  flex_column_div av-zero-column-padding first  avia-builder-el-57  el_after_av_hr  el_before_av_one_half  wbq_hide_on_desktop \" style='border-radius:0px; '><section class=\"av_textblock_section \"  itemscope=\"itemscope\" itemtype=\"https:\/\/schema.org\/CreativeWork\" ><div class='avia_textblock  '   itemprop=\"text\" ><h3>Schritt 8<\/h3>\n<\/div><\/section><br \/>\n<section class=\"av_textblock_section \"  itemscope=\"itemscope\" itemtype=\"https:\/\/schema.org\/CreativeWork\" ><div class='avia_textblock  '   itemprop=\"text\" ><p>Super! Du bist beim letzten Schritt angelangt. Jetzt kannst du die eben erstellte ZIP-Datei\u00a0<strong>\u00fcber deinen Computer<\/strong>\u00a0an unsere Software \u00fcbermitteln.<\/p>\n<\/div><\/section><br \/>\n<section class=\"av_textblock_section \"  itemscope=\"itemscope\" itemtype=\"https:\/\/schema.org\/CreativeWork\" ><div class='avia_textblock  '   itemprop=\"text\" ><p><strong>Rufe dazu folgende Seite auf deinem Computer auf:<\/strong><br \/>\n<span style=\"color: 780091;\">https:\/\/www.zapptales.com\/de\/web-uploader\/<\/span><\/p>\n<\/div><\/section><\/p><\/div><div class=\"flex_column av_one_half  flex_column_div av-zero-column-padding   avia-builder-el-61  el_after_av_one_half  el_before_av_hr  wbq_hide_on_desktop \" style='border-radius:0px; '><div  class='avia-image-container  av-styling-    avia-builder-el-62  avia-builder-el-no-sibling  avia-align-center '  itemprop=\"image\" itemscope=\"itemscope\" itemtype=\"https:\/\/schema.org\/ImageObject\"  ><div class='avia-image-container-inner'><div class='avia-image-overlay-wrap'><img class='avia_image' src='https:\/\/www.zapptales.com\/wp-content\/uploads\/2021\/05\/Web-Uploader-DE-1.png' alt='Chat bei zapptales hochladen' title='Chat bei zapptales hochladen' height=\"370\" width=\"610\"  itemprop=\"thumbnailUrl\"  \/><\/div><\/div><\/div><\/div><div  style='height:25px' class='hr hr-invisible   avia-builder-el-63  el_after_av_one_half  el_before_av_textblock  wbq_hide_on_desktop wbq_hide_on_mobile'><span class='hr-inner ' ><span class='hr-inner-style'><\/span><\/span><\/div>\n<section class=\"av_textblock_section  av-desktop-hide av-small-hide av-mini-hide\"  itemscope=\"itemscope\" itemtype=\"https:\/\/schema.org\/CreativeWork\" ><div class='avia_textblock  '   itemprop=\"text\" ><p><strong>Wichtiger Hinweis:<\/strong><\/p>\n<p>Bitte entpacke die heruntergeladene ZIP Datei\u00a0<strong>nicht<\/strong>. Wenn du die Datei vorher entpackst, kannst du keinen Chat bei uns hochladen.<\/p>\n<\/div><\/section>\n<div  style='height:75px' class='hr hr-invisible   avia-builder-el-65  el_after_av_textblock  avia-builder-el-last '><span class='hr-inner ' ><span class='hr-inner-style'><\/span><\/span><\/div>\n<\/div><\/div><\/div><!-- close content main div --><\/div><\/div><div id='after_section_1'  class='main_color av_default_container_wrap container_wrap sidebar_right' style=' '  ><div class='container' ><div class='template-page content  av-content-small alpha units'><div class='post-entry post-entry-type-page post-entry-58681'><div class='entry-content-wrapper clearfix'>\n","protected":false},"excerpt":{"rendered":"","protected":false},"author":5,"featured_media":0,"parent":0,"menu_order":0,"comment_status":"closed","ping_status":"closed","template":"","meta":[],"_links":{"self":[{"href":"https:\/\/www.zapptales.com\/de\/wp-json\/wp\/v2\/pages\/58681\/"}],"collection":[{"href":"https:\/\/www.zapptales.com\/de\/wp-json\/wp\/v2\/pages\/"}],"about":[{"href":"https:\/\/www.zapptales.com\/de\/wp-json\/wp\/v2\/types\/page\/"}],"author":[{"embeddable":true,"href":"https:\/\/www.zapptales.com\/de\/wp-json\/wp\/v2\/users\/5\/"}],"replies":[{"embeddable":true,"href":"https:\/\/www.zapptales.com\/de\/wp-json\/wp\/v2\/comments\/?post=58681"}],"version-history":[{"count":0,"href":"https:\/\/www.zapptales.com\/de\/wp-json\/wp\/v2\/pages\/58681\/revisions\/"}],"wp:attachment":[{"href":"https:\/\/www.zapptales.com\/de\/wp-json\/wp\/v2\/media\/?parent=58681"}],"curies":[{"name":"wp","href":"https:\/\/api.w.org\/{rel}","templated":true}]}}