{"id":9373,"date":"2017-06-29T10:11:11","date_gmt":"2017-06-29T10:11:11","guid":{"rendered":"https:\/\/www.zapptales.com\/?page_id=9373\/"},"modified":"2020-11-26T15:04:49","modified_gmt":"2020-11-26T14:04:49","slug":"zapptales-versprechen","status":"publish","type":"page","link":"https:\/\/www.zapptales.com\/de\/zapptales-versprechen\/","title":{"rendered":"Das zapptales Versprechen"},"content":{"rendered":"<div id='full_slider_1'  class='avia-fullwidth-slider main_color avia-shadow   avia-builder-el-0  el_before_av_section  avia-builder-el-first  wbq_landing_section_1_slider  container_wrap sidebar_right' style=' '  ><div   data-size='no scaling'  data-lightbox_size='large'  data-animation='slide'  data-conditional_play=''  data-ids='9449'  data-video_counter='0'  data-autoplay='false'  data-bg_slider='false'  data-slide_height=''  data-handle='av_slideshow_full'  data-interval='5'  data-class=' '  data-el_id=''  data-css_id=''  data-scroll_down=''  data-control_layout='av-control-default'  data-custom_markup=''  data-perma_caption=''  data-autoplay_stopper=''  data-image_attachment=''  data-min_height='350px'  data-src=''  data-position='top left'  data-repeat='no-repeat'  data-attach='scroll'  data-stretch=''  class='avia-slideshow avia-slideshow-1  av-control-default av-default-height-applied avia-slideshow-no scaling av_slideshow_full   avia-slide-slider '  itemprop=\"image\" itemscope=\"itemscope\" itemtype=\"https:\/\/schema.org\/ImageObject\" ><ul class='avia-slideshow-inner ' style='padding-bottom: 33.083333333333%;' ><li  class=' av-single-slide slide-1 ' ><div data-rel='slideshow-1' class='avia-slide-wrap '   ><div class = \"caption_fullwidth av-slideshow-caption caption_center\"><div class = \"container caption_container\"><div class = \"slideshow_caption\"><div class = \"slideshow_inner_caption\"><div class = \"slideshow_align_caption\"><h2  style='font-size:24px; ' class='avia-caption-title  '  itemprop=\"name\" >Das zapptales-Versprechen:<\/h2><div class='avia-caption-content  av_inherit_color'  itemprop=\"description\"   style='font-size:18px; '><p>Es ist ganz einfach: Wir geben alles, damit du zufrieden bist!<\/p>\n<\/div><\/div><\/div><\/div><\/div><\/div><img src='https:\/\/www.zapptales.com\/wp-content\/uploads\/2017\/06\/DSC0477-2.jpg' width='1200' height='397' title='_DSC0477-2' alt=''  itemprop=\"thumbnailUrl\"  style='min-height:350px; min-width:1058px; ' \/><div class='av-section-color-overlay' style='opacity: 0.2; background-color: #000000; '><\/div><\/div><\/li><\/ul><\/div><\/div>\n<div id='wbq_about_media_section'  class='avia-section main_color avia-section-large avia-no-border-styling avia-bg-style-scroll  avia-builder-el-1  el_after_av_slideshow_full  el_before_av_section   container_wrap sidebar_right' style=' '  ><div class='container' ><div class='template-page content  av-content-small alpha units'><div class='post-entry post-entry-type-page post-entry-9373'><div class='entry-content-wrapper clearfix'>\n<div  style='padding-bottom:5px; ' class='av-special-heading av-special-heading-h3  blockquote modern-quote  avia-builder-el-2  el_before_av_textblock  avia-builder-el-first  '><h3 class='av-special-heading-tag '  itemprop=\"headline\"  >So wird aus Smileys ein L\u00e4cheln:<\/h3><div class='special-heading-border'><div class='special-heading-inner-border' ><\/div><\/div><\/div>\n<section class=\"av_textblock_section \"  itemscope=\"itemscope\" itemtype=\"https:\/\/schema.org\/CreativeWork\" ><div class='avia_textblock  '   itemprop=\"text\" ><p>Es ist uns ein wichtiges Anliegen, dass du von deinem zapptales Buch begeistert bist. Deshalb setzen wir von deinem ersten Besuch auf unserer Seite bis du dein Buch aufschl\u00e4gst alles daran, das zu erreichen.<\/p>\n<\/div><\/section>\n<div  style='height:50px' class='hr hr-invisible   avia-builder-el-4  el_after_av_textblock  el_before_av_one_fourth '><span class='hr-inner ' ><span class='hr-inner-style'><\/span><\/span><\/div>\n<div class='flex_column_table av-equal-height-column-flextable -flextable' ><div class=\"flex_column av_one_fourth  no_margin flex_column_table_cell av-equal-height-column av-align-top first  avia-builder-el-5  el_after_av_hr  el_before_av_one_fourth  \" style='border-width:1px; border-color:#e6e1d7; border-style:solid; padding:10px; border-radius:5px; '><p><div  class='avia-image-container  av-styling-    avia-builder-el-6  el_before_av_hr  avia-builder-el-first  avia-align-center '  itemprop=\"image\" itemscope=\"itemscope\" itemtype=\"https:\/\/schema.org\/ImageObject\"  ><div class='avia-image-container-inner'><div class='avia-image-overlay-wrap'><img class='avia_image' src='https:\/\/www.zapptales.com\/wp-content\/uploads\/2017\/06\/DSC0840-copy.jpg' alt='Team Support' title='Team Support' height=\"400\" width=\"400\"  itemprop=\"thumbnailUrl\"  \/><\/div><\/div><\/div><br \/>\n<div  style='height:20px' class='hr hr-invisible   avia-builder-el-7  el_after_av_image  el_before_av_textblock '><span class='hr-inner ' ><span class='hr-inner-style'><\/span><\/span><\/div><br \/>\n<section class=\"av_textblock_section \"  itemscope=\"itemscope\" itemtype=\"https:\/\/schema.org\/CreativeWork\" ><div class='avia_textblock  '   itemprop=\"text\" ><h4 style=\"text-align: left;\"><strong>Wir stehen dir mit Rat und Tat zur Seite<\/strong><\/h4>\n<p style=\"text-align: left;\">Dank <strong>Tutorials<\/strong>, <strong>live Chat<\/strong> und unserem stets gut gelaunten <strong>Support Team<\/strong> kl\u00e4ren wir all deine Fragen rund um zapptales und dein Chat Buch schnell und unkompliziert.<\/p>\n<\/div><\/section><\/p><\/div><div class=\"flex_column av_one_fourth  no_margin flex_column_table_cell av-equal-height-column av-align-top   avia-builder-el-9  el_after_av_one_fourth  el_before_av_one_fourth  \" style='border-width:1px; border-color:#e6e1d7; border-style:solid; padding:10px; border-radius:5px; '><p><div  class='avia-image-container  av-styling-    avia-builder-el-10  el_before_av_hr  avia-builder-el-first  avia-align-center '  itemprop=\"image\" itemscope=\"itemscope\" itemtype=\"https:\/\/schema.org\/ImageObject\"  ><div class='avia-image-container-inner'><div class='avia-image-overlay-wrap'><img class='avia_image' src='https:\/\/www.zapptales.com\/wp-content\/uploads\/2017\/06\/terrace_mockup_macbook_1-copy.jpg' alt='zapptales Buch pr\u00fcfen' title='zapptales Buch pr\u00fcfen' height=\"500\" width=\"500\"  itemprop=\"thumbnailUrl\"  \/><\/div><\/div><\/div><br \/>\n<div  style='height:20px' class='hr hr-invisible   avia-builder-el-11  el_after_av_image  el_before_av_textblock '><span class='hr-inner ' ><span class='hr-inner-style'><\/span><\/span><\/div><br \/>\n<section class=\"av_textblock_section \"  itemscope=\"itemscope\" itemtype=\"https:\/\/schema.org\/CreativeWork\" ><div class='avia_textblock  '   itemprop=\"text\" ><h4 style=\"text-align: left;\"><strong>Nachdem du bestellt hast\u2026<\/strong><\/h4>\n<p style=\"text-align: left;\">hast du die Gelegenheit, deine <strong>Bestellung zu \u00fcberpr\u00fcfen<\/strong>. Sollte die Druckbest\u00e4tigung nicht deinen Vorstellungen entsprechen, kannst du uns dies innerhalb von 6 Stunden melden. Wir bringen das umgehend kostenlos in Ordnung!<\/p>\n<\/div><\/section><\/p><\/div><div class=\"flex_column av_one_fourth  no_margin flex_column_table_cell av-equal-height-column av-align-top   avia-builder-el-13  el_after_av_one_fourth  el_before_av_one_fourth  \" style='border-width:1px; border-color:#e6e1d7; border-style:solid; padding:10px; border-radius:5px; '><p><div  class='avia-image-container  av-styling-    avia-builder-el-14  el_before_av_hr  avia-builder-el-first  avia-align-center '  itemprop=\"image\" itemscope=\"itemscope\" itemtype=\"https:\/\/schema.org\/ImageObject\"  ><div class='avia-image-container-inner'><div class='avia-image-overlay-wrap'><img class='avia_image' src='https:\/\/www.zapptales.com\/wp-content\/uploads\/2017\/06\/20170127_145618-2-1.jpg' alt='' title='20170127_145618-2' height=\"500\" width=\"500\"  itemprop=\"thumbnailUrl\"  \/><\/div><\/div><\/div><br \/>\n<div  style='height:20px' class='hr hr-invisible   avia-builder-el-15  el_after_av_image  el_before_av_textblock '><span class='hr-inner ' ><span class='hr-inner-style'><\/span><\/span><\/div><br \/>\n<section class=\"av_textblock_section \"  itemscope=\"itemscope\" itemtype=\"https:\/\/schema.org\/CreativeWork\" ><div class='avia_textblock  '   itemprop=\"text\" ><h4 style=\"text-align: left;\"><strong>Wir arbeiten nur mit den Besten!<\/strong><\/h4>\n<p style=\"text-align: left;\">Vom hoch spezialisierten Druckdienstleister bis zum weltweit operierenden Logistikunternehmen: Wir haben unsere Partner gezielt nach <strong>Qualit\u00e4t, Sicherheit und Zuverl\u00e4ssigkeit<\/strong> ausgesucht.<\/p>\n<\/div><\/section><\/p><\/div><div class=\"flex_column av_one_fourth  no_margin flex_column_table_cell av-equal-height-column av-align-top   avia-builder-el-17  el_after_av_one_fourth  avia-builder-el-last  \" style='border-width:1px; border-color:#e6e1d7; border-style:solid; padding:10px; border-radius:5px; '><p><div  class='avia-image-container  av-styling-    avia-builder-el-18  el_before_av_hr  avia-builder-el-first  avia-align-center '  itemprop=\"image\" itemscope=\"itemscope\" itemtype=\"https:\/\/schema.org\/ImageObject\"  ><div class='avia-image-container-inner'><div class='avia-image-overlay-wrap'><img class='avia_image' src='https:\/\/www.zapptales.com\/wp-content\/uploads\/2017\/04\/13.11-Sunday-300x300.jpg' alt='Das Perfekte Geschenk' title='Das Perfekte Geschenk' height=\"300\" width=\"300\"  itemprop=\"thumbnailUrl\"  \/><\/div><\/div><\/div><br \/>\n<div  style='height:20px' class='hr hr-invisible   avia-builder-el-19  el_after_av_image  el_before_av_textblock '><span class='hr-inner ' ><span class='hr-inner-style'><\/span><\/span><\/div><br \/>\n<section class=\"av_textblock_section \"  itemscope=\"itemscope\" itemtype=\"https:\/\/schema.org\/CreativeWork\" ><div class='avia_textblock  '   itemprop=\"text\" ><h4><strong>Und wenn du dein Buch in den H\u00e4nden h\u00e4ltst\u2026<\/strong><\/h4>\n<p style=\"text-align: left;\">und du wider Erwarten nicht zufrieden bist, beheben wir das Problem umgehend. Wenn dann aus Smileys immer noch kein L\u00e4cheln geworden sein sollte, <strong>bekommst du dein Geld zur\u00fcck!<\/strong><\/p>\n<p style=\"text-align: left;\">Und wie genau das funktioniert erf\u00e4hrst du <b><a href=\"https:\/\/www.zapptales.com\/de\/faq-2\/#toggle-id-3\">hier<\/a><\/b>.<\/p>\n<\/div><\/section><\/p><\/div><\/div><!--close column table wrapper. Autoclose: 1 -->\n\n<\/div><\/div><\/div><!-- close content main div --><\/div><\/div><div id='av_section_2'  class='avia-section main_color avia-section-default avia-no-border-styling av-section-color-overlay-active avia-bg-style-scroll  avia-builder-el-21  el_after_av_section  el_before_av_section   container_wrap sidebar_right' style='background-color: #e6e1d7;  '  ><div class='av-section-color-overlay-wrap'><div class='av-section-color-overlay' style='opacity: 0.5; background-image: url(\/wp-content\/uploads\/2016\/01\/symphony_pattern.png); background-repeat: repeat;'><\/div><div class='container' ><div class='template-page content  av-content-small alpha units'><div class='post-entry post-entry-type-page post-entry-9373'><div class='entry-content-wrapper clearfix'>\n<div class=\"flex_column av_one_fifth  flex_column_div av-zero-column-padding first  avia-builder-el-22  el_before_av_four_fifth  avia-builder-el-first  \" style='border-radius:0px; '><p><div  style='height:10px' class='hr hr-invisible   avia-builder-el-23  el_before_av_image  avia-builder-el-first '><span class='hr-inner ' ><span class='hr-inner-style'><\/span><\/span><\/div><br \/>\n<div  class='avia-image-container  av-styling-    avia-builder-el-24  el_after_av_hr  el_before_av_hr  wbq_hide_on_mobile avia-align-center '  itemprop=\"image\" itemscope=\"itemscope\" itemtype=\"https:\/\/schema.org\/ImageObject\"  ><div class='avia-image-container-inner'><div class='avia-image-overlay-wrap'><a href='https:\/\/www.trustedshops.de\/bewertung\/info_X7C973735886805413A684A0AC195EFC0.html' class='avia_image'  ><img class='avia_image ' src='https:\/\/www.zapptales.com\/wp-content\/uploads\/2017\/06\/TrustedShops-rgb-Siegel_100Hpx.png' alt='' title='TrustedShops-rgb-Siegel_100Hpx'  itemprop=\"thumbnailUrl\"  \/><\/a><\/div><\/div><\/div><br \/>\n<div  style='height:10px' class='hr hr-invisible   avia-builder-el-25  el_after_av_image  el_before_av_image '><span class='hr-inner ' ><span class='hr-inner-style'><\/span><\/span><\/div><br \/>\n<div  class='avia-image-container  av-styling-    avia-builder-el-26  el_after_av_hr  avia-builder-el-last  wbq_hide_on_mobile avia-align-center '  itemprop=\"image\" itemscope=\"itemscope\" itemtype=\"https:\/\/schema.org\/ImageObject\"  ><div class='avia-image-container-inner'><div class='avia-image-overlay-wrap'><a href='https:\/\/www.trustedshops.de\/bewertung\/info_X7C973735886805413A684A0AC195EFC0.html' class='avia_image'  ><img class='avia_image ' src='https:\/\/www.zapptales.com\/wp-content\/uploads\/2020\/10\/zapptales-Trusted-Shops-Bewertungen-desktop-zapptales-versprechen-2.png' alt='zapptales Trusted Shops Bewertungen' title='zapptales Trusted Shops Bewertungen'  itemprop=\"thumbnailUrl\"  \/><\/a><\/div><\/div><\/div><\/p><\/div><div class=\"flex_column av_four_fifth  flex_column_div av-zero-column-padding   avia-builder-el-27  el_after_av_one_fifth  avia-builder-el-last  \" style='border-radius:0px; '><p><div  style='padding-bottom:10px; ' class='av-special-heading av-special-heading-h2  blockquote modern-quote  avia-builder-el-28  el_before_av_textblock  avia-builder-el-first  '><h2 class='av-special-heading-tag '  itemprop=\"headline\"  >Das sagen unsere Kunden:<\/h2><div class='special-heading-border'><div class='special-heading-inner-border' ><\/div><\/div><\/div><br \/>\n<section class=\"av_textblock_section \"  itemscope=\"itemscope\" itemtype=\"https:\/\/schema.org\/CreativeWork\" ><div class='avia_textblock  '   itemprop=\"text\" ><p>Auf unsere hervorragende Bewertung bei Trusted Shops sind wir sehr stolz. Am besten, du liest selbst, was unsere Kunden zu zapptales, unserem Service und ihren B\u00fcchern sagen:<\/p>\n<\/div><\/section><br \/>\n<div  class='avia-image-container  av-styling-    avia-builder-el-30  el_after_av_textblock  el_before_av_content_slider  wbq_hide_on_desktop avia-align-center '  itemprop=\"image\" itemscope=\"itemscope\" itemtype=\"https:\/\/schema.org\/ImageObject\"  ><div class='avia-image-container-inner'><div class='avia-image-overlay-wrap'><a href='https:\/\/www.trustedshops.de\/bewertung\/info_X7C973735886805413A684A0AC195EFC0.html' class='avia_image'  ><img class='avia_image ' src='https:\/\/www.zapptales.com\/wp-content\/uploads\/2020\/10\/zapptales-Trusted-Shops-Bewertungen-mobile-zapptales-versprechen-2.png' alt='zapptales Trusted Shops Bewertungen' title='zapptales Trusted Shops Bewertungen'  itemprop=\"thumbnailUrl\"  \/><\/a><\/div><\/div><\/div><br \/>\n<div   data-autoplay='true'  data-interval='7'  data-animation='fade'  data-show_slide_delay='30'  class='avia-content-slider-element-container avia-content-slider-element-slider avia-content-slider avia-smallarrow-slider avia-content-slider-active avia-content-slider1 avia-content-slider-odd  avia-builder-el-31  el_after_av_image  avia-builder-el-last  client-review-slider av_inherit_color ' ><div class='avia-smallarrow-slider-heading  no-content-slider-navigation  no-content-slider-heading '><div class='new-special-heading'>&nbsp;<\/div><\/div><div class='avia-content-slider-inner'><div class='slide-entry-wrap'><section class='slide-entry flex_column post-entry slide-entry-overview slide-loop-1 slide-parity-odd  av_fullwidth first'  itemscope=\"itemscope\" itemtype=\"https:\/\/schema.org\/CreativeWork\" ><div class='slide-entry-excerpt entry-content'  itemprop=\"text\" ><p style=\"text-align: center;\"><strong>\u201c<\/strong>\u00a0Super freundliche Beantwortung aller Fragen zum Produkt, schnelle Lieferung und eine Wahnsinnsqualit\u00e4t. Mehr kann man dazu nicht sagen&#8230; Ich bin durch und durch beeindruckt.\u00a0<strong>\u201e<\/strong><\/p>\n<\/div><\/section><\/div><div class='slide-entry-wrap'><section class='slide-entry flex_column post-entry slide-entry-overview slide-loop-2 slide-parity-odd  av_fullwidth first'  itemscope=\"itemscope\" itemtype=\"https:\/\/schema.org\/CreativeWork\" ><div class='slide-entry-excerpt entry-content'  itemprop=\"text\" ><p style=\"text-align: center;\"><strong>\u201c<\/strong>\u00a0Einfach top, meine Freundin war einfach nur sprachlos. Danke!\u00a0<strong>\u201e<\/strong><\/p>\n<\/div><\/section><\/div><div class='slide-entry-wrap'><section class='slide-entry flex_column post-entry slide-entry-overview slide-loop-3 slide-parity-odd  av_fullwidth first'  itemscope=\"itemscope\" itemtype=\"https:\/\/schema.org\/CreativeWork\" ><div class='slide-entry-excerpt entry-content'  itemprop=\"text\" ><p style=\"text-align: center;\"><strong>\u201c<\/strong>\u00a0Auch das dritte Buch ist perfekt, das neue Videofeature und die zus\u00e4tzlichen Eingabem\u00f6glichkeiten sind gro\u00dfe Klasse.\u00a0<strong>\u201e<\/strong><\/p>\n<\/div><\/section><\/div><div class='slide-entry-wrap'><section class='slide-entry flex_column post-entry slide-entry-overview slide-loop-4 slide-parity-odd  av_fullwidth first'  itemscope=\"itemscope\" itemtype=\"https:\/\/schema.org\/CreativeWork\" ><div class='slide-entry-excerpt entry-content'  itemprop=\"text\" ><p style=\"text-align: center;\"><strong>\u201c<\/strong>\u00a0Eine sehr sch\u00f6ne Erinnerung. Super verarbeitet und schneller Versand. Bei Fragen oder Problemen wurde einem direkt geholfen. So sollte es immer laufen.\u00a0<strong>\u201e<\/strong><\/p>\n<\/div><\/section><\/div><div class='slide-entry-wrap'><section class='slide-entry flex_column post-entry slide-entry-overview slide-loop-5 slide-parity-odd  av_fullwidth first'  itemscope=\"itemscope\" itemtype=\"https:\/\/schema.org\/CreativeWork\" ><div class='slide-entry-excerpt entry-content'  itemprop=\"text\" ><p style=\"text-align: center;\"><strong>\u201c<\/strong>\u00a0Super Idee! Ich habe gro\u00dfe Freude am Buch&#8230; WhatsApp f\u00fcr die Ewigkeit. Danke!\u00a0<strong>\u201e<\/strong><\/p>\n<\/div><\/section><\/div><div class='slide-entry-wrap'><section class='slide-entry flex_column post-entry slide-entry-overview slide-loop-6 slide-parity-odd  post-entry-last  av_fullwidth first'  itemscope=\"itemscope\" itemtype=\"https:\/\/schema.org\/CreativeWork\" ><div class='slide-entry-excerpt entry-content'  itemprop=\"text\" ><p style=\"text-align: center;\"><strong>\u201c<\/strong>\u00a0Wirkliche eine tolle Software, absolut einfach und schnell zu bearbeiten. Alle meine Bekannten und Freunde sind von dem Buch (Hardcover) begeistert.\u00a0<strong>\u201e<\/strong><\/p>\n<\/div><\/section><\/div><\/div><\/div><\/p><\/div><\/div><\/div><\/div><!-- close content main div --><\/div><\/div><\/div><div id='av_section_3'  class='avia-section main_color avia-section-default avia-no-border-styling avia-bg-style-scroll  avia-builder-el-32  el_after_av_section  avia-builder-el-last   container_wrap sidebar_right' style=' '  ><div class='container' ><div class='template-page content  av-content-small alpha units'><div class='post-entry post-entry-type-page post-entry-9373'><div class='entry-content-wrapper clearfix'>\n<div class='flex_column_table av-equal-height-column-flextable -flextable' ><div class=\"flex_column av_one_full  flex_column_table_cell av-equal-height-column av-align-top av-zero-column-padding first  avia-builder-el-33  avia-builder-el-no-sibling  \" style='border-radius:0px; '><p><div  style='padding-bottom:10px; ' class='av-special-heading av-special-heading-h2  blockquote modern-quote  avia-builder-el-34  el_before_av_textblock  avia-builder-el-first  '><h2 class='av-special-heading-tag '  itemprop=\"headline\"  >Kontakt<\/h2><div class='special-heading-border'><div class='special-heading-inner-border' ><\/div><\/div><\/div><br \/>\n<section class=\"av_textblock_section \"  itemscope=\"itemscope\" itemtype=\"https:\/\/schema.org\/CreativeWork\" ><div class='avia_textblock  '   itemprop=\"text\" ><p>Bei Anregungen, Komplimenten oder Fragen wende dich bitte direkt an uns. Entweder \u00fcber das unten\u00a0stehende Kontaktformular oder per E-Mail an <a href=\"mailto:support@zapptales.com?subject=Anfrage%20ueber%20\/de\/zapptales-versprechen\/%20(E-Mail)\">support@zapptales.com<\/a>.<\/p>\n<p>Wir freuen uns auf deine Nachricht!<\/p>\n<\/div><\/section><br \/>\n<form action=\"https:\/\/www.zapptales.com\/de\/zapptales-versprechen\/\" method=\"post\"  class=\"avia_ajax_form av-form-labels-visible   avia-builder-el-36  el_after_av_textblock  el_before_av_textblock   \" data-avia-form-id=\"1\" data-avia-redirect='' ><fieldset><p class=' first_form  form_element form_fullwidth' id='element_avia_1_1'><label for=\"avia_1_1\">Dein Vorname <abbr class=\"required\" title=\"required\">*<\/abbr><\/label> <input name=\"avia_1_1\" class=\"text_input is_empty\" type=\"text\" id=\"avia_1_1\" value=\"\" \/><\/p><p class=' first_form  form_element form_fullwidth' id='element_avia_2_1'><label for=\"avia_2_1\">Deine E-Mail Adresse <abbr class=\"required\" title=\"required\">*<\/abbr><\/label> <input name=\"avia_2_1\" class=\"text_input is_email\" type=\"text\" id=\"avia_2_1\" value=\"\" \/><\/p><p class=' first_form  form_element form_fullwidth av-last-visible-form-element' id='element_avia_3_1'>\t <label for=\"avia_3_1\" class=\"textare_label hidden textare_label_avia_3_1\">Deine Nachricht <abbr class=\"required\" title=\"required\">*<\/abbr><\/label>\t <textarea  name=\"avia_3_1\" class=\"text_area is_empty\" cols=\"40\" rows=\"7\" id=\"avia_3_1\" ><\/textarea><\/p><p class=\"hidden\"><input type=\"text\" name=\"avia_4_1\" class=\"hidden \" id=\"avia_4_1\" value=\"\" \/><\/p><p class=\"form_element \"><input type=\"hidden\" value=\"1\" name=\"avia_generated_form1\" \/><input type=\"submit\" value=\"Senden\" class=\"button\"  data-sending-label=\"Sending\"\/><\/p><\/fieldset><div class=\"avia-disabled-forn\">This contact form is deactivated because you refused to accept Google reCaptcha service which is necessary to validate any messages sent by the form.<\/div><\/form><div id=\"ajaxresponse_1\" class=\"ajaxresponse ajaxresponse_1 hidden\"><\/div><br \/>\n<section class=\"av_textblock_section \"  itemscope=\"itemscope\" itemtype=\"https:\/\/schema.org\/CreativeWork\" ><div class='avia_textblock  '   itemprop=\"text\" ><p><b>*<\/b> Bei Verwendung unseres Kontaktformulars werden folgende Daten von uns erfasst:<\/p>\n<p>&#8211; Name<br \/>\n&#8211; Ihre E-Mail-Adresse<br \/>\n&#8211; Datum und Uhrzeit der Kontaktanfrage<\/p>\n<p>Die Datenverarbeitung zum Zwecke der Kontaktaufnahme mit uns erfolgt nach Art. 6 Abs.1 lit.a DSGVO auf Grundlage Ihrer freiwillig erteilten Einwilligung und werden ausschlie\u00dflich zur Gew\u00e4hrleistung eines reibungslosen Supports verwendet. Weitere Information finden Sie in unserer Datenschutzerkl\u00e4rung \u00a72d.<\/p>\n<\/div><\/section><\/p><\/div><\/div><!--close column table wrapper. Autoclose: 1 -->\n<\/div><\/div><\/div><!-- close content main div --><\/div><\/div><div id='after_section_3'  class='main_color av_default_container_wrap container_wrap sidebar_right' style=' '  ><div class='container' ><div class='template-page content  av-content-small alpha units'><div class='post-entry post-entry-type-page post-entry-9373'><div class='entry-content-wrapper clearfix'><\/p>\n","protected":false},"excerpt":{"rendered":"","protected":false},"author":5,"featured_media":0,"parent":0,"menu_order":0,"comment_status":"closed","ping_status":"closed","template":"","meta":[],"_links":{"self":[{"href":"https:\/\/www.zapptales.com\/de\/wp-json\/wp\/v2\/pages\/9373\/"}],"collection":[{"href":"https:\/\/www.zapptales.com\/de\/wp-json\/wp\/v2\/pages\/"}],"about":[{"href":"https:\/\/www.zapptales.com\/de\/wp-json\/wp\/v2\/types\/page\/"}],"author":[{"embeddable":true,"href":"https:\/\/www.zapptales.com\/de\/wp-json\/wp\/v2\/users\/5\/"}],"replies":[{"embeddable":true,"href":"https:\/\/www.zapptales.com\/de\/wp-json\/wp\/v2\/comments\/?post=9373"}],"version-history":[{"count":0,"href":"https:\/\/www.zapptales.com\/de\/wp-json\/wp\/v2\/pages\/9373\/revisions\/"}],"wp:attachment":[{"href":"https:\/\/www.zapptales.com\/de\/wp-json\/wp\/v2\/media\/?parent=9373"}],"curies":[{"name":"wp","href":"https:\/\/api.w.org\/{rel}","templated":true}]}}