{"id":23445,"date":"2018-03-15T14:36:50","date_gmt":"2018-03-15T14:36:50","guid":{"rendered":"https:\/\/www.zapptales.com\/?page_id=23445"},"modified":"2018-03-15T15:43:52","modified_gmt":"2018-03-15T15:43:52","slug":"como-imprimir-una-conversacion-de-whatsapp-guia-completa","status":"publish","type":"page","link":"https:\/\/www.zapptales.com\/es\/como-imprimir-una-conversacion-de-whatsapp-guia-completa\/","title":{"rendered":"C\u00f3mo imprimir una conversaci\u00f3n de WhatsApp: Gu\u00eda completa"},"content":{"rendered":"<div  style='padding-bottom:10px; ' class='av-special-heading av-special-heading-h1  blockquote modern-quote  avia-builder-el-0  el_before_av_two_third  avia-builder-el-first  '><h1 class='av-special-heading-tag '  itemprop=\"headline\"  >C\u00f3mo imprimir conversaciones de WhatsApp<\/h1><div class='special-heading-border'><div class='special-heading-inner-border' ><\/div><\/div><\/div>\n<div class='flex_column_table av-equal-height-column-flextable -flextable' ><div class=\"flex_column av_two_third  flex_column_table_cell av-equal-height-column av-align-bottom av-zero-column-padding first  avia-builder-el-1  el_after_av_heading  el_before_av_one_third  \" style='border-radius:0px; '><p><section class=\"av_textblock_section \"  itemscope=\"itemscope\" itemtype=\"https:\/\/schema.org\/CreativeWork\" ><div class='avia_textblock  '   itemprop=\"text\" ><p>\u00bfTienes algun chat o conversaci\u00f3n de WhatsApp que te gustar\u00eda imprimir para tenerlo en papel?<\/p>\n<p>En WhatsApp no existe directamente la opci\u00f3n de &#8220;Imprimir conversaci\u00f3n&#8221;, por eso te explicamos en esta gu\u00eda los pasos que has de seguir y qu\u00e9 aspectos\u00a0has de tener en cuenta en cada paso.<\/p>\n<\/div><\/section><br \/>\n<section class=\"av_textblock_section \"  itemscope=\"itemscope\" itemtype=\"https:\/\/schema.org\/CreativeWork\" ><div class='avia_textblock  '   itemprop=\"text\" ><p>C\u00f3mo imprimir tu chat de WhatsApp en pocos pasos:<\/p>\n<ol>\n<li>Abre la conversaci\u00f3n que quieras imprimir.<\/li>\n<li>Exporta la conversaci\u00f3n mediante la funci\u00f3n de WhatsApp <strong>Enviar chat por E-Mail<\/strong>.<\/li>\n<li>Selecciona si quieres enviar los archivos de medios (fotos, audios, videos) o no.<\/li>\n<li>Abre el archivo exportado, dale el formato que te guste\u00a0y ya puedes imprimirlo.<\/li>\n<\/ol>\n<p>Estos son los principales pasos como imprimir un chat. A continuaci\u00f3n te explicamos alguno de ellos con m\u00e1s detalle.<\/p>\n<\/div><\/section><\/p><\/div>\n<div class='av-flex-placeholder'><\/div><div class=\"flex_column av_one_third  flex_column_table_cell av-equal-height-column av-align-bottom   avia-builder-el-4  el_after_av_two_third  el_before_av_hr  wbq_hide_on_mobile \" style='padding:0px 6% 0px 6% ; border-radius:0px; '><div  class='avia-image-container  av-styling-    avia-builder-el-5  avia-builder-el-no-sibling  avia-align-center '  itemprop=\"image\" itemscope=\"itemscope\" itemtype=\"https:\/\/schema.org\/ImageObject\"  ><div class='avia-image-container-inner'><div class='avia-image-overlay-wrap'><img class='avia_image' src='https:\/\/www.zapptales.com\/wp-content\/uploads\/2018\/03\/screen-1-phone-2.png' alt='Imprimir Conversaci\u00f3n WhatsApp' title='Imprimir Conversaci\u00f3n WhatsApp' height=\"806\" width=\"429\"  itemprop=\"thumbnailUrl\"  \/><\/div><\/div><\/div><\/div><\/div><!--close column table wrapper. Autoclose: 1 -->\n<div   class='hr hr-default   avia-builder-el-6  el_after_av_one_third  el_before_av_one_full '><span class='hr-inner ' ><span class='hr-inner-style'><\/span><\/span><\/div>\n<div class=\"flex_column av_one_full  flex_column_div av-zero-column-padding first  avia-builder-el-7  el_after_av_hr  el_before_av_section  avia-builder-el-last  \" style='border-radius:0px; '><p><div  style='padding-bottom:10px; ' class='av-special-heading av-special-heading-h3  blockquote modern-quote  avia-builder-el-8  el_before_av_textblock  avia-builder-el-first  '><h3 class='av-special-heading-tag '  itemprop=\"headline\"  >Informaci\u00f3n adicional: Exportar el chat<\/h3><div class='special-heading-border'><div class='special-heading-inner-border' ><\/div><\/div><\/div><br \/>\n<section class=\"av_textblock_section \"  itemscope=\"itemscope\" itemtype=\"https:\/\/schema.org\/CreativeWork\" ><div class='avia_textblock  '   itemprop=\"text\" ><p>Aqu\u00ed encontrar\u00e1s una gu\u00eda paso a paso y con im\u00e1genes para exportar tu chat desde Android o iPhone.<\/p>\n<p><strong> <i class=\"fa fa-android\"><\/i><a href=\"https:\/\/www.zapptales.com\/es\/como-imprimir-una-conversacion-de-whatsapp-guia-completa\/guia-para-android\/\"> Gu\u00eda completa para Android<\/a> <i class=\"fa fa-arrow-right\"><\/i><\/strong><\/p>\n<p><strong> <i class=\"fa fa-apple\"><\/i><a href=\"https:\/\/www.zapptales.com\/es\/como-imprimir-una-conversacion-de-whatsapp-guia-completa\/guia-para-iphone\/\"> Gu\u00eda completa para iPhone<\/a> <i class=\"fa fa-arrow-right\"><\/i><\/strong><\/p>\n<p>Si tienes problemas para exportar tu chat desde un Android, <a href=\"#android\">visita esta secci\u00f3n<\/a>.<\/p>\n<\/div><\/section><\/p><\/div>\n<\/div><\/div><\/div><!-- close content main div --><\/div><\/div><div id='av_section_1'  class='avia-section main_color avia-section-small avia-shadow av-section-color-overlay-active avia-bg-style-scroll  avia-builder-el-10  el_after_av_one_full  el_before_av_section   container_wrap sidebar_right' style=' '  ><div class='av-section-color-overlay-wrap'><div class='av-section-color-overlay' style='opacity: 0.5; background-image: url(\/wp-content\/uploads\/2016\/01\/symphony_pattern.png); background-repeat: repeat;'><\/div><div class='container' ><div class='template-page content  av-content-small alpha units'><div class='post-entry post-entry-type-page post-entry-23445'><div class='entry-content-wrapper clearfix'>\n<div class='flex_column_table av-equal-height-column-flextable -flextable' ><div class=\"flex_column av_two_third  flex_column_table_cell av-equal-height-column av-align-middle av-zero-column-padding first  avia-builder-el-11  el_before_av_one_third  avia-builder-el-first  \" style='border-radius:0px; '><p><div  style='padding-bottom:15px; ' class='av-special-heading av-special-heading-h3  blockquote modern-quote  avia-builder-el-12  el_before_av_textblock  avia-builder-el-first  '><h3 class='av-special-heading-tag '  itemprop=\"headline\"  >BONUS: Imprimir tu chat favorito de WhatsApp f\u00e1cilmente en un libro!<\/h3><div class='special-heading-border'><div class='special-heading-inner-border' ><\/div><\/div><\/div><br \/>\n<section class=\"av_textblock_section \"  itemscope=\"itemscope\" itemtype=\"https:\/\/schema.org\/CreativeWork\" ><div class='avia_textblock  av_inherit_color '  style='color:#780091; '  itemprop=\"text\" ><p>zapptales lo hace muy sencillo. Te ayudamos a imprimir tu chat favorito de WhatsApp en un bonito libro. Es muy sencillo y el resultado es espectacular. Es un fant\u00e1stico regalo para esas personas tan especiales.<\/p>\n<\/div><\/section><br \/>\n<div  class='avia-button-wrap avia-button-center  avia-builder-el-14  el_after_av_textblock  avia-builder-el-last  wbq_use_case_cta_mid' ><a href='https:\/\/www.zapptales.com\/es\/'  class='avia-button   avia-icon_select-yes-right-icon avia-color-theme-color avia-size-small avia-position-center '   ><span class='avia_iconbox_title' >Visita zapptales<\/span><span class='avia_button_icon avia_button_icon_right' aria-hidden='true' data-av_icon='\ue871' data-av_iconfont='entypo-fontello'><\/span><\/a><\/div><\/p><\/div><div class='av-flex-placeholder'><\/div><div class=\"flex_column av_one_third  flex_column_table_cell av-equal-height-column av-align-middle av-zero-column-padding   avia-builder-el-15  el_after_av_two_third  avia-builder-el-last  \" style='border-radius:0px; '><div  class='avia-image-container  av-styling-    avia-builder-el-16  avia-builder-el-no-sibling  avia-align-center '  itemprop=\"image\" itemscope=\"itemscope\" itemtype=\"https:\/\/schema.org\/ImageObject\"  ><div class='avia-image-container-inner'><div class='avia-image-overlay-wrap'><img class='avia_image' src='https:\/\/www.zapptales.com\/wp-content\/uploads\/2016\/05\/DSC1288-copy-2-2.jpg' alt='Libro WhatsApp de zapptales' title='Libro WhatsApp de zapptales' height=\"428\" width=\"600\"  itemprop=\"thumbnailUrl\"  \/><\/div><\/div><\/div><\/div><\/div><!--close column table wrapper. Autoclose: 1 -->\n\n<\/div><\/div><\/div><!-- close content main div --><\/div><\/div><\/div><div id='android'  class='avia-section main_color avia-section-small avia-no-border-styling avia-bg-style-scroll  avia-builder-el-17  el_after_av_section  el_before_av_section   container_wrap sidebar_right' style=' '  ><div class='container' ><div class='template-page content  av-content-small alpha units'><div class='post-entry post-entry-type-page post-entry-23445'><div class='entry-content-wrapper clearfix'>\n<div  style='padding-bottom:10px; ' class='av-special-heading av-special-heading-h3  blockquote modern-quote  avia-builder-el-18  el_before_av_textblock  avia-builder-el-first  '><h3 class='av-special-heading-tag '  itemprop=\"headline\"  >Problema: Limitaciones para exportar el chat desde Android<\/h3><div class='special-heading-border'><div class='special-heading-inner-border' ><\/div><\/div><\/div>\n<section class=\"av_textblock_section \"  itemscope=\"itemscope\" itemtype=\"https:\/\/schema.org\/CreativeWork\" ><div class='avia_textblock  '   itemprop=\"text\" ><p>Lamentablemente no es muy sencillo exportar el chat desde Android. Las limitaciones de tama\u00f1o a la hora de enviar un email hacen que en la mayor\u00eda de los casos\u00a0falten algunos archivos de media y el chat no se env\u00ede completo. Realmente con la opci\u00f3n de WhatsApp se tiene que escoger entre tener un chat completo o tener las \u00faltimas im\u00e1genes.<\/p>\n<p><strong>Opci\u00f3n 1 &#8211; Enviar chat sin archivos adjuntos:<\/strong> Tendr\u00e1s un mayor n\u00famero de mensajes (hasta 40.000 mensajes) pero te faltar\u00e1n todos los archivos de media y lamentablemente tampoco aparece ninguna referencia a qu\u00e9 archivos faltan.<\/p>\n<p><strong>Opci\u00f3n 2 &#8211; Enviar chat con archivos adjuntos:<\/strong> Se enviar\u00e1 el chat con los archivos de media m\u00e1s recientes y en alg\u00fan momento probablemente dejen de aparecer los mensajes, por lo que el chat se exportar\u00e1 incompleto. En el caso de que haya muy pocos archivos de media, se pueden exportar hasta 10.000 mensajes.<\/p>\n<p>Ninguna de las dos opciones es realmente v\u00e1lida por separado. Por eso recomendamos exportar el chat sin archivos adjuntos y exportar por separado las im\u00e1genes en un paso posterior. O echar un vistazo a la siguiente seccion, ya que zapptales ha encontrado una soluci\u00f3n para esta limitaci\u00f3n.<\/p>\n<\/div><\/section>\n\n<\/div><\/div><\/div><!-- close content main div --><\/div><\/div><div id='av_section_3'  class='avia-section main_color avia-section-small avia-shadow av-section-color-overlay-active avia-bg-style-scroll  avia-builder-el-20  el_after_av_section  avia-builder-el-last   container_wrap sidebar_right' style=' '  ><div class='av-section-color-overlay-wrap'><div class='av-section-color-overlay' style='opacity: 0.5; background-image: url(\/wp-content\/uploads\/2016\/01\/symphony_pattern.png); background-repeat: repeat;'><\/div><div class='container' ><div class='template-page content  av-content-small alpha units'><div class='post-entry post-entry-type-page post-entry-23445'><div class='entry-content-wrapper clearfix'>\n<div class='flex_column_table av-equal-height-column-flextable -flextable' ><div class=\"flex_column av_two_third  flex_column_table_cell av-equal-height-column av-align-middle av-zero-column-padding first  avia-builder-el-21  el_before_av_one_third  avia-builder-el-first  \" style='border-radius:0px; '><p><div  style='padding-bottom:15px; ' class='av-special-heading av-special-heading-h3  blockquote modern-quote  avia-builder-el-22  el_before_av_textblock  avia-builder-el-first  '><h3 class='av-special-heading-tag '  itemprop=\"headline\"  >BONUS: La app de zapptales para exportar el chat desde Android<\/h3><div class='special-heading-border'><div class='special-heading-inner-border' ><\/div><\/div><\/div><br \/>\n<section class=\"av_textblock_section \"  itemscope=\"itemscope\" itemtype=\"https:\/\/schema.org\/CreativeWork\" ><div class='avia_textblock  av_inherit_color '  style='color:#780091; '  itemprop=\"text\" ><p>La app de zapptales exporta tu chat en dos partes. Primero exporta tu chat sin archivos adjuntos, para tener el m\u00e1ximo n\u00famero de mensajes y despu\u00e9s busca directamente lo archivos en tu tel\u00e9fono y los sube al chat de zapptales.<\/p>\n<p>En definitiva, la app es el mejor sistema que existe para exportar un chat desde Android.<\/p>\n<\/div><\/section><br \/>\n<div  class='avia-button-wrap avia-button-center  avia-builder-el-24  el_after_av_textblock  avia-builder-el-last  wbq_use_case_cta_mid' ><a href='https:\/\/www.zapptales.com\/es\/'  class='avia-button   avia-icon_select-yes-right-icon avia-color-theme-color avia-size-small avia-position-center '   ><span class='avia_iconbox_title' >Visita zapptales<\/span><span class='avia_button_icon avia_button_icon_right' aria-hidden='true' data-av_icon='\ue871' data-av_iconfont='entypo-fontello'><\/span><\/a><\/div><\/p><\/div><div class='av-flex-placeholder'><\/div><div class=\"flex_column av_one_third  flex_column_table_cell av-equal-height-column av-align-middle av-zero-column-padding   avia-builder-el-25  el_after_av_two_third  avia-builder-el-last  \" style='border-radius:0px; '><div  class='avia-image-container  av-styling-    avia-builder-el-26  avia-builder-el-no-sibling  avia-align-center '  itemprop=\"image\" itemscope=\"itemscope\" itemtype=\"https:\/\/schema.org\/ImageObject\"  ><div class='avia-image-container-inner'><div class='avia-image-overlay-wrap'><img class='avia_image' src='https:\/\/www.zapptales.com\/wp-content\/uploads\/2016\/05\/DSC1288-copy-2-2.jpg' alt='Libro WhatsApp de zapptales' title='Libro WhatsApp de zapptales' height=\"428\" width=\"600\"  itemprop=\"thumbnailUrl\"  \/><\/div><\/div><\/div><\/div><\/div><!--close column table wrapper. Autoclose: 1 -->\n<\/div><\/div><\/div><!-- close content main div --><\/div><\/div><\/div><div id='after_section_3'  class='main_color av_default_container_wrap container_wrap sidebar_right' style=' '  ><div class='container' ><div class='template-page content  av-content-small alpha units'><div class='post-entry post-entry-type-page post-entry-23445'><div class='entry-content-wrapper clearfix'>\n","protected":false},"excerpt":{"rendered":"","protected":false},"author":5,"featured_media":0,"parent":0,"menu_order":0,"comment_status":"closed","ping_status":"closed","template":"","meta":[],"_links":{"self":[{"href":"https:\/\/www.zapptales.com\/es\/wp-json\/wp\/v2\/pages\/23445\/"}],"collection":[{"href":"https:\/\/www.zapptales.com\/es\/wp-json\/wp\/v2\/pages\/"}],"about":[{"href":"https:\/\/www.zapptales.com\/es\/wp-json\/wp\/v2\/types\/page\/"}],"author":[{"embeddable":true,"href":"https:\/\/www.zapptales.com\/es\/wp-json\/wp\/v2\/users\/5\/"}],"replies":[{"embeddable":true,"href":"https:\/\/www.zapptales.com\/es\/wp-json\/wp\/v2\/comments\/?post=23445"}],"version-history":[{"count":0,"href":"https:\/\/www.zapptales.com\/es\/wp-json\/wp\/v2\/pages\/23445\/revisions\/"}],"wp:attachment":[{"href":"https:\/\/www.zapptales.com\/es\/wp-json\/wp\/v2\/media\/?parent=23445"}],"curies":[{"name":"wp","href":"https:\/\/api.w.org\/{rel}","templated":true}]}}