{"id":340,"date":"2016-02-12T00:00:56","date_gmt":"2016-02-11T23:00:56","guid":{"rendered":"http:\/\/zapptales.wpengine.com\/es\/?page_id=340"},"modified":"2016-04-15T09:58:46","modified_gmt":"2016-04-15T09:58:46","slug":"derecho-de-desistimiento","status":"publish","type":"page","link":"https:\/\/www.zapptales.com\/es\/derecho-de-desistimiento\/","title":{"rendered":"Derecho de desistimiento"},"content":{"rendered":"<div id='av_section_1'  class='avia-section main_color avia-section-large avia-no-border-styling avia-bg-style-scroll  avia-builder-el-0  el_before_av_section  avia-builder-el-first   container_wrap sidebar_right' style=' '  ><div class='container' ><main  role=\"main\" itemprop=\"mainContentOfPage\"  class='template-page content  av-content-small alpha units'><div class='post-entry post-entry-type-page post-entry-340'><div class='entry-content-wrapper clearfix'>\n<div  style='padding-bottom:10px; font-size:24px;' class='av-special-heading av-special-heading-h2  blockquote modern-quote  avia-builder-el-1  avia-builder-el-no-sibling  av-inherit-size '><h2 class='av-special-heading-tag '  itemprop=\"headline\"  >Derecho de desistimiento<\/h2><div class='special-heading-border'><div class='special-heading-inner-border' ><\/div><\/div><\/div>\n\n<\/div><\/div><\/main><!-- close content main element --><\/div><\/div><div id='av_section_2'  class='avia-section main_color avia-section-small avia-no-border-styling avia-bg-style-scroll  avia-builder-el-2  el_after_av_section  el_before_av_section   container_wrap sidebar_right' style=' '  ><div class='container' ><div class='template-page content  av-content-small alpha units'><div class='post-entry post-entry-type-page post-entry-340'><div class='entry-content-wrapper clearfix'>\n<div  style='padding-bottom:0px; ' class='av-special-heading av-special-heading-h3  blockquote modern-quote  avia-builder-el-3  el_before_av_textblock  avia-builder-el-first  '><h3 class='av-special-heading-tag '  itemprop=\"headline\"  >Nota importante<\/h3><div class='special-heading-border'><div class='special-heading-inner-border' ><\/div><\/div><\/div>\n<section class=\"av_textblock_section \"  itemscope=\"itemscope\" itemtype=\"https:\/\/schema.org\/CreativeWork\" ><div class='avia_textblock  '   itemprop=\"text\" ><p>El derecho no se aplica a los contratos a distancia para la entrega de bienes que no son prefabricados y la producci\u00f3n de los cuales requiera una elecci\u00f3n o decisi\u00f3n individual por parte del consumidor o que est\u00e1n claramente adaptados a las necesidades personales de los consumidores.<\/p>\n<\/div><\/section>\n\n<\/div><\/div><\/div><!-- close content main div --><\/div><\/div><div id='av_section_3'  class='avia-section main_color avia-section-small avia-no-border-styling avia-bg-style-scroll  avia-builder-el-5  el_after_av_section  el_before_av_section   container_wrap sidebar_right' style=' '  ><div class='container' ><div class='template-page content  av-content-small alpha units'><div class='post-entry post-entry-type-page post-entry-340'><div class='entry-content-wrapper clearfix'>\n<div  style='padding-bottom:0px; ' class='av-special-heading av-special-heading-h3  blockquote modern-quote  avia-builder-el-6  el_before_av_textblock  avia-builder-el-first  '><h3 class='av-special-heading-tag '  itemprop=\"headline\"  >Condiciones<\/h3><div class='special-heading-border'><div class='special-heading-inner-border' ><\/div><\/div><\/div>\n<section class=\"av_textblock_section \"  itemscope=\"itemscope\" itemtype=\"https:\/\/schema.org\/CreativeWork\" ><div class='avia_textblock  '   itemprop=\"text\" ><p>Usted posee el derecho a retractarse del presente acuerdo en un plazo de catorce d\u00edas sin especificar los motivos. El plazo de revocaci\u00f3n es de catorce d\u00edas a partir de la fecha en que usted o un tercero, designado por usted, distinto del transportista, tome posesi\u00f3n f\u00edsica de los bienes finales. Para ejercer su derecho de cancelaci\u00f3n, debe ponerse en contacto con nosotros, a continuaci\u00f3n encontrar\u00e1 nuestros datos de contacto: zapptales GmbH (Franz-Fihl-Str. 6, 80992 M\u00fanich, E-mail: info@zapptales.com) por medio de una declaraci\u00f3n inequ\u00edvoca (por ejemplo enviada mediante correo ordinario, fax o e-mail) de su decisi\u00f3n de rescindir del contrato. Si hace uso del derecho de desistimiento le enviaremos sin demora indebida una confirmaci\u00f3n (por ejemplo mediante un e-mail) de la recepci\u00f3n de dicha petici\u00f3n de desistimiento de compra. Para cumplir con el plazo establecido, es suficiente que env\u00ede su comunicaci\u00f3n relativa al ejercicio del derecho de desistimiento antes de la fecha l\u00edmite de retirada.<\/p>\n<\/div><\/section>\n<\/div><\/div><\/div><!-- close content main div --><\/div><\/div><div id='av_section_4'  class='avia-section main_color avia-section-small avia-no-border-styling avia-bg-style-scroll  avia-builder-el-8  el_after_av_section  avia-builder-el-last   container_wrap sidebar_right' style=' '  ><div class='container' ><div class='template-page content  av-content-small alpha units'><div class='post-entry post-entry-type-page post-entry-340'><div class='entry-content-wrapper clearfix'>\n<div  style='padding-bottom:0px; ' class='av-special-heading av-special-heading-h3  blockquote modern-quote  avia-builder-el-9  el_before_av_textblock  avia-builder-el-first  '><h3 class='av-special-heading-tag '  itemprop=\"headline\"  >Efectos de la retirada<\/h3><div class='special-heading-border'><div class='special-heading-inner-border' ><\/div><\/div><\/div>\n<section class=\"av_textblock_section \"  itemscope=\"itemscope\" itemtype=\"https:\/\/schema.org\/CreativeWork\" ><div class='avia_textblock  '   itemprop=\"text\" ><p>Realizaremos el reembolso (incluyendo los costes de env\u00edo exceptuando si usted decide usar otro m\u00e9todo de env\u00edo distinto al ofrecido por nosotros) sin ninguna demora indebida y, en todo caso, a m\u00e1s tardar 14 d\u00edas naturales a partir de la fecha en la que se nos informe de su decisi\u00f3n de desistir del presente contrato. Procederemos a efectuar dicho reembolso utilizando el mismo medio de pago empleado por usted para la transacci\u00f3n inicial, a no ser que haya usted dispuesto expresamente lo contrario; en cualquier caso, se le cargar\u00e1n las tasas derivadas por ello. Podremos retener el reembolso hasta haber recibido los bienes, o hasta que usted haya presentado una prueba de la devoluci\u00f3n de los mismos, seg\u00fan qu\u00e9 condici\u00f3n se cumpla primero. Deber\u00e1 usted devolvernos o entregarnos directamente los bienes a la direcci\u00f3n anteriormente indicada, sin ninguna demora indebida y, en cualquier caso, a m\u00e1s tardar en el plazo de 14 d\u00edas naturales a partir de la fecha en que nos comunique su decisi\u00f3n de desistimiento del contrato. Se considerar\u00e1 cumplido el plazo si efect\u00faa la devoluci\u00f3n de los bienes antes de que haya concluido dicho plazo. Deber\u00e1 usted asumir el coste directo y el riesgo de devoluci\u00f3n de los bienes.<\/p>\n<\/div><\/section>\n<\/div><\/div><\/div><!-- close content main div --><\/div><\/div><div id='after_section_4'  class='main_color av_default_container_wrap container_wrap sidebar_right' style=' '  ><div class='container' ><div class='template-page content  av-content-small alpha units'><div class='post-entry post-entry-type-page post-entry-340'><div class='entry-content-wrapper clearfix'><\/p>\n","protected":false},"excerpt":{"rendered":"","protected":false},"author":4,"featured_media":0,"parent":0,"menu_order":0,"comment_status":"closed","ping_status":"closed","template":"","meta":[],"_links":{"self":[{"href":"https:\/\/www.zapptales.com\/es\/wp-json\/wp\/v2\/pages\/340\/"}],"collection":[{"href":"https:\/\/www.zapptales.com\/es\/wp-json\/wp\/v2\/pages\/"}],"about":[{"href":"https:\/\/www.zapptales.com\/es\/wp-json\/wp\/v2\/types\/page\/"}],"author":[{"embeddable":true,"href":"https:\/\/www.zapptales.com\/es\/wp-json\/wp\/v2\/users\/4\/"}],"replies":[{"embeddable":true,"href":"https:\/\/www.zapptales.com\/es\/wp-json\/wp\/v2\/comments\/?post=340"}],"version-history":[{"count":0,"href":"https:\/\/www.zapptales.com\/es\/wp-json\/wp\/v2\/pages\/340\/revisions\/"}],"wp:attachment":[{"href":"https:\/\/www.zapptales.com\/es\/wp-json\/wp\/v2\/media\/?parent=340"}],"curies":[{"name":"wp","href":"https:\/\/api.w.org\/{rel}","templated":true}]}}