{"id":39487,"date":"2020-01-22T10:58:01","date_gmt":"2020-01-22T09:58:01","guid":{"rendered":"https:\/\/www.zapptales.com\/?page_id=39487"},"modified":"2025-01-23T15:21:13","modified_gmt":"2025-01-23T14:21:13","slug":"comenzar-libro-facebook-messenger-2","status":"publish","type":"page","link":"https:\/\/www.zapptales.com\/es\/comenzar-libro-facebook-messenger-2\/","title":{"rendered":"Comenzar libro Facebook Messenger"},"content":{"rendered":"<div  style='height:50px' class='hr hr-invisible   avia-builder-el-0  el_before_av_image  avia-builder-el-first  wbq_hide_on_mobile'><span class='hr-inner ' ><span class='hr-inner-style'><\/span><\/span><\/div>\n<div  class='avia-image-container  av-styling-    avia-builder-el-1  el_after_av_hr  el_before_av_hr  wbq_hide_on_desktop avia-align-center '  itemprop=\"image\" itemscope=\"itemscope\" itemtype=\"https:\/\/schema.org\/ImageObject\"  ><div class='avia-image-container-inner'><div class='avia-image-overlay-wrap'><a href='https:\/\/www.zapptales.com\/es\/' class='avia_image'  ><img class='avia_image ' src='\/wp-content\/uploads\/2016\/02\/zapptales_logo_cover_builder.svg' alt='' title=''  itemprop=\"thumbnailUrl\"  \/><\/a><\/div><\/div><\/div>\n<div  style='height:1px; margin-top:-50px'  class='hr hr-invisible   avia-builder-el-2  el_after_av_image  el_before_av_one_fifth  wbq_hide_on_mobile'><span class='hr-inner ' ><span class='hr-inner-style'><\/span><\/span><\/div>\n<div class='flex_column_table av-equal-height-column-flextable -flextable' ><div class=\"flex_column av_one_fifth  no_margin flex_column_table_cell av-equal-height-column av-align-middle av-zero-column-padding first  avia-builder-el-3  el_after_av_hr  el_before_av_one_fifth  wbq_hide_on_mobile \" style='border-radius:0px; '><div  class='avia-image-container  av-styling-    avia-builder-el-4  avia-builder-el-no-sibling  avia-align-center '  itemprop=\"image\" itemscope=\"itemscope\" itemtype=\"https:\/\/schema.org\/ImageObject\"  ><div class='avia-image-container-inner'><div class='avia-image-overlay-wrap'><a href='https:\/\/www.zapptales.com\/es\/' class='avia_image'  ><img class='avia_image ' src='\/wp-content\/uploads\/2016\/02\/zapptales_logo_cover_builder.svg' alt='' title=''  itemprop=\"thumbnailUrl\"  \/><\/a><\/div><\/div><\/div><\/div>\n<div class=\"flex_column av_one_fifth  no_margin flex_column_table_cell av-equal-height-column av-align-middle av-zero-column-padding   avia-builder-el-5  el_after_av_one_fifth  el_before_av_one_fifth  wbq_hide_on_mobile \" style='border-radius:0px; '><section class=\"av_textblock_section \"  itemscope=\"itemscope\" itemtype=\"https:\/\/schema.org\/CreativeWork\" ><div class='avia_textblock  '   itemprop=\"text\" ><h3 style=\"text-align: center;\">1.\u00a0Descubre las posibilidades<\/h3>\n<\/div><\/section><\/div>\n<div class=\"flex_column av_one_fifth  no_margin flex_column_table_cell av-equal-height-column av-align-middle av-zero-column-padding   avia-builder-el-7  el_after_av_one_fifth  el_before_av_one_fifth  wbq_hide_on_mobile \" style='border-radius:0px; '><section class=\"av_textblock_section \"  itemscope=\"itemscope\" itemtype=\"https:\/\/schema.org\/CreativeWork\" ><div class='avia_textblock  '   itemprop=\"text\" ><h3 style=\"text-align: center;\">2. Sube tu chat<\/h3>\n<\/div><\/section><\/div>\n<div class=\"flex_column av_one_fifth  no_margin flex_column_table_cell av-equal-height-column av-align-middle av-zero-column-padding   avia-builder-el-9  el_after_av_one_fifth  el_before_av_one_fifth  wbq_hide_on_mobile \" style='border-radius:0px; '><section class=\"av_textblock_section \"  itemscope=\"itemscope\" itemtype=\"https:\/\/schema.org\/CreativeWork\" ><div class='avia_textblock  '   itemprop=\"text\" ><h3 style=\"text-align: center;\">3. Personaliza tu libro<\/h3>\n<\/div><\/section><\/div>\n<div class=\"flex_column av_one_fifth  no_margin flex_column_table_cell av-equal-height-column av-align-middle av-zero-column-padding   avia-builder-el-11  el_after_av_one_fifth  el_before_av_hr  wbq_hide_on_mobile \" style='border-radius:0px; '><section class=\"av_textblock_section \"  itemscope=\"itemscope\" itemtype=\"https:\/\/schema.org\/CreativeWork\" ><div class='avia_textblock  '   itemprop=\"text\" ><h3 style=\"text-align: center;\">4. \u00a1Disfruta tu zapptales!<\/h3>\n<\/div><\/section><\/div><\/div><!--close column table wrapper. Autoclose: 1 -->\n<div  style='height:75px' class='hr hr-invisible   avia-builder-el-13  el_after_av_one_fifth  el_before_av_hr  wbq_hide_on_mobile'><span class='hr-inner ' ><span class='hr-inner-style'><\/span><\/span><\/div>\n<div  style='height:50px' class='hr hr-invisible   avia-builder-el-14  el_after_av_hr  el_before_av_textblock  wbq_hide_on_desktop'><span class='hr-inner ' ><span class='hr-inner-style'><\/span><\/span><\/div>\n<section class=\"av_textblock_section \"  itemscope=\"itemscope\" itemtype=\"https:\/\/schema.org\/CreativeWork\" ><div class='avia_textblock  '   itemprop=\"text\" ><h2 class=\"av-special-heading-tag \" style=\"text-align: center;\">Una breve introducci\u00f3n<\/h2>\n<\/div><\/section>\n<div  style='height:25px' class='hr hr-invisible   avia-builder-el-16  el_after_av_textblock  el_before_av_textblock '><span class='hr-inner ' ><span class='hr-inner-style'><\/span><\/span><\/div>\n<section class=\"av_textblock_section \"  itemscope=\"itemscope\" itemtype=\"https:\/\/schema.org\/CreativeWork\" ><div class='avia_textblock  '   itemprop=\"text\" ><p style=\"text-align: center;\">Para poder\u00a0<strong>transformar tu chat de Facebook Messenger en un libro<\/strong>\u00a0tienes que descargar previamente una copia de tus mensajes de Facebook.<\/p>\n<p style=\"text-align: center;\">Se trata de una funci\u00f3n propia de Facebook a la que cada usuario de Facebook tiene acceso.<\/p>\n<p style=\"text-align: center;\">El archivo que descargas de Facebook contiene <strong>todos tus chats de Facebook Messenger<\/strong>. M\u00e1s adelante podr\u00e1s subir a zapptales el chat que quieres transformar en un libro.<\/p>\n<p style=\"text-align: center;\">A continuaci\u00f3n te explicaremos c\u00f3mo descargar tus chats de Facebook en <strong>7 pasos.<\/strong><\/p>\n<p style=\"text-align: center;\"><strong>Nota importante:<\/strong> Te recomendamos exportar tus datos de Facebook y subir tu chat a zapptales <strong>en tu PC<\/strong>, ya que el proceso es mucho m\u00e1s claro y c\u00f3modo. No obstante, tambi\u00e9n puedes llevar a cabo estos pasos en tu m\u00f3vil o en la app de Facebook.<\/p>\n<\/div><\/section>\n<\/div><\/div><\/div><!-- close content main div --><\/div><\/div><div id='av_section_1'  class='avia-section main_color avia-section-no-padding avia-no-border-styling avia-bg-style-scroll  avia-builder-el-18  el_after_av_textblock  avia-builder-el-last   container_wrap sidebar_right' style=' '  ><div class='container' ><div class='template-page content  av-content-small alpha units'><div class='post-entry post-entry-type-page post-entry-39487'><div class='entry-content-wrapper clearfix'>\n<div  style='height:50px' class='hr hr-invisible   avia-builder-el-19  el_before_av_textblock  avia-builder-el-first '><span class='hr-inner ' ><span class='hr-inner-style'><\/span><\/span><\/div>\n<section class=\"av_textblock_section \"  itemscope=\"itemscope\" itemtype=\"https:\/\/schema.org\/CreativeWork\" ><div class='avia_textblock  '   itemprop=\"text\" ><h2 class=\"av-special-heading-tag \" style=\"text-align: center;\">Y asi funciona&#8230;<\/h2>\n<\/div><\/section>\n<div  style='height:65px' class='hr hr-invisible   avia-builder-el-21  el_after_av_textblock  el_before_av_one_half '><span class='hr-inner ' ><span class='hr-inner-style'><\/span><\/span><\/div>\n<div class=\"flex_column av_one_half  flex_column_div av-zero-column-padding first  avia-builder-el-22  el_after_av_hr  el_before_av_one_half  \" style='border-radius:0px; '><section class=\"av_textblock_section \"  itemscope=\"itemscope\" itemtype=\"https:\/\/schema.org\/CreativeWork\" ><div class='avia_textblock  '   itemprop=\"text\" ><h3>Paso 1<\/h3>\n<\/div><\/section><br \/>\n<section class=\"av_textblock_section \"  itemscope=\"itemscope\" itemtype=\"https:\/\/schema.org\/CreativeWork\" ><div class='avia_textblock wbq_hide_on_mobile '   itemprop=\"text\" ><p>Abre el siguiente enlace <strong>en tu ordenador<\/strong> y haz clic en <strong>&#8220;Solicitar descarga&#8221;<\/strong>: <a href=\"https:\/\/www.facebook.com\/dyi\/\" target=\"_blank\" rel=\"noopener\">https:\/\/www.facebook.com\/dyi\/<\/a><\/p>\n<p><strong>Ten en cuenta:<\/strong> Es posible que tengas que iniciar sesi\u00f3n en Facebook para poder acceder a esta p\u00e1gina.<\/p>\n<\/div><\/section><br \/>\n<section class=\"av_textblock_section \"  itemscope=\"itemscope\" itemtype=\"https:\/\/schema.org\/CreativeWork\" ><div class='avia_textblock wbq_hide_on_desktop '   itemprop=\"text\" ><p>Abre el siguiente enlace <strong>en tu ordenador<\/strong> y haz clic en <strong>&#8220;Solicitar descarga&#8221;<\/strong>: <strong style=\"color: #780091 !important;\">https:\/\/www.facebook.com\/dyi\/<\/strong><\/p>\n<p><strong>Ten en cuenta:<\/strong> Es posible que tengas que iniciar sesi\u00f3n en Facebook para poder acceder a esta p\u00e1gina.<\/p>\n<\/div><\/section><\/p><\/div><div class=\"flex_column av_one_half  flex_column_div av-zero-column-padding   avia-builder-el-26  el_after_av_one_half  el_before_av_hr  \" style='border-radius:0px; '><div  class='avia-image-container  av-styling-    avia-builder-el-27  avia-builder-el-no-sibling  avia-align-center '  itemprop=\"image\" itemscope=\"itemscope\" itemtype=\"https:\/\/schema.org\/ImageObject\"  ><div class='avia-image-container-inner'><div class='avia-image-overlay-wrap'><img class='avia_image' src='https:\/\/www.zapptales.com\/wp-content\/uploads\/2023\/06\/Paso1.jpg' alt='zapptales Upload Facebook Messenger Chat' title='zapptales_Facebook_Libro_Chat_Tutorial_Paso_1' height=\"617\" width=\"1221\"  itemprop=\"thumbnailUrl\"  \/><\/div><\/div><\/div><\/div><div  style='height:80px' class='hr hr-invisible   avia-builder-el-28  el_after_av_one_half  el_before_av_one_half '><span class='hr-inner ' ><span class='hr-inner-style'><\/span><\/span><\/div>\n<div class=\"flex_column av_one_half  flex_column_div av-zero-column-padding first  avia-builder-el-29  el_after_av_hr  el_before_av_one_half  \" style='border-radius:0px; '><section class=\"av_textblock_section \"  itemscope=\"itemscope\" itemtype=\"https:\/\/schema.org\/CreativeWork\" ><div class='avia_textblock  '   itemprop=\"text\" ><h3>Paso 2<\/h3>\n<\/div><\/section><br \/>\n<section class=\"av_textblock_section \"  itemscope=\"itemscope\" itemtype=\"https:\/\/schema.org\/CreativeWork\" ><div class='avia_textblock  '   itemprop=\"text\" ><p>Si tambi\u00e9n tienes una cuenta de Instagram, <strong>selecciona aqu\u00ed s\u00f3lo tu cuenta de Facebook<\/strong> para que en el siguiente paso s\u00f3lo se exporten los mensajes de Facebook.<\/p>\n<p>A continuaci\u00f3n, haz clic en <strong>&#8220;Siguiente&#8221;<\/strong>.<\/p>\n<\/div><\/section><\/p><\/div><div class=\"flex_column av_one_half  flex_column_div av-zero-column-padding   avia-builder-el-32  el_after_av_one_half  el_before_av_hr  \" style='border-radius:0px; '><div  class='avia-image-container  av-styling-    avia-builder-el-33  avia-builder-el-no-sibling  avia-align-center '  itemprop=\"image\" itemscope=\"itemscope\" itemtype=\"https:\/\/schema.org\/ImageObject\"  ><div class='avia-image-container-inner'><div class='avia-image-overlay-wrap'><img class='avia_image' src='https:\/\/www.zapptales.com\/wp-content\/uploads\/2023\/06\/Paso2.jpg' alt='zapptales Upload Facebook Messenger Chat' title='zapptales_Facebook_Libro_Chat_Tutorial_Paso_2' height=\"476\" width=\"540\"  itemprop=\"thumbnailUrl\"  \/><\/div><\/div><\/div><\/div><div  style='height:80px' class='hr hr-invisible   avia-builder-el-34  el_after_av_one_half  el_before_av_one_half '><span class='hr-inner ' ><span class='hr-inner-style'><\/span><\/span><\/div>\n<div class=\"flex_column av_one_half  flex_column_div av-zero-column-padding first  avia-builder-el-35  el_after_av_hr  el_before_av_one_half  \" style='border-radius:0px; '><section class=\"av_textblock_section \"  itemscope=\"itemscope\" itemtype=\"https:\/\/schema.org\/CreativeWork\" ><div class='avia_textblock  '   itemprop=\"text\" ><h3>Paso 3<\/h3>\n<\/div><\/section><br \/>\n<section class=\"av_textblock_section \"  itemscope=\"itemscope\" itemtype=\"https:\/\/schema.org\/CreativeWork\" ><div class='avia_textblock  '   itemprop=\"text\" ><p>Ahora selecciona la opci\u00f3n <strong>&#8220;Seleccionar tipos de informaci\u00f3n&#8221;<\/strong> para poder exportar s\u00f3lo los mensajes de Facebook en el siguiente paso.<\/p>\n<\/div><\/section><\/p><\/div><div class=\"flex_column av_one_half  flex_column_div av-zero-column-padding   avia-builder-el-38  el_after_av_one_half  el_before_av_hr  \" style='border-radius:0px; '><div  class='avia-image-container  av-styling-    avia-builder-el-39  avia-builder-el-no-sibling  avia-align-center '  itemprop=\"image\" itemscope=\"itemscope\" itemtype=\"https:\/\/schema.org\/ImageObject\"  ><div class='avia-image-container-inner'><div class='avia-image-overlay-wrap'><img class='avia_image' src='https:\/\/www.zapptales.com\/wp-content\/uploads\/2023\/06\/Paso3.jpg' alt='zapptales Upload Facebook Messenger Chat' title='zapptales_Facebook_Libro_Chat_Tutorial_Paso_3' height=\"480\" width=\"541\"  itemprop=\"thumbnailUrl\"  \/><\/div><\/div><\/div><\/div><div  style='height:80px' class='hr hr-invisible   avia-builder-el-40  el_after_av_one_half  el_before_av_one_half '><span class='hr-inner ' ><span class='hr-inner-style'><\/span><\/span><\/div>\n<div class=\"flex_column av_one_half  flex_column_div av-zero-column-padding first  avia-builder-el-41  el_after_av_hr  el_before_av_one_half  \" style='border-radius:0px; '><section class=\"av_textblock_section \"  itemscope=\"itemscope\" itemtype=\"https:\/\/schema.org\/CreativeWork\" ><div class='avia_textblock  '   itemprop=\"text\" ><h3>Paso 4<\/h3>\n<\/div><\/section><br \/>\n<section class=\"av_textblock_section \"  itemscope=\"itemscope\" itemtype=\"https:\/\/schema.org\/CreativeWork\" ><div class='avia_textblock  '   itemprop=\"text\" ><p>Selecciona ahora la opci\u00f3n <strong>&#8220;Mensajes&#8221;<\/strong> y haz clic en <strong>&#8220;Siguiente&#8221;<\/strong>.<\/p>\n<\/div><\/section><\/p><\/div><div class=\"flex_column av_one_half  flex_column_div av-zero-column-padding   avia-builder-el-44  el_after_av_one_half  el_before_av_hr  \" style='border-radius:0px; '><div  class='avia-image-container  av-styling-    avia-builder-el-45  avia-builder-el-no-sibling  avia-align-center '  itemprop=\"image\" itemscope=\"itemscope\" itemtype=\"https:\/\/schema.org\/ImageObject\"  ><div class='avia-image-container-inner'><div class='avia-image-overlay-wrap'><img class='avia_image' src='https:\/\/www.zapptales.com\/wp-content\/uploads\/2023\/06\/Paso4.jpg' alt='zapptales Upload Facebook Messenger Chat' title='zapptales_Facebook_Libro_Chat_Tutorial_Paso_4' height=\"763\" width=\"529\"  itemprop=\"thumbnailUrl\"  \/><\/div><\/div><\/div><\/div><div  style='height:80px' class='hr hr-invisible   avia-builder-el-46  el_after_av_one_half  el_before_av_one_half '><span class='hr-inner ' ><span class='hr-inner-style'><\/span><\/span><\/div>\n<div class=\"flex_column av_one_half  flex_column_div av-zero-column-padding first  avia-builder-el-47  el_after_av_hr  el_before_av_one_half  \" style='border-radius:0px; '><section class=\"av_textblock_section \"  itemscope=\"itemscope\" itemtype=\"https:\/\/schema.org\/CreativeWork\" ><div class='avia_textblock  '   itemprop=\"text\" ><h3>Paso 5<\/h3>\n<\/div><\/section><br \/>\n<section class=\"av_textblock_section \"  itemscope=\"itemscope\" itemtype=\"https:\/\/schema.org\/CreativeWork\" ><div class='avia_textblock  '   itemprop=\"text\" ><p>En este paso puedes, si lo deseas, seleccionar <strong>un periodo de timepo deseado para la exportaci\u00f3n del chat<\/strong>. Si no lo haces, se exportar\u00e1 autom\u00e1ticamente todo el periodo de tus mensajes.<\/p>\n<p>Aseg\u00farate de que en <strong>&#8220;Formato&#8221;<\/strong> est\u00e1 seleccionada la opci\u00f3n <strong>&#8220;HTML&#8221;<\/strong> y en <strong>&#8220;Calidad del contenido multimedia&#8221;<\/strong> la opci\u00f3n <strong>&#8220;Media&#8221;<\/strong>.<\/p>\n<p>A continuaci\u00f3n, haz clic en <strong>&#8220;Enviar solicitud&#8221;<\/strong>.<\/p>\n<\/div><\/section><\/p><\/div><div class=\"flex_column av_one_half  flex_column_div av-zero-column-padding   avia-builder-el-50  el_after_av_one_half  el_before_av_hr  \" style='border-radius:0px; '><div  class='avia-image-container  av-styling-    avia-builder-el-51  avia-builder-el-no-sibling  avia-align-center '  itemprop=\"image\" itemscope=\"itemscope\" itemtype=\"https:\/\/schema.org\/ImageObject\"  ><div class='avia-image-container-inner'><div class='avia-image-overlay-wrap'><img class='avia_image' src='https:\/\/www.zapptales.com\/wp-content\/uploads\/2025\/01\/zapptales_Facebook_libro_chat_paso5-662x1030.png' alt='Seleccionar formato JSON y enviar solicitud' title='zapptales_Facebook_libro_chat_paso5' height=\"1030\" width=\"662\"  itemprop=\"thumbnailUrl\"  \/><\/div><\/div><\/div><\/div><div  style='height:80px' class='hr hr-invisible   avia-builder-el-52  el_after_av_one_half  el_before_av_one_half '><span class='hr-inner ' ><span class='hr-inner-style'><\/span><\/span><\/div>\n<div class=\"flex_column av_one_half  flex_column_div av-zero-column-padding first  avia-builder-el-53  el_after_av_hr  el_before_av_one_half  \" style='border-radius:0px; '><section class=\"av_textblock_section \"  itemscope=\"itemscope\" itemtype=\"https:\/\/schema.org\/CreativeWork\" ><div class='avia_textblock  '   itemprop=\"text\" ><h3>Paso 6<\/h3>\n<\/div><\/section><br \/>\n<section class=\"av_textblock_section \"  itemscope=\"itemscope\" itemtype=\"https:\/\/schema.org\/CreativeWork\" ><div class='avia_textblock  '   itemprop=\"text\" ><p>Genial! Acabas de solicitar una exportaci\u00f3n de tus mensajes de Facebook.<\/p>\n<p>En cuanto tus datos est\u00e9n listos para la descarga, recibir\u00e1s una <strong>notificaci\u00f3n<\/strong> de Facebook. Este proceso suele tardar <strong>entre 10 y 20 minutos<\/strong>.<\/p>\n<\/div><\/section><\/p><\/div><div class=\"flex_column av_one_half  flex_column_div av-zero-column-padding   avia-builder-el-56  el_after_av_one_half  el_before_av_hr  \" style='border-radius:0px; '><div  class='avia-image-container  av-styling-    avia-builder-el-57  avia-builder-el-no-sibling  avia-align-center '  itemprop=\"image\" itemscope=\"itemscope\" itemtype=\"https:\/\/schema.org\/ImageObject\"  ><div class='avia-image-container-inner'><div class='avia-image-overlay-wrap'><img class='avia_image' src='https:\/\/www.zapptales.com\/wp-content\/uploads\/2023\/06\/Paso6.jpg' alt='zapptales Upload Facebook Messenger Chat' title='zapptales_Facebook_Libro_Chat_Tutorial_Paso_6' height=\"513\" width=\"542\"  itemprop=\"thumbnailUrl\"  \/><\/div><\/div><\/div><\/div><div  style='height:75px' class='hr hr-invisible   avia-builder-el-58  el_after_av_one_half  el_before_av_one_half '><span class='hr-inner ' ><span class='hr-inner-style'><\/span><\/span><\/div>\n<div class=\"flex_column av_one_half  flex_column_div av-zero-column-padding first  avia-builder-el-59  el_after_av_hr  el_before_av_one_half  \" style='border-radius:0px; '><section class=\"av_textblock_section \"  itemscope=\"itemscope\" itemtype=\"https:\/\/schema.org\/CreativeWork\" ><div class='avia_textblock  '   itemprop=\"text\" ><h3>Paso 7<\/h3>\n<\/div><\/section><br \/>\n<section class=\"av_textblock_section \"  itemscope=\"itemscope\" itemtype=\"https:\/\/schema.org\/CreativeWork\" ><div class='avia_textblock  '   itemprop=\"text\" ><p>En cuanto tus mensajes de Facebook est\u00e9n listos para descargar, puedes hacer clic en <strong>&#8220;Descargar&#8221;<\/strong> aqu\u00ed. A continuaci\u00f3n, se descargar\u00e1 en tu PC un <strong>archivo ZIP<\/strong> que contiene tus chats de Facebook Messenger.<\/p>\n<\/div><\/section><br \/>\n<div  style='height:20px' class='hr hr-invisible   avia-builder-el-62  el_after_av_textblock  el_before_av_textblock '><span class='hr-inner ' ><span class='hr-inner-style'><\/span><\/span><\/div><br \/>\n<section class=\"av_textblock_section \"  itemscope=\"itemscope\" itemtype=\"https:\/\/schema.org\/CreativeWork\" ><div class='avia_textblock wbq_hide_on_mobile '   itemprop=\"text\" ><p><strong>Nota importante<\/strong>: Por favor, <strong>no descomprimas<\/strong> el archivo ZIP que te has descargado. Si descomprimes el archivo ZIP, no lo podr\u00e1s subir a zapptales.<\/p>\n<\/div><\/section><br \/>\n<div  style='height:20px' class='hr hr-invisible   avia-builder-el-64  el_after_av_textblock  el_before_av_button '><span class='hr-inner ' ><span class='hr-inner-style'><\/span><\/span><\/div><br \/>\n<div  class='avia-button-wrap avia-button-left  avia-builder-el-65  el_after_av_hr  avia-builder-el-last  wbq_hide_on_mobile' ><a href='https:\/\/www.zapptales.com\/es\/comenzar-libro-facebook-messenger\/informacion-importante\/'  class='avia-button   avia-icon_select-yes-right-icon avia-color-theme-color avia-size-small avia-position-left '   ><span class='avia_iconbox_title' >Siguiente<\/span><span class='avia_button_icon avia_button_icon_right' aria-hidden='true' data-av_icon='\ue871' data-av_iconfont='entypo-fontello'><\/span><\/a><\/div><\/p><\/div><div class=\"flex_column av_one_half  flex_column_div av-zero-column-padding   avia-builder-el-66  el_after_av_one_half  el_before_av_hr  \" style='border-radius:0px; '><div  class='avia-image-container  av-styling-    avia-builder-el-67  avia-builder-el-no-sibling  avia-align-center '  itemprop=\"image\" itemscope=\"itemscope\" itemtype=\"https:\/\/schema.org\/ImageObject\"  ><div class='avia-image-container-inner'><div class='avia-image-overlay-wrap'><img class='avia_image' src='https:\/\/www.zapptales.com\/wp-content\/uploads\/2023\/06\/Paso7.jpg' alt='' title='zapptales_Facebook_Libro_Chat_Tutorial_Paso_7' height=\"550\" width=\"545\"  itemprop=\"thumbnailUrl\"  \/><\/div><\/div><\/div><\/div><div  style='height:80px' class='hr hr-invisible   avia-builder-el-68  el_after_av_one_half  el_before_av_one_half '><span class='hr-inner ' ><span class='hr-inner-style'><\/span><\/span><\/div>\n<div class=\"flex_column av_one_half  flex_column_div av-zero-column-padding first  avia-builder-el-69  el_after_av_hr  el_before_av_one_half  wbq_hide_on_desktop \" style='border-radius:0px; '><section class=\"av_textblock_section \"  itemscope=\"itemscope\" itemtype=\"https:\/\/schema.org\/CreativeWork\" ><div class='avia_textblock  '   itemprop=\"text\" ><h3>Paso 8<\/h3>\n<\/div><\/section><br \/>\n<section class=\"av_textblock_section \"  itemscope=\"itemscope\" itemtype=\"https:\/\/schema.org\/CreativeWork\" ><div class='avia_textblock  '   itemprop=\"text\" ><p>\u00a1Genial! Ya has llegado al \u00faltimo paso. Ahora puedes subir el archivo ZIP a zapptales <strong>utilizando tu ordenador<\/strong>.<\/p>\n<\/div><\/section><br \/>\n<section class=\"av_textblock_section \"  itemscope=\"itemscope\" itemtype=\"https:\/\/schema.org\/CreativeWork\" ><div class='avia_textblock  '   itemprop=\"text\" ><p><strong>Para ello, abre la siguiente p\u00e1gina <strong>en tu ordenador<\/strong>:<br \/>\n<strong style=\"color: #780091 !important;\">https:\/\/www.zapptales.com\/es\/web-uploader\/<\/strong><\/strong><\/p>\n<\/div><\/section><\/p><\/div><div class=\"flex_column av_one_half  flex_column_div av-zero-column-padding   avia-builder-el-73  el_after_av_one_half  el_before_av_hr  wbq_hide_on_desktop \" style='border-radius:0px; '><div  class='avia-image-container  av-styling-    avia-builder-el-74  avia-builder-el-no-sibling  avia-align-center '  itemprop=\"image\" itemscope=\"itemscope\" itemtype=\"https:\/\/schema.org\/ImageObject\"  ><div class='avia-image-container-inner'><div class='avia-image-overlay-wrap'><img class='avia_image' src='https:\/\/www.zapptales.com\/wp-content\/uploads\/2020\/01\/Web-Uploader-ES.png' alt='zapptales Web Uploader' title='zapptales Web Uploader' height=\"370\" width=\"610\"  itemprop=\"thumbnailUrl\"  \/><\/div><\/div><\/div><\/div><div  style='height:20px' class='hr hr-invisible   avia-builder-el-75  el_after_av_one_half  el_before_av_textblock '><span class='hr-inner ' ><span class='hr-inner-style'><\/span><\/span><\/div>\n<section class=\"av_textblock_section  av-desktop-hide av-small-hide av-mini-hide\"  itemscope=\"itemscope\" itemtype=\"https:\/\/schema.org\/CreativeWork\" ><div class='avia_textblock  '   itemprop=\"text\" ><p><strong>Nota importante<\/strong>:<br \/>\nPor favor, <strong>no descomprimas<\/strong> el archivo ZIP que te has descargado. Si descomprimes el archivo ZIP, no lo podr\u00e1s subir a zapptales.<\/p>\n<\/div><\/section>\n<div  style='height:20px' class='hr hr-invisible   avia-builder-el-77  el_after_av_textblock  avia-builder-el-last '><span class='hr-inner ' ><span class='hr-inner-style'><\/span><\/span><\/div>\n<\/div><\/div><\/div><!-- close content main div --><\/div><\/div><div id='after_section_1'  class='main_color av_default_container_wrap container_wrap sidebar_right' style=' '  ><div class='container' ><div class='template-page content  av-content-small alpha units'><div class='post-entry post-entry-type-page post-entry-39487'><div class='entry-content-wrapper clearfix'>\n","protected":false},"excerpt":{"rendered":"","protected":false},"author":19,"featured_media":0,"parent":0,"menu_order":0,"comment_status":"closed","ping_status":"closed","template":"","meta":[],"_links":{"self":[{"href":"https:\/\/www.zapptales.com\/es\/wp-json\/wp\/v2\/pages\/39487\/"}],"collection":[{"href":"https:\/\/www.zapptales.com\/es\/wp-json\/wp\/v2\/pages\/"}],"about":[{"href":"https:\/\/www.zapptales.com\/es\/wp-json\/wp\/v2\/types\/page\/"}],"author":[{"embeddable":true,"href":"https:\/\/www.zapptales.com\/es\/wp-json\/wp\/v2\/users\/19\/"}],"replies":[{"embeddable":true,"href":"https:\/\/www.zapptales.com\/es\/wp-json\/wp\/v2\/comments\/?post=39487"}],"version-history":[{"count":0,"href":"https:\/\/www.zapptales.com\/es\/wp-json\/wp\/v2\/pages\/39487\/revisions\/"}],"wp:attachment":[{"href":"https:\/\/www.zapptales.com\/es\/wp-json\/wp\/v2\/media\/?parent=39487"}],"curies":[{"name":"wp","href":"https:\/\/api.w.org\/{rel}","templated":true}]}}