{"id":40413,"date":"2020-02-06T12:35:06","date_gmt":"2020-02-06T11:35:06","guid":{"rendered":"https:\/\/www.zapptales.com\/?page_id=40413"},"modified":"2020-07-09T11:24:38","modified_gmt":"2020-07-09T09:24:38","slug":"subir-chat-android-whatsapp-completo","status":"publish","type":"page","link":"https:\/\/www.zapptales.com\/es\/subir-chat-android-whatsapp-completo\/","title":{"rendered":"Tutorial: Subir Chat Android WhatsApp completo"},"content":{"rendered":"<section class=\"av_textblock_section \"  itemscope=\"itemscope\" itemtype=\"https:\/\/schema.org\/CreativeWork\" ><div class='avia_textblock  '   itemprop=\"text\" ><h1>Tutorial: As\u00ed subes tu chat completo de WhatsApp a zapptales<\/h1>\n<\/div><\/section>\n<div  style='height:25px' class='hr hr-invisible   avia-builder-el-1  el_after_av_textblock  el_before_av_textblock '><span class='hr-inner ' ><span class='hr-inner-style'><\/span><\/span><\/div>\n<section class=\"av_textblock_section \"  itemscope=\"itemscope\" itemtype=\"https:\/\/schema.org\/CreativeWork\" ><div class='avia_textblock  '   itemprop=\"text\" ><p>Lamentablemente, <strong>Android limita<\/strong> la subida de datos desde WhatsApp. Si exportas tu chat desde WhatsApp &#8220;Con archivos adjuntos&#8221;, s\u00f3lo se suben los \u00faltimos mensajes y archivos media. Se trata de un <strong>problema de Android<\/strong> que no podemos solucionar ni influenciar.<\/p>\n<p>Pero no te preocupes. Hemos desarrollado una soluci\u00f3n para que puedas imprimir tu chat completo.<\/p>\n<\/div><\/section>\n<div  style='height:75px' class='hr hr-invisible   avia-builder-el-3  el_after_av_textblock  el_before_av_textblock '><span class='hr-inner ' ><span class='hr-inner-style'><\/span><\/span><\/div>\n<section class=\"av_textblock_section \"  itemscope=\"itemscope\" itemtype=\"https:\/\/schema.org\/CreativeWork\" ><div class='avia_textblock  '   itemprop=\"text\" ><h2>Paso 1: Exporta tu chat de nuevo desde WhatsApp<\/h2>\n<\/div><\/section>\n<section class=\"av_textblock_section \"  itemscope=\"itemscope\" itemtype=\"https:\/\/schema.org\/CreativeWork\" ><div class='avia_textblock  '   itemprop=\"text\" ><p>1) Exporta tu chat de nuevo desde WhatsApp, pero esta vez <strong>&#8220;Sin datos adjuntos&#8221;.<\/strong><\/p>\n<p>2) En el siguiente paso, selecciona tu <strong>app de emai<\/strong>l (por ejemplo &#8220;Gmail&#8221;) como opci\u00f3n para exportar tu chat.<\/p>\n<p><strong>Nota importante:<\/strong> No selecciones la app de zapptales como opci\u00f3n para exportar tu chat, sino tu <strong>app de email<\/strong>.<\/p>\n<p>3) Env\u00eda el email con tu chat adjunto a <strong>es@zapptales.com.<\/strong><\/p>\n<p>4) Espera hasta que recibas tus <strong>nuevos datos de acceso<\/strong> por email.<\/p>\n<\/div><\/section>\n<div  style='height:75px' class='hr hr-invisible   avia-builder-el-6  el_after_av_textblock  el_before_av_textblock '><span class='hr-inner ' ><span class='hr-inner-style'><\/span><\/span><\/div>\n<section class=\"av_textblock_section \"  itemscope=\"itemscope\" itemtype=\"https:\/\/schema.org\/CreativeWork\" ><div class='avia_textblock  '   itemprop=\"text\" ><h2>Paso 2: Sube tus fotos a trav\u00e9s de nuestra extensi\u00f3n zapptales de Google Chrome<\/h2>\n<\/div><\/section>\n<div class=\"flex_column av_one_half  flex_column_div av-zero-column-padding first  avia-builder-el-8  el_after_av_textblock  el_before_av_one_half  column-top-margin\" style='border-radius:0px; '><section class=\"av_textblock_section \"  itemscope=\"itemscope\" itemtype=\"https:\/\/schema.org\/CreativeWork\" ><div class='avia_textblock  '   itemprop=\"text\" ><p>1) Ves a tu <strong>ordenador<\/strong> y abre el navegador <strong>Google Chrome<\/strong>.<\/p>\n<p><strong>Nota importante:<\/strong>\u00a0Este proceso s\u00f3lo funciona en un <strong>ordenador<\/strong> y con el navegador <strong>Google Chrome<\/strong>.<\/p>\n<p>2) Instala nuestra extensi\u00f3n zapptales en tu <strong>ordenador<\/strong> en <strong>Google Chrome<\/strong>:<br \/>\n<a href=\"https:\/\/chrome.google.com\/webstore\/detail\/zapptales\/cjblfpnbnjacmdghkcllignifbbhmlcn?hl=es\" target=\"_blank\" rel=\"noopener noreferrer\">https:\/\/chrome.google.com\/webstore\/detail\/zapptales\/cjblfpnbnjacmdghkcllignifbbhmlcn?hl=es<\/a><\/p>\n<p>3) Abre\u00a0<a href=\"https:\/\/web.whatsapp.com\/\">https:\/\/web.whatsapp.com\/<\/a> y haz click sobre el chat que has exportado por email a zapptales en el paso anterior.<\/p>\n<p>4) Haz click arriba a la derecha sobre la extensi\u00f3n de zapptales (la &#8220;z&#8221; de color lila) y sigue los pasos indicados en la extensi\u00f3n.<\/p>\n<p>A continuaci\u00f3n nuestra extensi\u00f3n de Google Chrome subir\u00e1 tus fotos de WebWhatsApp a tu libro zapptales.<\/p>\n<\/div><\/section><\/div>\n<div class=\"flex_column av_one_half  flex_column_div av-zero-column-padding   avia-builder-el-10  el_after_av_one_half  el_before_av_hr  column-top-margin\" style='border-radius:0px; '><p><div  style='height:15px' class='hr hr-invisible   avia-builder-el-11  el_before_av_image  avia-builder-el-first '><span class='hr-inner ' ><span class='hr-inner-style'><\/span><\/span><\/div><br \/>\n<div  class='avia-image-container  av-styling-    avia-builder-el-12  el_after_av_hr  avia-builder-el-last  avia-align-center '  itemprop=\"image\" itemscope=\"itemscope\" itemtype=\"https:\/\/schema.org\/ImageObject\"  ><div class='avia-image-container-inner'><div class='avia-image-overlay-wrap'><img class='avia_image' src='https:\/\/www.zapptales.com\/wp-content\/uploads\/2020\/02\/Extension_ES-1.jpg' alt='' title='' height=\"960\" width=\"1446\"  itemprop=\"thumbnailUrl\"  \/><\/div><\/div><\/div><\/p><\/div>\n<div  style='height:75px' class='hr hr-invisible   avia-builder-el-13  el_after_av_one_half  el_before_av_textblock '><span class='hr-inner ' ><span class='hr-inner-style'><\/span><\/span><\/div>\n<section class=\"av_textblock_section \"  itemscope=\"itemscope\" itemtype=\"https:\/\/schema.org\/CreativeWork\" ><div class='avia_textblock  '   itemprop=\"text\" ><h2>Paso 3 (opcional): Sube los videos y mensajes de voz manualmente a tu libro zapptales<\/h2>\n<\/div><\/section>\n<section class=\"av_textblock_section \"  itemscope=\"itemscope\" itemtype=\"https:\/\/schema.org\/CreativeWork\" ><div class='avia_textblock  '   itemprop=\"text\" ><p>Con la extensi\u00f3n zapptales de Google Chrome s\u00f3lo se pueden subir las fotos a tu libro. A continuaci\u00f3n, te mostramos c\u00f3mo puedes a\u00f1adir los videos y mensajes de voz a tu libro.<\/p>\n<\/div><\/section>\n<div  style='height:50px' class='hr hr-invisible   avia-builder-el-16  el_after_av_textblock  el_before_av_one_half '><span class='hr-inner ' ><span class='hr-inner-style'><\/span><\/span><\/div>\n<div class=\"flex_column av_one_half  flex_column_div av-zero-column-padding first  avia-builder-el-17  el_after_av_hr  el_before_av_one_half  \" style='border-radius:0px; '><section class=\"av_textblock_section \"  itemscope=\"itemscope\" itemtype=\"https:\/\/schema.org\/CreativeWork\" ><div class='avia_textblock  '   itemprop=\"text\" ><h3>1. Abre WebWhatsApp y la p\u00e1gina de edici\u00f3n de tu chat<\/h3>\n<\/div><\/section><br \/>\n<section class=\"av_textblock_section \"  itemscope=\"itemscope\" itemtype=\"https:\/\/schema.org\/CreativeWork\" ><div class='avia_textblock  '   itemprop=\"text\" ><p>Para empezar, abre la p\u00e1gina de edici\u00f3n de tu chat y WebWhatsApp (<a href=\"https:\/\/web.whatsapp.com\/\" target=\"_blank\" rel=\"noopener noreferrer\">https:\/\/web.whatsapp.com\/<\/a>) en dos ventanas separadas.<\/p>\n<\/div><\/section><\/p><\/div>\n<div class=\"flex_column av_one_half  flex_column_div av-zero-column-padding   avia-builder-el-20  el_after_av_one_half  el_before_av_hr  \" style='border-radius:0px; '><p><div  style='height:15px' class='hr hr-invisible   avia-builder-el-21  el_before_av_image  avia-builder-el-first '><span class='hr-inner ' ><span class='hr-inner-style'><\/span><\/span><\/div><br \/>\n<div  class='avia-image-container  av-styling-    avia-builder-el-22  el_after_av_hr  avia-builder-el-last  avia-align-center '  itemprop=\"image\" itemscope=\"itemscope\" itemtype=\"https:\/\/schema.org\/ImageObject\"  ><div class='avia-image-container-inner'><div class='avia-image-overlay-wrap'><img class='avia_image' src='https:\/\/www.zapptales.com\/wp-content\/uploads\/2020\/02\/WebWhatsApp_ES-1.jpg' alt='' title='' height=\"1039\" width=\"1920\"  itemprop=\"thumbnailUrl\"  \/><\/div><\/div><\/div><\/p><\/div>\n<div   class='hr hr-default   avia-builder-el-23  el_after_av_one_half  el_before_av_one_half '><span class='hr-inner ' ><span class='hr-inner-style'><\/span><\/span><\/div>\n<div class=\"flex_column av_one_half  flex_column_div av-zero-column-padding first  avia-builder-el-24  el_after_av_hr  el_before_av_one_half  wbq_hide_on_mobile \" style='border-radius:0px; '><div  class='avia-video avia-video-16-9 avia-video-html5  '   itemprop=\"video\" itemtype=\"https:\/\/schema.org\/VideoObject\"  data-original_url='https:\/\/www.zapptales.com\/wp-content\/uploads\/2019\/03\/Upload-VSN-WebWA-ES.mp4' ><video class=\"avia_video\"   loop preload=\"metadata\"  controls id=\"player_40413_675910792_1583617176\" >\t<source src=\"https:\/\/www.zapptales.com\/wp-content\/uploads\/2019\/03\/Upload-VSN-WebWA-ES.mp4\" type=\"video\/mp4\" \/><\/video><\/div><\/div>\n<div class=\"flex_column av_one_half  flex_column_div av-zero-column-padding   avia-builder-el-26  el_after_av_one_half  el_before_av_one_half  \" style='border-radius:0px; '><section class=\"av_textblock_section \"  itemscope=\"itemscope\" itemtype=\"https:\/\/schema.org\/CreativeWork\" ><div class='avia_textblock  '   itemprop=\"text\" ><h3>2. Subir videos y mensajes de voz a tu libro zapptales<\/h3>\n<\/div><\/section><br \/>\n<section class=\"av_textblock_section \"  itemscope=\"itemscope\" itemtype=\"https:\/\/schema.org\/CreativeWork\" ><div class='avia_textblock  '   itemprop=\"text\" ><ol>\n<li>En WebWhatsApp, ves a la fecha en la que se envi\u00f3 el archivo que falta en tu libro<br \/>\n\u2013&gt; En el caso de que el video o mensaje de voz no se haya cargado a\u00fan, tendr\u00e1s que clicar primero sobre la flecha grande situada sobre el archivo.<\/li>\n<li>A continuaci\u00f3n, en el video o mensaje de voz, haz clic sobre la flecha que apunta hacia abajo y luego selecciona \u201eDescargar\u201c.<\/li>\n<li>Ves a la p\u00e1gina de edici\u00f3n de tu chat y en el espacio libro correspondiente clica sobre \u201eSubir archivo\u201c. Deber\u00edas encontrar el archivo descargado en tu carpeta \u201eDescargas\u201c.<\/li>\n<li>Genial! Ya has subido el video o mensaje de voz a tu libro. Ahora puedes repetir el proceso para los dem\u00e1s archivos que quieras subir a tu libro \ud83d\ude0a<\/li>\n<\/ol>\n<\/div><\/section><\/p><\/div><div class=\"flex_column av_one_half  flex_column_div av-zero-column-padding first  avia-builder-el-29  el_after_av_one_half  el_before_av_hr  wbq_hide_on_desktop column-top-margin\" style='border-radius:0px; '><div  class='avia-video avia-video-16-9 avia-video-html5  '   itemprop=\"video\" itemtype=\"https:\/\/schema.org\/VideoObject\"  data-original_url='https:\/\/www.zapptales.com\/wp-content\/uploads\/2019\/03\/Upload-VSN-WebWA-ES.mp4' ><video class=\"avia_video\"   loop preload=\"metadata\"  controls id=\"player_40413_1267776862_509872782\" >\t<source src=\"https:\/\/www.zapptales.com\/wp-content\/uploads\/2019\/03\/Upload-VSN-WebWA-ES.mp4\" type=\"video\/mp4\" \/><\/video><\/div><\/div><\/p>\n<div   class='hr hr-default   avia-builder-el-31  el_after_av_one_half  el_before_av_textblock '><span class='hr-inner ' ><span class='hr-inner-style'><\/span><\/span><\/div>\n<section class=\"av_textblock_section \"  itemscope=\"itemscope\" itemtype=\"https:\/\/schema.org\/CreativeWork\" ><div class='avia_textblock  '   itemprop=\"text\" ><h3>\u00bfTienes alguna otra pregunta?<\/h3>\n<\/div><\/section>\n<div class=\"flex_column av_one_third  flex_column_div av-zero-column-padding first  avia-builder-el-33  el_after_av_textblock  el_before_av_one_third  column-top-margin\" style='border-radius:0px; '><p><div  class='avia-image-container  av-styling-    avia-builder-el-34  el_before_av_textblock  avia-builder-el-first  avia-align-center '  itemprop=\"image\" itemscope=\"itemscope\" itemtype=\"https:\/\/schema.org\/ImageObject\"  ><div class='avia-image-container-inner'><div class='avia-image-overlay-wrap'><img class='avia_image' src='https:\/\/www.zapptales.com\/wp-content\/uploads\/2018\/04\/2709.png' alt='' title='2709' height=\"128\" width=\"128\"  itemprop=\"thumbnailUrl\"  \/><\/div><\/div><\/div><br \/>\n<section class=\"av_textblock_section \"  itemscope=\"itemscope\" itemtype=\"https:\/\/schema.org\/CreativeWork\" ><div class='avia_textblock  '   itemprop=\"text\" ><p style=\"text-align: center;\"><strong>E-Mail<\/strong><\/p>\n<p style=\"text-align: center;\"><a href=\"mailto:support@zapptales.com?subject=Anfrage%20ueber%20\/es\/Android-WA-Chat-komplett-hochladen\/%20(E-Mail)\">support@zapptales.com<\/a><\/p>\n<p style=\"text-align: center;\">Cada d\u00eda de 8h a 22h<\/p>\n<\/div><\/section><\/p><\/div>\n<div class=\"flex_column av_one_third  flex_column_div av-zero-column-padding   avia-builder-el-36  el_after_av_one_third  el_before_av_one_third  column-top-margin\" style='border-radius:0px; '><p><div  class='avia-image-container  av-styling-    avia-builder-el-37  el_before_av_textblock  avia-builder-el-first  avia-align-center '  itemprop=\"image\" itemscope=\"itemscope\" itemtype=\"https:\/\/schema.org\/ImageObject\"  ><div class='avia-image-container-inner'><div class='avia-image-overlay-wrap'><img class='avia_image' src='https:\/\/www.zapptales.com\/wp-content\/uploads\/2018\/04\/1f469-1f4bb.png' alt='' title='1f469-1f4bb' height=\"128\" width=\"128\"  itemprop=\"thumbnailUrl\"  \/><\/div><\/div><\/div><br \/>\n<section class=\"av_textblock_section \"  itemscope=\"itemscope\" itemtype=\"https:\/\/schema.org\/CreativeWork\" ><div class='avia_textblock  '   itemprop=\"text\" ><p style=\"text-align: center;\"><strong>Live Chat<\/strong><\/p>\n<p style=\"text-align: center;\">Disponible en la p\u00e1gina de edici\u00f3n<\/p>\n<p style=\"text-align: center;\">Lun-Juev de 8:30h a 20:00h (CET)<br \/>\nVie de 8:30h a 17:00h (CET)<\/p>\n<\/div><\/section><\/p><\/div>\n<div class=\"flex_column av_one_third  flex_column_div av-zero-column-padding   avia-builder-el-39  el_after_av_one_third  avia-builder-el-last  column-top-margin\" style='border-radius:0px; '><p><div  class='avia-image-container  av-styling-    avia-builder-el-40  el_before_av_textblock  avia-builder-el-first  avia-align-center '  itemprop=\"image\" itemscope=\"itemscope\" itemtype=\"https:\/\/schema.org\/ImageObject\"  ><div class='avia-image-container-inner'><div class='avia-image-overlay-wrap'><a href='https:\/\/www.facebook.com\/msg\/zapptales\/' class='avia_image'  ><img class='avia_image ' src='https:\/\/www.zapptales.com\/wp-content\/uploads\/2019\/06\/Facebook-Messenger.png' alt='Facebook Messenger' title='Facebook-Messenger'  itemprop=\"thumbnailUrl\"  \/><\/a><\/div><\/div><\/div><br \/>\n<section class=\"av_textblock_section \"  itemscope=\"itemscope\" itemtype=\"https:\/\/schema.org\/CreativeWork\" ><div class='avia_textblock  '   itemprop=\"text\" ><p style=\"text-align: center;\"><strong>Facebook Messenger<\/strong><\/p>\n<p style=\"text-align: center;\">Haga clic en la parte superior de la ventana de di\u00e1logo<br \/>\nLogotipo de Facebook Messenger<\/p>\n<p style=\"text-align: center;\">Lun-Juev de 8:30h a 20:00h (CET)<br \/>\nVie de 8:30h a 17:00h (CET)<\/p>\n<\/div><\/section><\/p><\/div>\n","protected":false},"excerpt":{"rendered":"","protected":false},"author":19,"featured_media":0,"parent":0,"menu_order":0,"comment_status":"closed","ping_status":"closed","template":"","meta":[],"_links":{"self":[{"href":"https:\/\/www.zapptales.com\/es\/wp-json\/wp\/v2\/pages\/40413\/"}],"collection":[{"href":"https:\/\/www.zapptales.com\/es\/wp-json\/wp\/v2\/pages\/"}],"about":[{"href":"https:\/\/www.zapptales.com\/es\/wp-json\/wp\/v2\/types\/page\/"}],"author":[{"embeddable":true,"href":"https:\/\/www.zapptales.com\/es\/wp-json\/wp\/v2\/users\/19\/"}],"replies":[{"embeddable":true,"href":"https:\/\/www.zapptales.com\/es\/wp-json\/wp\/v2\/comments\/?post=40413"}],"version-history":[{"count":0,"href":"https:\/\/www.zapptales.com\/es\/wp-json\/wp\/v2\/pages\/40413\/revisions\/"}],"wp:attachment":[{"href":"https:\/\/www.zapptales.com\/es\/wp-json\/wp\/v2\/media\/?parent=40413"}],"curies":[{"name":"wp","href":"https:\/\/api.w.org\/{rel}","templated":true}]}}