{"id":40520,"date":"2020-01-22T15:43:35","date_gmt":"2020-01-22T14:43:35","guid":{"rendered":"https:\/\/www.zapptales.com\/?page_id=40520"},"modified":"2020-07-09T11:23:20","modified_gmt":"2020-07-09T09:23:20","slug":"tutorial-como-anadir-los-archivos-media-a-mi-libro-zapptales","status":"publish","type":"page","link":"https:\/\/www.zapptales.com\/es\/tutorial-como-anadir-los-archivos-media-a-mi-libro-zapptales\/","title":{"rendered":"Tutorial: C\u00f3mo a\u00f1adir los archivos media a mi libro zapptales"},"content":{"rendered":"<section class=\"av_textblock_section \"  itemscope=\"itemscope\" itemtype=\"https:\/\/schema.org\/CreativeWork\" ><div class='avia_textblock  '   itemprop=\"text\" ><h1>Tutorial: C\u00f3mo a\u00f1adir los archivos media a mi libro zapptales<\/h1>\n<\/div><\/section>\n<div  style='height:25px' class='hr hr-invisible   avia-builder-el-1  el_after_av_textblock  el_before_av_textblock '><span class='hr-inner ' ><span class='hr-inner-style'><\/span><\/span><\/div>\n<section class=\"av_textblock_section \"  itemscope=\"itemscope\" itemtype=\"https:\/\/schema.org\/CreativeWork\" ><div class='avia_textblock  '   itemprop=\"text\" ><p>A veces puede pasar que WhatsApp no suba todos los archivos media de tu chat. Lamentablemente, <strong>Android limita la subida de archivos media<\/strong> desde WhatsApp. Se trata de un <strong>problema de Android<\/strong> que no podemos solucionar ni influenciar.<\/p>\n<p>Ah\u00ed d\u00f3nde falta un archivo en tu libro ver\u00e1s un <strong>espacio libre<\/strong> para subir un archivo. Para ver estos espacios tienes que activar la opci\u00f3n <strong>\u201eA\u00f1adir Media\u201c<\/strong> (+) en la p\u00e1gina de edici\u00f3n de tu chat. De esta forma puedes <strong>subir los archivos media que falten<\/strong> en tu libro.<\/p>\n<p>A continuaci\u00f3n, te mostramos cu\u00e1l es la forma m\u00e1s f\u00e1cil de subir estos archivos.<\/p>\n<p>Por favor, ten en cuenta:<\/p>\n<ol>\n<li>Este procedimiento s\u00f3lo es posible <strong>con un ordenador<\/strong>.<\/li>\n<li>Nuestro tutorial se refiere al navegador <strong>Google Chrome<\/strong>. Te recomendamos utilizar ese navegador.<\/li>\n<\/ol>\n<p>Para subir los archivos media desde WebWhatsApp tienes que seguir estos pasos:<\/p>\n<\/div><\/section>\n<\/div><\/div><\/div><!-- close content main div --><\/div><\/div><div id='d-option2'  class='avia-section main_color avia-section-default avia-no-border-styling avia-bg-style-scroll  avia-builder-el-3  el_after_av_textblock  el_before_av_hr   container_wrap sidebar_right' style=' '  ><div class='container' ><div class='template-page content  av-content-small alpha units'><div class='post-entry post-entry-type-page post-entry-40520'><div class='entry-content-wrapper clearfix'>\n<div class=\"flex_column av_one_half  flex_column_div av-zero-column-padding first  avia-builder-el-4  el_before_av_one_half  avia-builder-el-first  \" style='border-radius:0px; '><section class=\"av_textblock_section \"  itemscope=\"itemscope\" itemtype=\"https:\/\/schema.org\/CreativeWork\" ><div class='avia_textblock  '   itemprop=\"text\" ><h3>1. Abre WebWhatsApp y la p\u00e1gina de edici\u00f3n de tu chat<\/h3>\n<\/div><\/section><br \/>\n<section class=\"av_textblock_section \"  itemscope=\"itemscope\" itemtype=\"https:\/\/schema.org\/CreativeWork\" ><div class='avia_textblock  '   itemprop=\"text\" ><p><strong>Para llevar a cabo estos pasos necesitas un ordenador.<\/strong><\/p>\n<p>Para empezar, abre la p\u00e1gina de edici\u00f3n de tu chat y WebWhatsApp (<a href=\"https:\/\/web.whatsapp.com\/\" target=\"_blank\" rel=\"noopener noreferrer\">https:\/\/web.whatsapp.com\/<\/a>) en dos ventanas separadas.<\/p>\n<\/div><\/section><\/p><\/div><div class=\"flex_column av_one_half  flex_column_div av-zero-column-padding   avia-builder-el-7  el_after_av_one_half  el_before_av_hr  \" style='border-radius:0px; '><div  class='avia-image-container  av-styling-    avia-builder-el-8  avia-builder-el-no-sibling  avia-align-center '  itemprop=\"image\" itemscope=\"itemscope\" itemtype=\"https:\/\/schema.org\/ImageObject\"  ><div class='avia-image-container-inner'><div class='avia-image-overlay-wrap'><img class='avia_image' src='https:\/\/www.zapptales.com\/wp-content\/uploads\/2020\/02\/WebWhatsApp_ES-1.jpg' alt='' title='' height=\"1039\" width=\"1920\"  itemprop=\"thumbnailUrl\"  \/><\/div><\/div><\/div><\/div><div   class='hr hr-default   avia-builder-el-9  el_after_av_one_half  el_before_av_one_half '><span class='hr-inner ' ><span class='hr-inner-style'><\/span><\/span><\/div>\n<div class=\"flex_column av_one_half  flex_column_div av-zero-column-padding first  avia-builder-el-10  el_after_av_hr  el_before_av_one_half  wbq_hide_on_mobile \" style='border-radius:0px; '><section class=\"av_textblock_section \"  itemscope=\"itemscope\" itemtype=\"https:\/\/schema.org\/CreativeWork\" ><div class='avia_textblock  '   itemprop=\"text\" ><div style=\"width: 544px;\" class=\"wp-video\"><!--[if lt IE 9]><script>document.createElement('video');<\/script><![endif]-->\n<video class=\"wp-video-shortcode\" id=\"video-40520-1\" width=\"544\" height=\"287\" preload=\"metadata\" controls=\"controls\"><source type=\"video\/mp4\" src=\"https:\/\/www.zapptales.com\/wp-content\/uploads\/2019\/03\/WebWA-Login-ES.mp4?_=1\" \/><a href=\"https:\/\/www.zapptales.com\/wp-content\/uploads\/2019\/03\/WebWA-Login-ES.mp4\">https:\/\/www.zapptales.com\/wp-content\/uploads\/2019\/03\/WebWA-Login-ES.mp4<\/a><\/video><\/div>\n<\/div><\/section><\/div><div class=\"flex_column av_one_half  flex_column_div av-zero-column-padding   avia-builder-el-12  el_after_av_one_half  el_before_av_one_half  \" style='border-radius:0px; '><section class=\"av_textblock_section \"  itemscope=\"itemscope\" itemtype=\"https:\/\/schema.org\/CreativeWork\" ><div class='avia_textblock  '   itemprop=\"text\" ><h3>2. Inicia sesi\u00f3n en WebWhatsApp<\/h3>\n<\/div><\/section><br \/>\n<section class=\"av_textblock_section \"  itemscope=\"itemscope\" itemtype=\"https:\/\/schema.org\/CreativeWork\" ><div class='avia_textblock  '   itemprop=\"text\" ><p>Sigue estos pasos para iniciar sesi\u00f3n:<\/p>\n<ol>\n<li>Abre WhatsApp en tu Smartphone.<\/li>\n<li>Clica sobre los tres puntos situados arriba a la derecha.<\/li>\n<li>Selecciona WebWhatsApp y escanea el c\u00f3digo QR que aparece en\u00a0<u><a href=\"https:\/\/web.whatsapp.com\/\" target=\"_blank\" rel=\"noopener noreferrer\">https:\/\/web.whatsapp.com\/<\/a><\/u>para iniciar sesi\u00f3n en WebWhatsApp.<\/li>\n<\/ol>\n<\/div><\/section><\/p><\/div><div class=\"flex_column av_one_half  flex_column_div av-zero-column-padding first  avia-builder-el-15  el_after_av_one_half  el_before_av_hr  wbq_hide_on_desktop column-top-margin\" style='border-radius:0px; '><section class=\"av_textblock_section \"  itemscope=\"itemscope\" itemtype=\"https:\/\/schema.org\/CreativeWork\" ><div class='avia_textblock  '   itemprop=\"text\" ><div style=\"width: 544px;\" class=\"wp-video\"><video class=\"wp-video-shortcode\" id=\"video-40520-2\" width=\"544\" height=\"287\" preload=\"metadata\" controls=\"controls\"><source type=\"video\/mp4\" src=\"https:\/\/www.zapptales.com\/wp-content\/uploads\/2019\/03\/WebWA-Login-ES.mp4?_=2\" \/><a href=\"https:\/\/www.zapptales.com\/wp-content\/uploads\/2019\/03\/WebWA-Login-ES.mp4\">https:\/\/www.zapptales.com\/wp-content\/uploads\/2019\/03\/WebWA-Login-ES.mp4<\/a><\/video><\/div>\n<\/div><\/section><\/div><div   class='hr hr-default   avia-builder-el-17  el_after_av_one_half  el_before_av_one_half '><span class='hr-inner ' ><span class='hr-inner-style'><\/span><\/span><\/div>\n<div class=\"flex_column av_one_half  flex_column_div av-zero-column-padding first  avia-builder-el-18  el_after_av_hr  el_before_av_one_half  \" style='border-radius:0px; '><section class=\"av_textblock_section \"  itemscope=\"itemscope\" itemtype=\"https:\/\/schema.org\/CreativeWork\" ><div class='avia_textblock  '   itemprop=\"text\" ><h3>3.1 Descargar las fotos y subirlas a tu libro zapptales<\/h3>\n<\/div><\/section><br \/>\n<section class=\"av_textblock_section \"  itemscope=\"itemscope\" itemtype=\"https:\/\/schema.org\/CreativeWork\" ><div class='avia_textblock  '   itemprop=\"text\" ><ol>\n<li>En WebWhatsApp, ves a la fecha en la que se envi\u00f3 el archivo que falta en tu libro<br \/>\n&#8211;&gt; La forma m\u00e1s f\u00e1cil de acceder a esa fecha es utilizando la funci\u00f3n \u201eBuscar\u201c de WebWhatsApp y buscar por un mensaje que os hay\u00e1is escrito en esa fecha.<\/li>\n<li>En la foto correspondiente, haz clic sobre la flecha que apunta hacia abajo y luego selecciona \u201eDescargar\u201c.<br \/>\n&#8211;&gt; En el caso de que la foto no se haya cargado a\u00fan tendr\u00e1s que clicar primero sobre la flecha grande situada sobre la foto.<\/li>\n<li>La foto descargada te aparecer\u00e1 abajo en el navegador como archivo descargado.<\/li>\n<li>Ves a la p\u00e1gina de edici\u00f3n de tu chat.<\/li>\n<li>Arrastra la foto que te has descargado directamente hacia el espacio libre correspondiente.<\/li>\n<li>Genial! Ya has subido la foto a tu libro. Ahora puedes repetir el proceso para las dem\u00e1s fotos que quieras subir a tu libro \ud83d\ude0a<\/li>\n<\/ol>\n<\/div><\/section><\/p><\/div><div class=\"flex_column av_one_half  flex_column_div av-zero-column-padding   avia-builder-el-21  el_after_av_one_half  el_before_av_hr  \" style='border-radius:0px; '><section class=\"av_textblock_section \"  itemscope=\"itemscope\" itemtype=\"https:\/\/schema.org\/CreativeWork\" ><div class='avia_textblock  '   itemprop=\"text\" ><div style=\"width: 544px;\" class=\"wp-video\"><video class=\"wp-video-shortcode\" id=\"video-40520-3\" width=\"544\" height=\"287\" preload=\"metadata\" controls=\"controls\"><source type=\"video\/mp4\" src=\"https:\/\/www.zapptales.com\/wp-content\/uploads\/2019\/03\/Upload-Bilder-WebWA-ES.mp4?_=3\" \/><a href=\"https:\/\/www.zapptales.com\/wp-content\/uploads\/2019\/03\/Upload-Bilder-WebWA-ES.mp4\">https:\/\/www.zapptales.com\/wp-content\/uploads\/2019\/03\/Upload-Bilder-WebWA-ES.mp4<\/a><\/video><\/div>\n<\/div><\/section><\/div><div   class='hr hr-default   avia-builder-el-23  el_after_av_one_half  el_before_av_one_half '><span class='hr-inner ' ><span class='hr-inner-style'><\/span><\/span><\/div>\n<div class=\"flex_column av_one_half  flex_column_div av-zero-column-padding first  avia-builder-el-24  el_after_av_hr  el_before_av_one_half  wbq_hide_on_mobile \" style='border-radius:0px; '><section class=\"av_textblock_section \"  itemscope=\"itemscope\" itemtype=\"https:\/\/schema.org\/CreativeWork\" ><div class='avia_textblock  '   itemprop=\"text\" ><div style=\"width: 544px;\" class=\"wp-video\"><video class=\"wp-video-shortcode\" id=\"video-40520-4\" width=\"544\" height=\"287\" preload=\"metadata\" controls=\"controls\"><source type=\"video\/mp4\" src=\"https:\/\/www.zapptales.com\/wp-content\/uploads\/2019\/03\/Upload-VSN-WebWA-ES.mp4?_=4\" \/><a href=\"https:\/\/www.zapptales.com\/wp-content\/uploads\/2019\/03\/Upload-VSN-WebWA-ES.mp4\">https:\/\/www.zapptales.com\/wp-content\/uploads\/2019\/03\/Upload-VSN-WebWA-ES.mp4<\/a><\/video><\/div>\n<\/div><\/section><\/div><div class=\"flex_column av_one_half  flex_column_div av-zero-column-padding   avia-builder-el-26  el_after_av_one_half  el_before_av_one_half  \" style='border-radius:0px; '><section class=\"av_textblock_section \"  itemscope=\"itemscope\" itemtype=\"https:\/\/schema.org\/CreativeWork\" ><div class='avia_textblock  '   itemprop=\"text\" ><h3>3.2 Subir videos y mensajes de voz a tu libro zapptales<\/h3>\n<\/div><\/section><br \/>\n<section class=\"av_textblock_section \"  itemscope=\"itemscope\" itemtype=\"https:\/\/schema.org\/CreativeWork\" ><div class='avia_textblock  '   itemprop=\"text\" ><ol>\n<li>En WebWhatsApp, ves a la fecha en la que se envi\u00f3 el archivo que falta en tu libro<br \/>\n&#8211;&gt; En el caso de que el video o mensaje de voz no se haya cargado a\u00fan, tendr\u00e1s que clicar primero sobre la flecha grande situada sobre el archivo.<\/li>\n<li>A continuaci\u00f3n, en el video o mensaje de voz, haz clic sobre la flecha que apunta hacia abajo y luego selecciona \u201eDescargar\u201c.<\/li>\n<li>Ves a la p\u00e1gina de edici\u00f3n de tu chat y en el espacio libro correspondiente clica sobre \u201eSubir archivo\u201c. Deber\u00edas encontrar el archivo descargado en tu carpeta \u201eDescargas\u201c.<\/li>\n<li>Genial! Ya has subido el video o mensaje de voz a tu libro. Ahora puedes repetir el proceso para los dem\u00e1s archivos que quieras subir a tu libro \ud83d\ude0a<\/li>\n<\/ol>\n<\/div><\/section><\/p><\/div><div class=\"flex_column av_one_half  flex_column_div av-zero-column-padding first  avia-builder-el-29  el_after_av_one_half  avia-builder-el-last  wbq_hide_on_desktop column-top-margin\" style='border-radius:0px; '><section class=\"av_textblock_section \"  itemscope=\"itemscope\" itemtype=\"https:\/\/schema.org\/CreativeWork\" ><div class='avia_textblock  '   itemprop=\"text\" ><div style=\"width: 544px;\" class=\"wp-video\"><video class=\"wp-video-shortcode\" id=\"video-40520-5\" width=\"544\" height=\"287\" preload=\"metadata\" controls=\"controls\"><source type=\"video\/mp4\" src=\"https:\/\/www.zapptales.com\/wp-content\/uploads\/2019\/03\/Upload-VSN-WebWA-ES.mp4?_=5\" \/><a href=\"https:\/\/www.zapptales.com\/wp-content\/uploads\/2019\/03\/Upload-VSN-WebWA-ES.mp4\">https:\/\/www.zapptales.com\/wp-content\/uploads\/2019\/03\/Upload-VSN-WebWA-ES.mp4<\/a><\/video><\/div>\n<\/div><\/section><\/div><\/div><\/div><\/div><!-- close content main div --><\/div><\/div><div id='after_section_1'  class='main_color av_default_container_wrap container_wrap sidebar_right' style=' '  ><div class='container' ><div class='template-page content  av-content-small alpha units'><div class='post-entry post-entry-type-page post-entry-40520'><div class='entry-content-wrapper clearfix'><div  style='height:10px' class='hr hr-invisible   avia-builder-el-31  el_after_av_section  el_before_av_textblock  avia-builder-el-first '><span class='hr-inner ' ><span class='hr-inner-style'><\/span><\/span><\/div><\/p>\n<section class=\"av_textblock_section \"  itemscope=\"itemscope\" itemtype=\"https:\/\/schema.org\/CreativeWork\" ><div class='avia_textblock  '   itemprop=\"text\" ><p>Quieres juntar este chat con otro chat que has subido previamente a zapptales? \u00a1Ning\u00fan problema! Contacta a nuestro equipo de soporte t\u00e9cnico <a href=\"mailto:support@zapptales.com\">support@zapptales.com<\/a> y nos ocuparemos de juntar tus chats.<\/p>\n<\/div><\/section>\n<div  style='height:10px' class='hr hr-invisible   avia-builder-el-33  el_after_av_textblock  el_before_av_one_half '><span class='hr-inner ' ><span class='hr-inner-style'><\/span><\/span><\/div>\n<div class=\"flex_column av_one_half  flex_column_div av-zero-column-padding first  avia-builder-el-34  el_after_av_hr  el_before_av_one_half  \" style='border-radius:0px; '><p><div  class='avia-image-container  av-styling-    avia-builder-el-35  el_before_av_textblock  avia-builder-el-first  avia-align-center '  itemprop=\"image\" itemscope=\"itemscope\" itemtype=\"https:\/\/schema.org\/ImageObject\"  ><div class='avia-image-container-inner'><div class='avia-image-overlay-wrap'><img class='avia_image' src='https:\/\/www.zapptales.com\/wp-content\/uploads\/2018\/04\/1f469-1f4bb.png' alt='' title='1f469-1f4bb' height=\"128\" width=\"128\"  itemprop=\"thumbnailUrl\"  \/><\/div><\/div><\/div><br \/>\n<section class=\"av_textblock_section \"  itemscope=\"itemscope\" itemtype=\"https:\/\/schema.org\/CreativeWork\" ><div class='avia_textblock  '   itemprop=\"text\" ><p style=\"text-align: center;\"><strong>Live Chat<\/strong><\/p>\n<p style=\"text-align: center;\">Haz clic abajo sobre el icono del chat<\/p>\n<p style=\"text-align: center;\">De lunes a viernes de 9h a 22h<\/p>\n<\/div><\/section><\/p><\/div>\n<div class=\"flex_column av_one_half  flex_column_div av-zero-column-padding   avia-builder-el-37  el_after_av_one_half  avia-builder-el-last  \" style='border-radius:0px; '><p><div  class='avia-image-container  av-styling-    avia-builder-el-38  el_before_av_textblock  avia-builder-el-first  avia-align-center '  itemprop=\"image\" itemscope=\"itemscope\" itemtype=\"https:\/\/schema.org\/ImageObject\"  ><div class='avia-image-container-inner'><div class='avia-image-overlay-wrap'><img class='avia_image' src='https:\/\/www.zapptales.com\/wp-content\/uploads\/2018\/04\/1f469-1f4bb.png' alt='' title='1f469-1f4bb' height=\"128\" width=\"128\"  itemprop=\"thumbnailUrl\"  \/><\/div><\/div><\/div><br \/>\n<section class=\"av_textblock_section \"  itemscope=\"itemscope\" itemtype=\"https:\/\/schema.org\/CreativeWork\" ><div class='avia_textblock  '   itemprop=\"text\" ><p style=\"text-align: center;\"><strong>Live Chat<\/strong><\/p>\n<p style=\"text-align: center;\">Disponible en la p\u00e1gina de edici\u00f3n<\/p>\n<p style=\"text-align: center;\">Lun-Jue de 8:30h a 22:00h (CET)<br \/>\nVie de 8:30h a 17:00h (CET)<\/p>\n<\/div><\/section><\/p><\/div>\n","protected":false},"excerpt":{"rendered":"","protected":false},"author":19,"featured_media":0,"parent":0,"menu_order":0,"comment_status":"closed","ping_status":"closed","template":"","meta":[],"_links":{"self":[{"href":"https:\/\/www.zapptales.com\/es\/wp-json\/wp\/v2\/pages\/40520\/"}],"collection":[{"href":"https:\/\/www.zapptales.com\/es\/wp-json\/wp\/v2\/pages\/"}],"about":[{"href":"https:\/\/www.zapptales.com\/es\/wp-json\/wp\/v2\/types\/page\/"}],"author":[{"embeddable":true,"href":"https:\/\/www.zapptales.com\/es\/wp-json\/wp\/v2\/users\/19\/"}],"replies":[{"embeddable":true,"href":"https:\/\/www.zapptales.com\/es\/wp-json\/wp\/v2\/comments\/?post=40520"}],"version-history":[{"count":0,"href":"https:\/\/www.zapptales.com\/es\/wp-json\/wp\/v2\/pages\/40520\/revisions\/"}],"wp:attachment":[{"href":"https:\/\/www.zapptales.com\/es\/wp-json\/wp\/v2\/media\/?parent=40520"}],"curies":[{"name":"wp","href":"https:\/\/api.w.org\/{rel}","templated":true}]}}