{"id":56222,"date":"2021-10-13T11:10:16","date_gmt":"2021-10-13T09:10:16","guid":{"rendered":"https:\/\/www.zapptales.com\/?page_id=56222"},"modified":"2021-10-21T09:53:02","modified_gmt":"2021-10-21T07:53:02","slug":"istruzioni-imessage-iphone-app","status":"publish","type":"page","link":"https:\/\/www.zapptales.com\/it\/istruzioni-imessage-iphone-app\/","title":{"rendered":"Istruzioni iMessage iPhone App"},"content":{"rendered":"<div  style='height:25px' class='hr hr-invisible   avia-builder-el-0  el_before_av_textblock  avia-builder-el-first '><span class='hr-inner ' ><span class='hr-inner-style'><\/span><\/span><\/div>\n<section class=\"av_textblock_section \"  itemscope=\"itemscope\" itemtype=\"https:\/\/schema.org\/CreativeWork\" ><div class='avia_textblock  '   itemprop=\"text\" ><h2 class=\"av-special-heading-tag \" style=\"text-align: center;\">So gestaltest du dein iMessage Chat Buch<\/h2>\n<\/div><\/section>\n\n<\/div><\/div><\/div><!-- close content main div --><\/div><\/div><div id='wbq'  class='avia-section main_color avia-section-no-padding avia-no-border-styling avia-bg-style-scroll  avia-builder-el-3  el_after_av_codeblock  el_before_av_section  wbq_hide_on_desktop wbq_but_show_on_tablet  container_wrap fullsize' style=' '  ><div class='container' ><div class='template-page content  av-content-full alpha units'><div class='post-entry post-entry-type-page post-entry-56222'><div class='entry-content-wrapper clearfix'>\n<div  style='height:1px; margin-top:-20px'  class='hr hr-invisible   avia-builder-el-4  el_before_av_image  avia-builder-el-first '><span class='hr-inner ' ><span class='hr-inner-style'><\/span><\/span><\/div>\n<div  class='avia-image-container  av-styling-    avia-builder-el-5  el_after_av_hr  el_before_av_hr  wbq_hide_on_desktop wbq_but_show_on_tablet avia-align-center '  itemprop=\"image\" itemscope=\"itemscope\" itemtype=\"https:\/\/schema.org\/ImageObject\"  ><div class='avia-image-container-inner'><div class='avia-image-overlay-wrap'><img class='avia_image' src='https:\/\/www.zapptales.com\/wp-content\/uploads\/2021\/10\/iMessage-Chat-en-un-libro.jpg' alt='iMessage-Chat' title='iMessage-Chat-en-un-libro' height=\"705\" width=\"650\"  itemprop=\"thumbnailUrl\"  \/><\/div><\/div><\/div>\n<div  style='height:15px' class='hr hr-invisible   avia-builder-el-6  el_after_av_image  el_before_av_textblock '><span class='hr-inner ' ><span class='hr-inner-style'><\/span><\/span><\/div>\n<section class=\"av_textblock_section \"  itemscope=\"itemscope\" itemtype=\"https:\/\/schema.org\/CreativeWork\" ><div class='avia_textblock  '   itemprop=\"text\" ><p style=\"text-align: center;\">Transformar tu chat de iMessage en un libro es muy f\u00e1cil. S\u00f3lo necesitas 3 cosas:<\/p>\n<p style=\"text-align: center;\"><strong>\u2714 El software de zapptales<\/strong><br \/>\n<strong>\u2714 Tu ordenador<\/strong><br \/>\n<strong>\u2714 Tu smartphone<\/strong><\/p>\n<\/div><\/section>\n<div  style='height:32px' class='hr hr-invisible   avia-builder-el-8  el_after_av_textblock  avia-builder-el-last '><span class='hr-inner ' ><span class='hr-inner-style'><\/span><\/span><\/div>\n<\/div><\/div><\/div><!-- close content main div --><\/div><\/div><div id='av_section_2'  class='avia-section main_color avia-section-no-padding avia-no-border-styling av-section-color-overlay-active avia-bg-style-scroll  avia-builder-el-9  el_after_av_section  el_before_av_section  wbq_hide_on_desktop  container_wrap fullsize' style=' '  ><div class='av-section-color-overlay-wrap'><div class='av-section-color-overlay' style='opacity: 0.5; background-color: #f0e6dc; '><\/div><div class='container' ><div class='template-page content  av-content-full alpha units'><div class='post-entry post-entry-type-page post-entry-56222'><div class='entry-content-wrapper clearfix'>\n<div  style=' margin-top:45px; margin-bottom:45px;'  class='hr hr-custom hr-center hr-icon-no   avia-builder-el-10  el_before_av_textblock  avia-builder-el-first '><span class='hr-inner   inner-border-av-border-thin' style=' width:800; border-color:#780091;' ><span class='hr-inner-style'><\/span><\/span><\/div>\n<section class=\"av_textblock_section \"  itemscope=\"itemscope\" itemtype=\"https:\/\/schema.org\/CreativeWork\" ><div class='avia_textblock  '   itemprop=\"text\" ><h2 style=\"color: #780091; text-align: center;\">\u00a1Ahora te toca a ti!<\/h2>\n<p style=\"margin-bottom: 30px !important; text-align: center;\">Es muy f\u00e1cil \ud83d\ude09<\/p>\n<p style=\"text-align: center;\">Instala el software de zapptales en tu ordenador:<\/p>\n<p style=\"text-align: center;\">\u21e8 Abre zapptales.com en tu ordenador<br \/>\n\u21e8 Haz clic sobre \u201cCrea tu libro\u201d<br \/>\n\u21e8 Haz clic sobre el logo de iMessage<br \/>\n\u21e8 Descarga el software de zapptales<\/p>\n<\/div><\/section>\n<div  style=' margin-top:20px; margin-bottom:45px;'  class='hr hr-custom hr-center hr-icon-no   avia-builder-el-12  el_after_av_textblock  avia-builder-el-last '><span class='hr-inner   inner-border-av-border-thin' style=' width:800; border-color:#780091;' ><span class='hr-inner-style'><\/span><\/span><\/div>\n<\/p>\n<\/div><\/div><\/div><!-- close content main div --><\/div><\/div><\/div><div id='av_section_3'  class='avia-section main_color avia-section-default avia-no-border-styling avia-bg-style-scroll  avia-builder-el-13  el_after_av_section  el_before_av_section  wbq_hide_on_desktop  container_wrap fullsize' style=' '  ><div class='container' ><div class='template-page content  av-content-full alpha units'><div class='post-entry post-entry-type-page post-entry-56222'><div class='entry-content-wrapper clearfix'>\n<div  style='height:45px' class='hr hr-invisible   avia-builder-el-14  el_before_av_three_fifth  avia-builder-el-first '><span class='hr-inner ' ><span class='hr-inner-style'><\/span><\/span><\/div>\n<div class=\"flex_column av_three_fifth  flex_column_div av-zero-column-padding first  avia-builder-el-15  el_after_av_hr  el_before_av_two_fifth  \" style='border-radius:0px; '><section class=\"av_textblock_section \"  itemscope=\"itemscope\" itemtype=\"https:\/\/schema.org\/CreativeWork\" ><div class='avia_textblock  av_inherit_color '  style='color:#424242; '  itemprop=\"text\" ><h2>So geht es weiter:<\/h2>\n<\/div><\/section><br \/>\n<section class=\"av_textblock_section \"  itemscope=\"itemscope\" itemtype=\"https:\/\/schema.org\/CreativeWork\" ><div class='avia_textblock wbq_hide_on_mobile av_inherit_color '  style='color:#424242; '  itemprop=\"text\" ><h4>Crea tu libro iMessage siguiendo estos 5 pasos:<\/h4>\n<\/div><\/section><br \/>\n<div  style='height:15px' class='hr hr-invisible   avia-builder-el-18  el_after_av_textblock  el_before_av_textblock  wbq_hide_on_mobile'><span class='hr-inner ' ><span class='hr-inner-style'><\/span><\/span><\/div><br \/>\n<section class=\"av_textblock_section \"  itemscope=\"itemscope\" itemtype=\"https:\/\/schema.org\/CreativeWork\" ><div class='avia_textblock  '   itemprop=\"text\" ><p><strong>1. Instala el software de zapptales en tu ordenador \ud83d\udcbb<\/strong><br \/>\nCon el software de zapptales puedes subir tu chat de iMessage de forma r\u00e1pida y sencilla a zapptales para transformarlo en un libro personalizado. \u00a1Es muy f\u00e1cil! \ud83d\ude09<\/p>\n<\/div><\/section><\/p><\/div><div class=\"flex_column av_two_fifth  flex_column_div av-zero-column-padding   avia-builder-el-20  el_after_av_three_fifth  el_before_av_hr  \" style='border-radius:0px; '><div  class='avia-image-container  av-styling-    avia-builder-el-21  avia-builder-el-no-sibling  avia-align-center '  itemprop=\"image\" itemscope=\"itemscope\" itemtype=\"https:\/\/schema.org\/ImageObject\"  ><div class='avia-image-container-inner'><div class='avia-image-overlay-wrap'><img class='avia_image' src='https:\/\/www.zapptales.com\/wp-content\/uploads\/2020\/02\/zapptales-Desktop-App-herunterladen-und-installieren-2.jpg' alt='zapptales Desktop App herunterladen' title='zapptales-Desktop-App-herunterladen-und-installieren' height=\"433\" width=\"800\"  itemprop=\"thumbnailUrl\"  \/><\/div><\/div><\/div><\/div><div   class='hr hr-default   avia-builder-el-22  el_after_av_two_fifth  el_before_av_three_fifth '><span class='hr-inner ' ><span class='hr-inner-style'><\/span><\/span><\/div>\n<div class=\"flex_column av_three_fifth  flex_column_div av-zero-column-padding first  avia-builder-el-23  el_after_av_hr  el_before_av_two_fifth  \" style='border-radius:0px; '><section class=\"av_textblock_section \"  itemscope=\"itemscope\" itemtype=\"https:\/\/schema.org\/CreativeWork\" ><div class='avia_textblock  '   itemprop=\"text\" ><p><strong>2. Crea una copia de seguridad de tu iPhone \ud83d\udcf1<\/strong><br \/>\nCrea un backup de tu iPhone en tu ordenador manualmente. S\u00f3lo tienes que seguir las instrucciones en nuestro software. \u00a1Es muy f\u00e1cil! \ud83d\ude0a<\/p>\n<\/div><\/section><\/div><div class=\"flex_column av_two_fifth  flex_column_div av-zero-column-padding   avia-builder-el-25  el_after_av_three_fifth  el_before_av_hr  \" style='border-radius:0px; '><div  class='avia-image-container  av-styling-    avia-builder-el-26  avia-builder-el-no-sibling  avia-align-center '  itemprop=\"image\" itemscope=\"itemscope\" itemtype=\"https:\/\/schema.org\/ImageObject\"  ><div class='avia-image-container-inner'><div class='avia-image-overlay-wrap'><img class='avia_image' src='https:\/\/www.zapptales.com\/wp-content\/uploads\/2021\/08\/Create-an-iPhone-Backup-300x162.jpg' alt='Create an iPhone Backup' title='Create-an-iPhone-Backup' height=\"162\" width=\"300\"  itemprop=\"thumbnailUrl\"  \/><\/div><\/div><\/div><\/div><div   class='hr hr-default   avia-builder-el-27  el_after_av_two_fifth  el_before_av_three_fifth '><span class='hr-inner ' ><span class='hr-inner-style'><\/span><\/span><\/div>\n<div class=\"flex_column av_three_fifth  flex_column_div av-zero-column-padding first  avia-builder-el-28  el_after_av_hr  el_before_av_two_fifth  \" style='border-radius:0px; '><section class=\"av_textblock_section \"  itemscope=\"itemscope\" itemtype=\"https:\/\/schema.org\/CreativeWork\" ><div class='avia_textblock  '   itemprop=\"text\" ><p><strong>3. Sube tu chat a zapptales \ud83d\udd10<\/strong><br \/>\nEnv\u00eda el chat deseado desde tu ordenador al software de zapptales. \u00a1Siguiendo nuestras instrucciones paso a paso es muy f\u00e1cil! A continuaci\u00f3n recibir\u00e1s tus datos de acceso por email.<\/p>\n<\/div><\/section><\/div><div class=\"flex_column av_two_fifth  flex_column_div av-zero-column-padding   avia-builder-el-30  el_after_av_three_fifth  el_before_av_hr  \" style='border-radius:0px; '><div  class='avia-image-container  av-styling-    avia-builder-el-31  avia-builder-el-no-sibling  avia-align-center '  itemprop=\"image\" itemscope=\"itemscope\" itemtype=\"https:\/\/schema.org\/ImageObject\"  ><div class='avia-image-container-inner'><div class='avia-image-overlay-wrap'><img class='avia_image' src='https:\/\/www.zapptales.com\/wp-content\/uploads\/2020\/05\/WhatsApp-Chat-mit-der-zapptales-Software-und-dem-Smartphone-hochladen-2.jpg' alt='WhatsApp Chat mit der zapptales Software und dem Smartphone hochladen' title='WhatsApp Chat mit der zapptales Software und dem Smartphone hochladen' height=\"433\" width=\"800\"  itemprop=\"thumbnailUrl\"  \/><\/div><\/div><\/div><\/div><div   class='hr hr-default   avia-builder-el-32  el_after_av_two_fifth  el_before_av_three_fifth '><span class='hr-inner ' ><span class='hr-inner-style'><\/span><\/span><\/div>\n<div class=\"flex_column av_three_fifth  flex_column_div av-zero-column-padding first  avia-builder-el-33  el_after_av_hr  el_before_av_two_fifth  \" style='border-radius:0px; '><section class=\"av_textblock_section \"  itemscope=\"itemscope\" itemtype=\"https:\/\/schema.org\/CreativeWork\" ><div class='avia_textblock  '   itemprop=\"text\" ><p><strong>4. Personaliza tu libro \ud83d\udcd6\u270f\ufe0f<\/strong><br \/>\nInicia sesi\u00f3n en tu p\u00e1gina de edici\u00f3n personal. \u00a1Ahora podr\u00e1s editar tu libro iMessage c\u00f3mo a ti m\u00e1s te guste! Personaliza la portada, escribe una dedicatoria, edita los mensajes, selecciona un fondo para el chat, \u00a1y mucho m\u00e1s!<\/p>\n<\/div><\/section><\/div><div class=\"flex_column av_two_fifth  flex_column_div av-zero-column-padding   avia-builder-el-35  el_after_av_three_fifth  el_before_av_hr  \" style='border-radius:0px; '><div  class='avia-image-container  av-styling-    avia-builder-el-36  avia-builder-el-no-sibling  avia-align-center '  itemprop=\"image\" itemscope=\"itemscope\" itemtype=\"https:\/\/schema.org\/ImageObject\"  ><div class='avia-image-container-inner'><div class='avia-image-overlay-wrap'><img class='avia_image' src='https:\/\/www.zapptales.com\/wp-content\/uploads\/2020\/02\/WhatsApp-Chat-Buch-gestalten.jpg' alt='WhatsApp Chat Buch gestalten' title='WhatsApp-Chat-Buch-gestalten' height=\"433\" width=\"800\"  itemprop=\"thumbnailUrl\"  \/><\/div><\/div><\/div><\/div><div   class='hr hr-default   avia-builder-el-37  el_after_av_two_fifth  el_before_av_three_fifth '><span class='hr-inner ' ><span class='hr-inner-style'><\/span><\/span><\/div>\n<div class=\"flex_column av_three_fifth  flex_column_div av-zero-column-padding first  avia-builder-el-38  el_after_av_hr  el_before_av_two_fifth  \" style='border-radius:0px; '><section class=\"av_textblock_section \"  itemscope=\"itemscope\" itemtype=\"https:\/\/schema.org\/CreativeWork\" ><div class='avia_textblock  '   itemprop=\"text\" ><p><strong>5. Disfruta tu libro zapptales \ud83c\udf80<\/strong><br \/>\nUna vez has revisado la vista previa de tu libro y realizado el pedido, podr\u00e1s esperar con ilusi\u00f3n a que te llegue tu paquete. En pocos d\u00edas recibir\u00e1s el libro m\u00e1s personal del mundo.<\/p>\n<\/div><\/section><\/div><div class=\"flex_column av_two_fifth  flex_column_div av-zero-column-padding   avia-builder-el-40  el_after_av_three_fifth  el_before_av_hr  \" style='border-radius:0px; '><div  class='avia-image-container  av-styling-    avia-builder-el-41  avia-builder-el-no-sibling  avia-align-center '  itemprop=\"image\" itemscope=\"itemscope\" itemtype=\"https:\/\/schema.org\/ImageObject\"  ><div class='avia-image-container-inner'><div class='avia-image-overlay-wrap'><img class='avia_image' src='https:\/\/www.zapptales.com\/wp-content\/uploads\/2018\/07\/4.jpg' alt='WhatsApp Verlauf als gedrucktes Buch' title='WhatsApp Verlauf als gedrucktes Buch' height=\"433\" width=\"800\"  itemprop=\"thumbnailUrl\"  \/><\/div><\/div><\/div><\/div><div  style='height:1px; margin-top:-8px'  class='hr hr-invisible   avia-builder-el-42  el_after_av_two_fifth  avia-builder-el-last '><span class='hr-inner ' ><span class='hr-inner-style'><\/span><\/span><\/div>\n\n<\/div><\/div><\/div><!-- close content main div --><\/div><\/div><div id='av_section_4'  class='avia-section main_color avia-section-no-padding avia-no-border-styling av-section-color-overlay-active avia-bg-style-scroll  avia-builder-el-43  el_after_av_section  el_before_av_section  wbq_hide_on_desktop  container_wrap fullsize' style=' '  ><div class='av-section-color-overlay-wrap'><div class='av-section-color-overlay' style='opacity: 0.5; background-color: #f0e6dc; '><\/div><div class='container' ><div class='template-page content  av-content-full alpha units'><div class='post-entry post-entry-type-page post-entry-56222'><div class='entry-content-wrapper clearfix'>\n<div  style=' margin-top:45px; margin-bottom:45px;'  class='hr hr-custom hr-center hr-icon-no   avia-builder-el-44  el_before_av_textblock  avia-builder-el-first '><span class='hr-inner   inner-border-av-border-thin' style=' width:800; border-color:#780091;' ><span class='hr-inner-style'><\/span><\/span><\/div>\n<section class=\"av_textblock_section \"  itemscope=\"itemscope\" itemtype=\"https:\/\/schema.org\/CreativeWork\" ><div class='avia_textblock  '   itemprop=\"text\" ><h2 style=\"color: #780091; text-align: center;\">\u00a1Ahora te toca a ti!<\/h2>\n<p style=\"margin-bottom: 30px !important; text-align: center;\">Es muy f\u00e1cil \ud83d\ude09<\/p>\n<p style=\"text-align: center;\">Instala el software de zapptales en tu ordenador:<\/p>\n<p style=\"text-align: center;\">\u21e8 Abre zapptales.com en tu ordenador<br \/>\n\u21e8 Haz clic sobre \u201cCrea tu libro\u201d<br \/>\n\u21e8 Haz clic sobre el logo de iMessage<br \/>\n\u21e8 Descarga el software de zapptales<\/p>\n<\/div><\/section>\n<div  style=' margin-top:20px; margin-bottom:45px;'  class='hr hr-custom hr-center hr-icon-no   avia-builder-el-46  el_after_av_textblock  avia-builder-el-last '><span class='hr-inner   inner-border-av-border-thin' style=' width:800; border-color:#780091;' ><span class='hr-inner-style'><\/span><\/span><\/div>\n\n<\/div><\/div><\/div><!-- close content main div --><\/div><\/div><\/div><div id='av_section_5'  class='avia-section main_color avia-section-default avia-no-border-styling avia-bg-style-scroll  avia-builder-el-47  el_after_av_section  el_before_av_section  wbq_hide_on_desktop  container_wrap fullsize' style=' '  ><div class='container' ><div class='template-page content  av-content-full alpha units'><div class='post-entry post-entry-type-page post-entry-56222'><div class='entry-content-wrapper clearfix'>\n<div  style='height:45px' class='hr hr-invisible   avia-builder-el-48  el_before_av_textblock  avia-builder-el-first '><span class='hr-inner ' ><span class='hr-inner-style'><\/span><\/span><\/div>\n<section class=\"av_textblock_section \"  itemscope=\"itemscope\" itemtype=\"https:\/\/schema.org\/CreativeWork\" ><div class='avia_textblock  '   itemprop=\"text\" ><h2 style=\"text-align: left;\">Estamos aqu\u00ed para ayudarte<\/h2>\n<\/div><\/section>\n<div  style='height:15px' class='hr hr-invisible   avia-builder-el-50  el_after_av_textblock  el_before_av_image '><span class='hr-inner ' ><span class='hr-inner-style'><\/span><\/span><\/div>\n<div  class='avia-image-container  av-styling-    avia-builder-el-51  el_after_av_hr  el_before_av_textblock  avia-align-center '  itemprop=\"image\" itemscope=\"itemscope\" itemtype=\"https:\/\/schema.org\/ImageObject\"  ><div class='avia-image-container-inner'><div class='avia-image-overlay-wrap'><img class='avia_image' src='https:\/\/www.zapptales.com\/wp-content\/uploads\/2019\/01\/Kundensupport.png' alt='Kundensupport' title='Kundensupport' height=\"128\" width=\"128\"  itemprop=\"thumbnailUrl\"  \/><\/div><\/div><\/div>\n<section class=\"av_textblock_section \"  itemscope=\"itemscope\" itemtype=\"https:\/\/schema.org\/CreativeWork\" ><div class='avia_textblock  '   itemprop=\"text\" ><p style=\"text-align: left;\">En la p\u00e1gina de edici\u00f3n de tu chat te espera un tutorial que te explicar\u00e1 paso a paso c\u00f3mo personalizar tu libro.<br \/>\nAdem\u00e1s, nuestro equipo de soporte t\u00e9cnico estar\u00e1 encantado de ayudarte en cualquier momento a trav\u00e9s del Live-Chat o por email:\u00a0<a href=\"mailto:support@zapptales.com?subject=Anfrage%20ueber%20\/es\/crea-tu-libro-chat\/(E-Mail%20Mobile)\">support@zapptales.com<\/a><\/p>\n<\/div><\/section>\n\n<\/div><\/div><\/div><!-- close content main div --><\/div><\/div><div id='av_section_6'  class='avia-section main_color avia-section-default avia-no-border-styling av-section-color-overlay-active avia-bg-style-fixed  avia-builder-el-53  el_after_av_section  avia-builder-el-last   container_wrap fullsize' style='background-color: #f0e6dc;  '  ><div class='av-section-color-overlay-wrap'><div class='av-section-color-overlay' style='opacity: 0.5; background-image: url(https:\/\/www.zapptales.com\/wp-content\/uploads\/2016\/03\/symphony.png); background-repeat: repeat;'><\/div><div class='container' ><div class='template-page content  av-content-full alpha units'><div class='post-entry post-entry-type-page post-entry-56222'><div class='entry-content-wrapper clearfix'>\n<div  style='height:45px' class='hr hr-invisible   avia-builder-el-54  el_before_av_one_full  avia-builder-el-first '><span class='hr-inner ' ><span class='hr-inner-style'><\/span><\/span><\/div>\n<div class=\"flex_column av_one_full  flex_column_div av-zero-column-padding first  avia-builder-el-55  el_after_av_hr  el_before_av_one_full  \" style='border-radius:0px; '><section class=\"av_textblock_section \"  itemscope=\"itemscope\" itemtype=\"https:\/\/schema.org\/CreativeWork\" ><div class='avia_textblock  '   itemprop=\"text\" ><h2>Es bueno saber<\/h2>\n<\/div><\/section><\/div><div class=\"flex_column av_one_full  flex_column_div av-zero-column-padding first  avia-builder-el-57  el_after_av_one_full  avia-builder-el-last  column-top-margin\" style='border-radius:0px; '><div  class=\"togglecontainer   toggle_close_all  avia-builder-el-58  avia-builder-el-no-sibling \" >\n<section class=\"av_toggle_section\"  itemscope=\"itemscope\" itemtype=\"https:\/\/schema.org\/CreativeWork\"  >    <div class=\"single_toggle\" data-tags=\"{All} \"  >        <p data-fake-id=\"#toggle-id-1\" class=\"toggler \"  itemprop=\"headline\"    role=\"tab\" tabindex=\"0\" aria-controls=\"toggle-id-1\">Tus datos te pertenecen a ti<span class=\"toggle_icon\" >        <span class=\"vert_icon\"><\/span><span class=\"hor_icon\"><\/span><\/span><\/p>        <div id=\"toggle-id-1-container\" class=\"toggle_wrap \"  >            <div class=\"toggle_content invers-color \"  itemprop=\"text\"   ><p>Mantener tus datos seguros y respetar tu privacidad es muy importante para nosotros.<\/p>\n<p>El proceso de generaci\u00f3n de tu libro WhatsApp est\u00e1 completamente automatizado \u2013 desde la subida de tus datos hasta que te llegue el libro a casa. Por tanto, a parte de ti nadie podr\u00e1 ver tus datos.<\/p>\n<p>Utilizamos encriptaci\u00f3n SSL en nuestra p\u00e1gina web para asegurar la protecci\u00f3n de tus datos. \u00c9stos se guardan en servidores de alta seguridad situados en Alemania.<\/p>\n<p>Adem\u00e1s, tus datos s\u00f3lo se guardar\u00e1n durante 4 semanas desde la \u00faltima vez que edites tu libro. Una vez pasado este plazo tus datos se eliminar\u00e1n autom\u00e1ticamente. Si quieres, tambi\u00e9n puedes borrar tus datos en cualquier momento utilizando la funci\u00f3n \u201cBorrar chat\u201d en la p\u00e1gina de edici\u00f3n de tu chat.<\/p>\n            <\/div>        <\/div>    <\/div><\/section>\n<section class=\"av_toggle_section\"  itemscope=\"itemscope\" itemtype=\"https:\/\/schema.org\/CreativeWork\"  >    <div class=\"single_toggle\" data-tags=\"{All} \"  >        <p data-fake-id=\"#toggle-id-2\" class=\"toggler \"  itemprop=\"headline\"    role=\"tab\" tabindex=\"0\" aria-controls=\"toggle-id-2\">Puedes probarlo sin coste alguno<span class=\"toggle_icon\" >        <span class=\"vert_icon\"><\/span><span class=\"hor_icon\"><\/span><\/span><\/p>        <div id=\"toggle-id-2-container\" class=\"toggle_wrap \"  >            <div class=\"toggle_content invers-color \"  itemprop=\"text\"   ><p>El uso de nuestras apps y de nuestro software para personalizar tu libro es completamente gratuito. \u00a1Pru\u00e9balo!<\/p>\n<p>S\u00f3lo realizar\u00e1s un pago si te decides por imprimir tu libro zapptales.<\/p>\n            <\/div>        <\/div>    <\/div><\/section>\n<\/div><\/div>\n\n","protected":false},"excerpt":{"rendered":"","protected":false},"author":5,"featured_media":0,"parent":0,"menu_order":0,"comment_status":"closed","ping_status":"closed","template":"","meta":[],"_links":{"self":[{"href":"https:\/\/www.zapptales.com\/it\/wp-json\/wp\/v2\/pages\/56222\/"}],"collection":[{"href":"https:\/\/www.zapptales.com\/it\/wp-json\/wp\/v2\/pages\/"}],"about":[{"href":"https:\/\/www.zapptales.com\/it\/wp-json\/wp\/v2\/types\/page\/"}],"author":[{"embeddable":true,"href":"https:\/\/www.zapptales.com\/it\/wp-json\/wp\/v2\/users\/5\/"}],"replies":[{"embeddable":true,"href":"https:\/\/www.zapptales.com\/it\/wp-json\/wp\/v2\/comments\/?post=56222"}],"version-history":[{"count":0,"href":"https:\/\/www.zapptales.com\/it\/wp-json\/wp\/v2\/pages\/56222\/revisions\/"}],"wp:attachment":[{"href":"https:\/\/www.zapptales.com\/it\/wp-json\/wp\/v2\/media\/?parent=56222"}],"curies":[{"name":"wp","href":"https:\/\/api.w.org\/{rel}","templated":true}]}}